{"id":8033,"date":"2024-01-22T16:45:55","date_gmt":"2024-01-22T15:45:55","guid":{"rendered":"https:\/\/normandybeachrace.com\/?post_type=product&#038;p=8033"},"modified":"2025-12-20T14:02:59","modified_gmt":"2025-12-20T13:02:59","slug":"patch-rod-speed","status":"publish","type":"product","link":"https:\/\/normandybeachrace.com\/fr\/produit\/patch-rod-speed\/","title":{"rendered":"Patch \u2013 Rod Speed"},"content":{"rendered":"<p>Patch \u00e0 l\u2019ancienne r\u00e9alis\u00e9 en feutre de laine \u00e9cru color\u00e9 dans la masse avec une s\u00e9rigraphie rouge fonc\u00e9e<br \/>\nDimensions : 10 X 4,5 cm<br \/>\nIncluant film thermocollant \u00e0 appliquer au fer, couture recommand\u00e9e.<br \/>\nMade in France<\/p>\n","protected":false},"excerpt":{"rendered":"<p>Patch \u00e0 l\u2019ancienne r\u00e9alis\u00e9 en feutre de laine \u00e9cru color\u00e9 dans la masse avec une s\u00e9rigraphie rouge fonc\u00e9e<br \/>\nDimensions : 10 X 4,5 cm<br \/>\nIncluant film thermocollant \u00e0 appliquer au fer, couture recommand\u00e9e.<br \/>\nMade in France<\/p>\n","protected":false},"featured_media":8040,"comment_status":"open","ping_status":"closed","template":"","meta":[],"product_brand":[],"product_cat":[159],"product_tag":[161],"class_list":{"0":"post-8033","1":"product","2":"type-product","3":"status-publish","4":"has-post-thumbnail","6":"product_cat-patch","7":"product_tag-patch","8":"product_shipping_class-patch","10":"first","11":"outofstock","12":"taxable","13":"shipping-taxable","14":"purchasable","15":"product-type-simple"},"_links":{"self":[{"href":"https:\/\/normandybeachrace.com\/fr\/wp-json\/wp\/v2\/product\/8033","targetHints":{"allow":["GET"]}}],"collection":[{"href":"https:\/\/normandybeachrace.com\/fr\/wp-json\/wp\/v2\/product"}],"about":[{"href":"https:\/\/normandybeachrace.com\/fr\/wp-json\/wp\/v2\/types\/product"}],"replies":[{"embeddable":true,"href":"https:\/\/normandybeachrace.com\/fr\/wp-json\/wp\/v2\/comments?post=8033"}],"wp:featuredmedia":[{"embeddable":true,"href":"https:\/\/normandybeachrace.com\/fr\/wp-json\/wp\/v2\/media\/8040"}],"wp:attachment":[{"href":"https:\/\/normandybeachrace.com\/fr\/wp-json\/wp\/v2\/media?parent=8033"}],"wp:term":[{"taxonomy":"product_brand","embeddable":true,"href":"https:\/\/normandybeachrace.com\/fr\/wp-json\/wp\/v2\/product_brand?post=8033"},{"taxonomy":"product_cat","embeddable":true,"href":"https:\/\/normandybeachrace.com\/fr\/wp-json\/wp\/v2\/product_cat?post=8033"},{"taxonomy":"product_tag","embeddable":true,"href":"https:\/\/normandybeachrace.com\/fr\/wp-json\/wp\/v2\/product_tag?post=8033"}],"curies":[{"name":"wp","href":"https:\/\/api.w.org\/{rel}","templated":true}]}}