{"id":7800,"date":"2023-11-08T11:59:48","date_gmt":"2023-11-08T10:59:48","guid":{"rendered":"https:\/\/normandybeachrace.com\/?post_type=product&#038;p=7800"},"modified":"2025-09-15T15:13:24","modified_gmt":"2025-09-15T13:13:24","slug":"fanion-flash-bleu-et-blanc","status":"publish","type":"product","link":"https:\/\/normandybeachrace.com\/fr\/produit\/fanion-flash-bleu-et-blanc\/","title":{"rendered":"Fanion Flash Bleu et Blanc"},"content":{"rendered":"<p>Au design foudroyant \u26a1\ufe0f\u26a1\ufe0f\u26a1<\/p>\n<p>Marquage recto en s\u00e9rigraphie Blanche patin\u00e9e sur feutre bleu fonc\u00e9 color\u00e9 dans la masse.<br \/>\nDimension 30 x 17 cm hors attaches.<br \/>\nMade in FRANCE.<\/p>\n<p>Les fanions sont exp\u00e9di\u00e9s roul\u00e9s sans aucune pliure.<br \/>\nSi vous souhaitez acheter plusieurs articles, vous pouvez faire une demande par mail afin de minimiser les frais de port.<\/p>\n","protected":false},"excerpt":{"rendered":"<p>Au design foudroyant \u26a1\ufe0f\u26a1\ufe0f\u26a1<\/p>\n<p>Marquage recto en s\u00e9rigraphie Blanche patin\u00e9e sur feutre bleu fonc\u00e9 color\u00e9 dans la masse.<br \/>\nDimension 30 x 17 cm hors attaches.<br \/>\nMade in FRANCE.<\/p>\n","protected":false},"featured_media":7814,"comment_status":"open","ping_status":"closed","template":"","meta":[],"product_brand":[],"product_cat":[123],"product_tag":[127],"class_list":{"0":"post-7800","1":"product","2":"type-product","3":"status-publish","4":"has-post-thumbnail","6":"product_cat-fanion","7":"product_tag-pennant","8":"product_shipping_class-fanion","10":"first","11":"outofstock","12":"taxable","13":"shipping-taxable","14":"purchasable","15":"product-type-variable"},"_links":{"self":[{"href":"https:\/\/normandybeachrace.com\/fr\/wp-json\/wp\/v2\/product\/7800","targetHints":{"allow":["GET"]}}],"collection":[{"href":"https:\/\/normandybeachrace.com\/fr\/wp-json\/wp\/v2\/product"}],"about":[{"href":"https:\/\/normandybeachrace.com\/fr\/wp-json\/wp\/v2\/types\/product"}],"replies":[{"embeddable":true,"href":"https:\/\/normandybeachrace.com\/fr\/wp-json\/wp\/v2\/comments?post=7800"}],"wp:featuredmedia":[{"embeddable":true,"href":"https:\/\/normandybeachrace.com\/fr\/wp-json\/wp\/v2\/media\/7814"}],"wp:attachment":[{"href":"https:\/\/normandybeachrace.com\/fr\/wp-json\/wp\/v2\/media?parent=7800"}],"wp:term":[{"taxonomy":"product_brand","embeddable":true,"href":"https:\/\/normandybeachrace.com\/fr\/wp-json\/wp\/v2\/product_brand?post=7800"},{"taxonomy":"product_cat","embeddable":true,"href":"https:\/\/normandybeachrace.com\/fr\/wp-json\/wp\/v2\/product_cat?post=7800"},{"taxonomy":"product_tag","embeddable":true,"href":"https:\/\/normandybeachrace.com\/fr\/wp-json\/wp\/v2\/product_tag?post=7800"}],"curies":[{"name":"wp","href":"https:\/\/api.w.org\/{rel}","templated":true}]}}