{"id":7784,"date":"2023-11-08T11:43:06","date_gmt":"2023-11-08T10:43:06","guid":{"rendered":"https:\/\/normandybeachrace.com\/?post_type=product&#038;p=7784"},"modified":"2025-09-15T15:14:01","modified_gmt":"2025-09-15T13:14:01","slug":"fanion-flash-jaune","status":"publish","type":"product","link":"https:\/\/normandybeachrace.com\/fr\/produit\/fanion-flash-jaune\/","title":{"rendered":"Fanion Flash Jaune et Noir"},"content":{"rendered":"<p>Au design foudroyant \u26a1\ufe0f\u26a1\ufe0f\u26a1<\/p>\n<p>Marquage recto en s\u00e9rigraphie jaune sur feutre noir color\u00e9 dans la masse.<br \/>\nDimension 30 x 17 cm hors attaches.<br \/>\nMade in FRANCE.<\/p>\n<p>Les fanions sont exp\u00e9di\u00e9s roul\u00e9s sans aucune pliure.<br \/>\nSi vous souhaitez acheter plusieurs articles, vous pouvez faire une demande par mail afin de minimiser les frais de port.<\/p>\n","protected":false},"excerpt":{"rendered":"<p>Au design foudroyant \u26a1\ufe0f\u26a1\ufe0f\u26a1<\/p>\n<p>Marquage recto en s\u00e9rigraphie jaune sur feutre noir color\u00e9 dans la masse.<br \/>\nDimension 30 x 17 cm hors attaches.<br \/>\nMade in FRANCE.<\/p>\n","protected":false},"featured_media":7794,"comment_status":"open","ping_status":"closed","template":"","meta":[],"product_brand":[],"product_cat":[123],"product_tag":[124],"class_list":{"0":"post-7784","1":"product","2":"type-product","3":"status-publish","4":"has-post-thumbnail","6":"product_cat-fanion","7":"product_tag-fanion","8":"product_shipping_class-fanion","10":"first","11":"outofstock","12":"taxable","13":"shipping-taxable","14":"purchasable","15":"product-type-variable"},"_links":{"self":[{"href":"https:\/\/normandybeachrace.com\/fr\/wp-json\/wp\/v2\/product\/7784","targetHints":{"allow":["GET"]}}],"collection":[{"href":"https:\/\/normandybeachrace.com\/fr\/wp-json\/wp\/v2\/product"}],"about":[{"href":"https:\/\/normandybeachrace.com\/fr\/wp-json\/wp\/v2\/types\/product"}],"replies":[{"embeddable":true,"href":"https:\/\/normandybeachrace.com\/fr\/wp-json\/wp\/v2\/comments?post=7784"}],"wp:featuredmedia":[{"embeddable":true,"href":"https:\/\/normandybeachrace.com\/fr\/wp-json\/wp\/v2\/media\/7794"}],"wp:attachment":[{"href":"https:\/\/normandybeachrace.com\/fr\/wp-json\/wp\/v2\/media?parent=7784"}],"wp:term":[{"taxonomy":"product_brand","embeddable":true,"href":"https:\/\/normandybeachrace.com\/fr\/wp-json\/wp\/v2\/product_brand?post=7784"},{"taxonomy":"product_cat","embeddable":true,"href":"https:\/\/normandybeachrace.com\/fr\/wp-json\/wp\/v2\/product_cat?post=7784"},{"taxonomy":"product_tag","embeddable":true,"href":"https:\/\/normandybeachrace.com\/fr\/wp-json\/wp\/v2\/product_tag?post=7784"}],"curies":[{"name":"wp","href":"https:\/\/api.w.org\/{rel}","templated":true}]}}