{"id":7774,"date":"2023-11-08T11:25:47","date_gmt":"2023-11-08T10:25:47","guid":{"rendered":"https:\/\/normandybeachrace.com\/?post_type=product&#038;p=7774"},"modified":"2025-12-21T03:58:44","modified_gmt":"2025-12-21T02:58:44","slug":"fanion-checkered","status":"publish","type":"product","link":"https:\/\/normandybeachrace.com\/fr\/produit\/fanion-checkered\/","title":{"rendered":"Fanion Checkered"},"content":{"rendered":"<p>Gentlemen, start your engine \ud83c\udfc1\ud83c\udfc1\ud83c\udfc1<\/p>\n<p>Marquage recto en s\u00e9rigraphie bordeaux sur feutre de laine cr\u00e8me color\u00e9 dans la masse.<br \/>\nDimension 57 X 20,5 cm hors attaches.<br \/>\nMade in FRANCE.<\/p>\n<p>Les fanions sont exp\u00e9di\u00e9s roul\u00e9s sans aucune pliure.<br \/>\nSi vous souhaitez acheter plusieurs articles, vous pouvez faire une demande par mail afin de minimiser les frais de port.<\/p>\n","protected":false},"excerpt":{"rendered":"<p>Gentlemen, start your engine \ud83c\udfc1\ud83c\udfc1\ud83c\udfc1<\/p>\n<p>Marquage recto en s\u00e9rigraphie bordeaux sur feutre de laine cr\u00e8me color\u00e9 dans la masse.<br \/>\nDimension 57 X 20,5 cm hors attaches.<\/p>\n<p>Made in FRANCE.<\/p>\n","protected":false},"featured_media":7776,"comment_status":"open","ping_status":"closed","template":"","meta":[],"product_brand":[],"product_cat":[123],"product_tag":[127],"class_list":{"0":"post-7774","1":"product","2":"type-product","3":"status-publish","4":"has-post-thumbnail","6":"product_cat-fanion","7":"product_tag-pennant","8":"product_shipping_class-fanion","10":"first","11":"outofstock","12":"taxable","13":"shipping-taxable","14":"purchasable","15":"product-type-simple"},"_links":{"self":[{"href":"https:\/\/normandybeachrace.com\/fr\/wp-json\/wp\/v2\/product\/7774","targetHints":{"allow":["GET"]}}],"collection":[{"href":"https:\/\/normandybeachrace.com\/fr\/wp-json\/wp\/v2\/product"}],"about":[{"href":"https:\/\/normandybeachrace.com\/fr\/wp-json\/wp\/v2\/types\/product"}],"replies":[{"embeddable":true,"href":"https:\/\/normandybeachrace.com\/fr\/wp-json\/wp\/v2\/comments?post=7774"}],"wp:featuredmedia":[{"embeddable":true,"href":"https:\/\/normandybeachrace.com\/fr\/wp-json\/wp\/v2\/media\/7776"}],"wp:attachment":[{"href":"https:\/\/normandybeachrace.com\/fr\/wp-json\/wp\/v2\/media?parent=7774"}],"wp:term":[{"taxonomy":"product_brand","embeddable":true,"href":"https:\/\/normandybeachrace.com\/fr\/wp-json\/wp\/v2\/product_brand?post=7774"},{"taxonomy":"product_cat","embeddable":true,"href":"https:\/\/normandybeachrace.com\/fr\/wp-json\/wp\/v2\/product_cat?post=7774"},{"taxonomy":"product_tag","embeddable":true,"href":"https:\/\/normandybeachrace.com\/fr\/wp-json\/wp\/v2\/product_tag?post=7774"}],"curies":[{"name":"wp","href":"https:\/\/api.w.org\/{rel}","templated":true}]}}