{"id":7243,"date":"2023-05-17T11:15:30","date_gmt":"2023-05-17T09:15:30","guid":{"rendered":"https:\/\/normandybeachrace.com\/?post_type=product&#038;p=7243"},"modified":"2025-09-15T15:04:32","modified_gmt":"2025-09-15T13:04:32","slug":"affiche2023","status":"publish","type":"product","link":"https:\/\/normandybeachrace.com\/fr\/produit\/affiche2023\/","title":{"rendered":"Affiche 2023"},"content":{"rendered":"<p>Affiche Officielle de la <strong>Normandy Beach Race 2023<\/strong><br \/>\nImprim\u00e9e sur un superbe papier Tradition<br \/>\net r\u00e9alis\u00e9e par le talentueux <strong>Lorenzo Eroticolor<\/strong>.<br \/>\nDimensions\u00a0: 40 x 60 cm<\/p>\n<p>Les affiches sont exp\u00e9di\u00e9es roul\u00e9es dans un tube sans aucune pliure.<br \/>\nSi vous souhaitez acheter plusieurs articles, vous pouvez faire une demande par mail afin de minimiser les frais de port.<\/p>\n<p>Les affiches 2023 sont \u00e9galement disponibles en magasin aux adresses Suivantes :<\/p>\n<p>Epicerie l\u2019Heure des Mets<br \/>\n44, avenue de la mer<br \/>\n14150 Ouistreham<br \/>\nTel : 0250012987<\/p>\n<p>&#038;<\/p>\n<p>Milles et une chose<br \/>\nFerme du bois l\u2019\u00e9picier<br \/>\n78550 Maulette<br \/>\nTel : 0681282055<\/p>\n","protected":false},"excerpt":{"rendered":"<p>Affiche Officielle de la <strong>Normandy Beach Race 2023<\/strong><br \/>\nImprim\u00e9e sur un superbe papier Tradition<br \/>\net r\u00e9alis\u00e9e par le talentueux <strong>Lorenzo Eroticolor<\/strong>.<br \/>\nDimensions\u00a0: 40 x 60 cm<\/p>\n","protected":false},"featured_media":7244,"comment_status":"open","ping_status":"closed","template":"","meta":[],"product_brand":[],"product_cat":[92],"product_tag":[],"class_list":{"0":"post-7243","1":"product","2":"type-product","3":"status-publish","4":"has-post-thumbnail","6":"product_cat-affiches","7":"product_shipping_class-affiche","9":"first","10":"outofstock","11":"taxable","12":"shipping-taxable","13":"purchasable","14":"product-type-simple"},"_links":{"self":[{"href":"https:\/\/normandybeachrace.com\/fr\/wp-json\/wp\/v2\/product\/7243","targetHints":{"allow":["GET"]}}],"collection":[{"href":"https:\/\/normandybeachrace.com\/fr\/wp-json\/wp\/v2\/product"}],"about":[{"href":"https:\/\/normandybeachrace.com\/fr\/wp-json\/wp\/v2\/types\/product"}],"replies":[{"embeddable":true,"href":"https:\/\/normandybeachrace.com\/fr\/wp-json\/wp\/v2\/comments?post=7243"}],"wp:featuredmedia":[{"embeddable":true,"href":"https:\/\/normandybeachrace.com\/fr\/wp-json\/wp\/v2\/media\/7244"}],"wp:attachment":[{"href":"https:\/\/normandybeachrace.com\/fr\/wp-json\/wp\/v2\/media?parent=7243"}],"wp:term":[{"taxonomy":"product_brand","embeddable":true,"href":"https:\/\/normandybeachrace.com\/fr\/wp-json\/wp\/v2\/product_brand?post=7243"},{"taxonomy":"product_cat","embeddable":true,"href":"https:\/\/normandybeachrace.com\/fr\/wp-json\/wp\/v2\/product_cat?post=7243"},{"taxonomy":"product_tag","embeddable":true,"href":"https:\/\/normandybeachrace.com\/fr\/wp-json\/wp\/v2\/product_tag?post=7243"}],"curies":[{"name":"wp","href":"https:\/\/api.w.org\/{rel}","templated":true}]}}