{"id":6210,"date":"2021-06-25T10:17:44","date_gmt":"2021-06-25T08:17:44","guid":{"rendered":"https:\/\/normandybeachrace.com\/?post_type=product&#038;p=6210"},"modified":"2025-12-21T07:38:35","modified_gmt":"2025-12-21T06:38:35","slug":"fanion-bordeaux","status":"publish","type":"product","link":"https:\/\/normandybeachrace.com\/fr\/produit\/fanion-bordeaux\/","title":{"rendered":"Fanion de la Normandy Beach Race"},"content":{"rendered":"<p>Marquage recto en s\u00e9rigraphie cr\u00e8me sur feutre de laine bordeaux color\u00e9 dans la masse.<br \/>\nDimension 59 X 21,5 cm hors attaches en feutre.<br \/>\nMade in FRANCE.<\/p>\n<p>Les fanions sont exp\u00e9di\u00e9s roul\u00e9s sans aucune pliure.<br \/>\nSi vous souhaitez acheter plusieurs articles, vous pouvez faire une demande par mail afin de minimiser les frais de port.<\/p>\n","protected":false},"excerpt":{"rendered":"<p>Marquage recto en s\u00e9rigraphie cr\u00e8me sur feutre de laine bordeaux color\u00e9 dans la masse.<br \/>\nDimension 59 X 21,5 cm hors attaches en feutre.<br \/>\nMade in FRANCE.<\/p>\n","protected":false},"featured_media":6213,"comment_status":"open","ping_status":"closed","template":"","meta":[],"product_brand":[],"product_cat":[123],"product_tag":[127],"class_list":{"0":"post-6210","1":"product","2":"type-product","3":"status-publish","4":"has-post-thumbnail","6":"product_cat-fanion","7":"product_tag-pennant","8":"product_shipping_class-fanion","10":"first","11":"outofstock","12":"taxable","13":"shipping-taxable","14":"purchasable","15":"product-type-simple"},"_links":{"self":[{"href":"https:\/\/normandybeachrace.com\/fr\/wp-json\/wp\/v2\/product\/6210","targetHints":{"allow":["GET"]}}],"collection":[{"href":"https:\/\/normandybeachrace.com\/fr\/wp-json\/wp\/v2\/product"}],"about":[{"href":"https:\/\/normandybeachrace.com\/fr\/wp-json\/wp\/v2\/types\/product"}],"replies":[{"embeddable":true,"href":"https:\/\/normandybeachrace.com\/fr\/wp-json\/wp\/v2\/comments?post=6210"}],"wp:featuredmedia":[{"embeddable":true,"href":"https:\/\/normandybeachrace.com\/fr\/wp-json\/wp\/v2\/media\/6213"}],"wp:attachment":[{"href":"https:\/\/normandybeachrace.com\/fr\/wp-json\/wp\/v2\/media?parent=6210"}],"wp:term":[{"taxonomy":"product_brand","embeddable":true,"href":"https:\/\/normandybeachrace.com\/fr\/wp-json\/wp\/v2\/product_brand?post=6210"},{"taxonomy":"product_cat","embeddable":true,"href":"https:\/\/normandybeachrace.com\/fr\/wp-json\/wp\/v2\/product_cat?post=6210"},{"taxonomy":"product_tag","embeddable":true,"href":"https:\/\/normandybeachrace.com\/fr\/wp-json\/wp\/v2\/product_tag?post=6210"}],"curies":[{"name":"wp","href":"https:\/\/api.w.org\/{rel}","templated":true}]}}