{"id":5984,"date":"2021-06-07T17:39:07","date_gmt":"2021-06-07T16:39:07","guid":{"rendered":"https:\/\/normandybeachrace.com\/?post_type=product&#038;p=5984"},"modified":"2023-05-31T22:51:55","modified_gmt":"2023-05-31T20:51:55","slug":"affiche-2021","status":"publish","type":"product","link":"https:\/\/normandybeachrace.com\/fr\/produit\/affiche-2021\/","title":{"rendered":"Affiche 2021"},"content":{"rendered":"<p>Affiche Officielle de la <strong>Normandy Beach Race 2021<\/strong><br \/>\nImprim\u00e9e sur un superbe papier Tradition<br \/>\net r\u00e9alis\u00e9e par le talentueux <strong>Lorenzo Eroticolor<\/strong>.<br \/>\nDimensions\u00a0: 40 x 60 cm<\/p>\n<p>Les affiches sont exp\u00e9di\u00e9es roul\u00e9es dans un tube carton.<br \/>\nSi vous souhaitez acheter plusieurs articles, vous pouvez faire une demande par mail afin de minimiser les frais de port.<\/p>\n","protected":false},"excerpt":{"rendered":"<p>Affiche Officielle de la <strong>Normandy Beach Race 2021<\/strong><br \/>\nImprim\u00e9e sur un superbe papier Tradition<br \/>\net r\u00e9alis\u00e9e par le talentueux <strong>Lorenzo Eroticolor<\/strong>.<br \/>\nDimensions\u00a0: 40 x 60 cm<\/p>\n","protected":false},"featured_media":5988,"comment_status":"open","ping_status":"closed","template":"","meta":[],"product_brand":[],"product_cat":[92,86],"product_tag":[],"class_list":{"0":"post-5984","1":"product","2":"type-product","3":"status-publish","4":"has-post-thumbnail","6":"product_cat-affiches","7":"product_cat-non-classifiee","8":"product_shipping_class-affiche","10":"first","11":"outofstock","12":"taxable","13":"shipping-taxable","14":"purchasable","15":"product-type-simple"},"_links":{"self":[{"href":"https:\/\/normandybeachrace.com\/fr\/wp-json\/wp\/v2\/product\/5984","targetHints":{"allow":["GET"]}}],"collection":[{"href":"https:\/\/normandybeachrace.com\/fr\/wp-json\/wp\/v2\/product"}],"about":[{"href":"https:\/\/normandybeachrace.com\/fr\/wp-json\/wp\/v2\/types\/product"}],"replies":[{"embeddable":true,"href":"https:\/\/normandybeachrace.com\/fr\/wp-json\/wp\/v2\/comments?post=5984"}],"wp:featuredmedia":[{"embeddable":true,"href":"https:\/\/normandybeachrace.com\/fr\/wp-json\/wp\/v2\/media\/5988"}],"wp:attachment":[{"href":"https:\/\/normandybeachrace.com\/fr\/wp-json\/wp\/v2\/media?parent=5984"}],"wp:term":[{"taxonomy":"product_brand","embeddable":true,"href":"https:\/\/normandybeachrace.com\/fr\/wp-json\/wp\/v2\/product_brand?post=5984"},{"taxonomy":"product_cat","embeddable":true,"href":"https:\/\/normandybeachrace.com\/fr\/wp-json\/wp\/v2\/product_cat?post=5984"},{"taxonomy":"product_tag","embeddable":true,"href":"https:\/\/normandybeachrace.com\/fr\/wp-json\/wp\/v2\/product_tag?post=5984"}],"curies":[{"name":"wp","href":"https:\/\/api.w.org\/{rel}","templated":true}]}}