{"id":5548,"date":"2020-09-13T19:36:44","date_gmt":"2020-09-13T17:36:44","guid":{"rendered":"https:\/\/normandybeachrace.com\/?post_type=product&#038;p=5548"},"modified":"2023-09-19T09:27:05","modified_gmt":"2023-09-19T07:27:05","slug":"t-shirt-normandy-beach-race-french-race","status":"publish","type":"product","link":"https:\/\/normandybeachrace.com\/fr\/produit\/t-shirt-normandy-beach-race-french-race\/","title":{"rendered":"T-shirt Normandy Beach Race \u201cFrench Race\u201d"},"content":{"rendered":"<p>Marquage recto en s\u00e9rigraphie Bleu et Rouge sur T-shirt cr\u00e8me avec liser\u00e9s Bleu marine.<br \/>\nT-shirt Unisex 100% coton qualit\u00e9 premium.<\/p>\n<p>Taille\u00a0: Nous vous recommandons de prendre une taille en-dessous de votre taille habituelle<\/p>\n<p><strong>Si vous souhaitez acheter plusieurs articles, vous pouvez faire une demande par mail afin de minimiser les frais de port.<\/strong><\/p>\n","protected":false},"excerpt":{"rendered":"<p>Marquage recto en s\u00e9rigraphie Bleu et Rouge sur T-shirt cr\u00e8me avec liser\u00e9s Bleu marine.<br \/>\nT-shirt Unisex 100% coton qualit\u00e9 premium.<\/p>\n<p>Taille\u00a0: Nous vous recommandons de prendre une taille en-dessous de votre taille habituelle<\/p>\n<p><strong>Si vous souhaitez acheter plusieurs articles, vous pouvez faire une demande par mail afin de minimiser les frais de port.<\/strong><\/p>\n","protected":false},"featured_media":5587,"comment_status":"open","ping_status":"closed","template":"","meta":[],"product_brand":[],"product_cat":[86,140],"product_tag":[74],"class_list":{"0":"post-5548","1":"product","2":"type-product","3":"status-publish","4":"has-post-thumbnail","6":"product_cat-non-classifiee","7":"product_cat-t-shirt","8":"product_tag-t-shirt","9":"product_shipping_class-t-shirt","11":"first","12":"outofstock","13":"taxable","14":"shipping-taxable","15":"purchasable","16":"product-type-variable"},"_links":{"self":[{"href":"https:\/\/normandybeachrace.com\/fr\/wp-json\/wp\/v2\/product\/5548","targetHints":{"allow":["GET"]}}],"collection":[{"href":"https:\/\/normandybeachrace.com\/fr\/wp-json\/wp\/v2\/product"}],"about":[{"href":"https:\/\/normandybeachrace.com\/fr\/wp-json\/wp\/v2\/types\/product"}],"replies":[{"embeddable":true,"href":"https:\/\/normandybeachrace.com\/fr\/wp-json\/wp\/v2\/comments?post=5548"}],"wp:featuredmedia":[{"embeddable":true,"href":"https:\/\/normandybeachrace.com\/fr\/wp-json\/wp\/v2\/media\/5587"}],"wp:attachment":[{"href":"https:\/\/normandybeachrace.com\/fr\/wp-json\/wp\/v2\/media?parent=5548"}],"wp:term":[{"taxonomy":"product_brand","embeddable":true,"href":"https:\/\/normandybeachrace.com\/fr\/wp-json\/wp\/v2\/product_brand?post=5548"},{"taxonomy":"product_cat","embeddable":true,"href":"https:\/\/normandybeachrace.com\/fr\/wp-json\/wp\/v2\/product_cat?post=5548"},{"taxonomy":"product_tag","embeddable":true,"href":"https:\/\/normandybeachrace.com\/fr\/wp-json\/wp\/v2\/product_tag?post=5548"}],"curies":[{"name":"wp","href":"https:\/\/api.w.org\/{rel}","templated":true}]}}