{"id":5327,"date":"2020-08-04T17:39:31","date_gmt":"2020-08-04T16:39:31","guid":{"rendered":"https:\/\/normandybeachrace.com\/?post_type=product&#038;p=5327"},"modified":"2022-11-06T19:17:50","modified_gmt":"2022-11-06T18:17:50","slug":"fanion-officiel-de-la-normandy-beach-race","status":"publish","type":"product","link":"https:\/\/normandybeachrace.com\/fr\/produit\/fanion-officiel-de-la-normandy-beach-race\/","title":{"rendered":"Fanion Officiel de la Normandy Beach Race"},"content":{"rendered":"<p>Fanion Officiel de la Normandy Beach Race.<br \/>\nMarquage recto en s\u00e9rigraphie Bleu Royal sur feutre de laine Cream color\u00e9 dans la masse.<br \/>\nDimension 69 X 21,5 cm hors attaches en feutre.<br \/>\nMade in USA.<\/p>\n<p>Les fanions sont exp\u00e9di\u00e9s roul\u00e9s sans aucune pliure.<br \/>\nSi vous souhaitez acheter plusieurs articles, vous pouvez faire une demande par mail afin de minimiser les frais de port.<\/p>\n","protected":false},"excerpt":{"rendered":"<p>Marquage recto en s\u00e9rigraphie Bleu Royal sur feutre de laine Cream color\u00e9 dans la masse.<br \/>\nDimension 69 X 21,5 cm hors attaches en feutre.<br \/>\nMade in USA<\/p>\n","protected":false},"featured_media":5334,"comment_status":"open","ping_status":"closed","template":"","meta":[],"product_brand":[],"product_cat":[123,86],"product_tag":[124],"class_list":{"0":"post-5327","1":"product","2":"type-product","3":"status-publish","4":"has-post-thumbnail","6":"product_cat-fanion","7":"product_cat-non-classifiee","8":"product_tag-fanion","9":"product_shipping_class-fanion","11":"first","12":"outofstock","13":"taxable","14":"shipping-taxable","15":"purchasable","16":"product-type-simple"},"_links":{"self":[{"href":"https:\/\/normandybeachrace.com\/fr\/wp-json\/wp\/v2\/product\/5327","targetHints":{"allow":["GET"]}}],"collection":[{"href":"https:\/\/normandybeachrace.com\/fr\/wp-json\/wp\/v2\/product"}],"about":[{"href":"https:\/\/normandybeachrace.com\/fr\/wp-json\/wp\/v2\/types\/product"}],"replies":[{"embeddable":true,"href":"https:\/\/normandybeachrace.com\/fr\/wp-json\/wp\/v2\/comments?post=5327"}],"wp:featuredmedia":[{"embeddable":true,"href":"https:\/\/normandybeachrace.com\/fr\/wp-json\/wp\/v2\/media\/5334"}],"wp:attachment":[{"href":"https:\/\/normandybeachrace.com\/fr\/wp-json\/wp\/v2\/media?parent=5327"}],"wp:term":[{"taxonomy":"product_brand","embeddable":true,"href":"https:\/\/normandybeachrace.com\/fr\/wp-json\/wp\/v2\/product_brand?post=5327"},{"taxonomy":"product_cat","embeddable":true,"href":"https:\/\/normandybeachrace.com\/fr\/wp-json\/wp\/v2\/product_cat?post=5327"},{"taxonomy":"product_tag","embeddable":true,"href":"https:\/\/normandybeachrace.com\/fr\/wp-json\/wp\/v2\/product_tag?post=5327"}],"curies":[{"name":"wp","href":"https:\/\/api.w.org\/{rel}","templated":true}]}}