{"id":4773,"date":"2020-06-28T15:58:54","date_gmt":"2020-06-28T14:58:54","guid":{"rendered":"https:\/\/normandybeachrace.com\/?post_type=product&#038;p=4773"},"modified":"2023-05-12T15:16:39","modified_gmt":"2023-05-12T13:16:39","slug":"affiche-2019","status":"publish","type":"product","link":"https:\/\/normandybeachrace.com\/fr\/produit\/affiche-2019\/","title":{"rendered":"Affiche 2019"},"content":{"rendered":"<p>Affiches en quantit\u00e9 tr\u00e8s limit\u00e9e de l\u2019\u00e9dition 2019 et<\/p>\n<p>toujours r\u00e9alis\u00e9e par le talentueux <strong>Lorenzo Eroticolor<\/strong>.<\/p>\n<p>Imprim\u00e9e sur un papier Tradition.<\/p>\n<p>Dimensions\u00a0: 40 x 60 cm<\/p>\n<p>Les affiches sont exp\u00e9di\u00e9es roul\u00e9es dans un tube sans aucune pliure.<\/p>\n","protected":false},"excerpt":{"rendered":"<p>Affiches en quantit\u00e9 tr\u00e8s limit\u00e9e de l\u2019\u00e9dition 2019 et<\/p>\n<p>toujours r\u00e9alis\u00e9e par le talentueux <strong>Lorenzo Eroticolor<\/strong>.<\/p>\n<p>Imprim\u00e9e sur un papier Tradition.<\/p>\n<p>Dimensions\u00a0: 40 x 60 cm<\/p>\n","protected":false},"featured_media":4774,"comment_status":"open","ping_status":"closed","template":"","meta":[],"product_brand":[],"product_cat":[92,86],"product_tag":[],"class_list":{"0":"post-4773","1":"product","2":"type-product","3":"status-publish","4":"has-post-thumbnail","6":"product_cat-affiches","7":"product_cat-non-classifiee","8":"product_shipping_class-affiche","10":"first","11":"outofstock","12":"taxable","13":"shipping-taxable","14":"purchasable","15":"product-type-simple"},"_links":{"self":[{"href":"https:\/\/normandybeachrace.com\/fr\/wp-json\/wp\/v2\/product\/4773","targetHints":{"allow":["GET"]}}],"collection":[{"href":"https:\/\/normandybeachrace.com\/fr\/wp-json\/wp\/v2\/product"}],"about":[{"href":"https:\/\/normandybeachrace.com\/fr\/wp-json\/wp\/v2\/types\/product"}],"replies":[{"embeddable":true,"href":"https:\/\/normandybeachrace.com\/fr\/wp-json\/wp\/v2\/comments?post=4773"}],"wp:featuredmedia":[{"embeddable":true,"href":"https:\/\/normandybeachrace.com\/fr\/wp-json\/wp\/v2\/media\/4774"}],"wp:attachment":[{"href":"https:\/\/normandybeachrace.com\/fr\/wp-json\/wp\/v2\/media?parent=4773"}],"wp:term":[{"taxonomy":"product_brand","embeddable":true,"href":"https:\/\/normandybeachrace.com\/fr\/wp-json\/wp\/v2\/product_brand?post=4773"},{"taxonomy":"product_cat","embeddable":true,"href":"https:\/\/normandybeachrace.com\/fr\/wp-json\/wp\/v2\/product_cat?post=4773"},{"taxonomy":"product_tag","embeddable":true,"href":"https:\/\/normandybeachrace.com\/fr\/wp-json\/wp\/v2\/product_tag?post=4773"}],"curies":[{"name":"wp","href":"https:\/\/api.w.org\/{rel}","templated":true}]}}