{"id":4762,"date":"2020-06-28T15:33:03","date_gmt":"2020-06-28T13:33:03","guid":{"rendered":"https:\/\/normandybeachrace.com\/?post_type=product&#038;p=4762"},"modified":"2025-09-15T15:15:02","modified_gmt":"2025-09-15T13:15:02","slug":"affiche-2020","status":"publish","type":"product","link":"https:\/\/normandybeachrace.com\/fr\/produit\/affiche-2020\/","title":{"rendered":"Affiche 2020"},"content":{"rendered":"<p>Affiche Officielle de la <strong>Normandy Beach Race 2020<\/strong><br \/>\nImprim\u00e9e sur un superbe papier Tradition<br \/>\net r\u00e9alis\u00e9e par le talentueux <strong>Lorenzo Eroticolor<\/strong>.<br \/>\nDimensions\u00a0: 40 x 60 cm<\/p>\n<p>Les affiches sont exp\u00e9di\u00e9es roul\u00e9es dans un tube sans aucune pliure.<br \/>\nSi vous souhaitez acheter plusieurs articles, vous pouvez faire une demande par mail afin de minimiser les frais de port.<\/p>\n","protected":false},"excerpt":{"rendered":"<p>Affiche Officielle de la <strong>Normandy Beach Race 2020<\/strong><br \/>\nImprim\u00e9e sur un superbe papier Tradition<br \/>\net r\u00e9alis\u00e9e par le talentueux <strong>Lorenzo Eroticolor<\/strong>.<br \/>\nDimensions\u00a0: 40 x 60 cm<\/p>\n","protected":false},"featured_media":4800,"comment_status":"open","ping_status":"closed","template":"","meta":[],"product_brand":[],"product_cat":[92,86],"product_tag":[],"class_list":{"0":"post-4762","1":"product","2":"type-product","3":"status-publish","4":"has-post-thumbnail","6":"product_cat-affiches","7":"product_cat-non-classifiee","8":"product_shipping_class-affiche","10":"first","11":"outofstock","12":"taxable","13":"shipping-taxable","14":"purchasable","15":"product-type-simple"},"_links":{"self":[{"href":"https:\/\/normandybeachrace.com\/fr\/wp-json\/wp\/v2\/product\/4762","targetHints":{"allow":["GET"]}}],"collection":[{"href":"https:\/\/normandybeachrace.com\/fr\/wp-json\/wp\/v2\/product"}],"about":[{"href":"https:\/\/normandybeachrace.com\/fr\/wp-json\/wp\/v2\/types\/product"}],"replies":[{"embeddable":true,"href":"https:\/\/normandybeachrace.com\/fr\/wp-json\/wp\/v2\/comments?post=4762"}],"wp:featuredmedia":[{"embeddable":true,"href":"https:\/\/normandybeachrace.com\/fr\/wp-json\/wp\/v2\/media\/4800"}],"wp:attachment":[{"href":"https:\/\/normandybeachrace.com\/fr\/wp-json\/wp\/v2\/media?parent=4762"}],"wp:term":[{"taxonomy":"product_brand","embeddable":true,"href":"https:\/\/normandybeachrace.com\/fr\/wp-json\/wp\/v2\/product_brand?post=4762"},{"taxonomy":"product_cat","embeddable":true,"href":"https:\/\/normandybeachrace.com\/fr\/wp-json\/wp\/v2\/product_cat?post=4762"},{"taxonomy":"product_tag","embeddable":true,"href":"https:\/\/normandybeachrace.com\/fr\/wp-json\/wp\/v2\/product_tag?post=4762"}],"curies":[{"name":"wp","href":"https:\/\/api.w.org\/{rel}","templated":true}]}}