{"id":806,"date":"2019-08-12T11:10:55","date_gmt":"2019-08-12T11:10:55","guid":{"rendered":"https:\/\/biagiotti.qodeinteractive.com\/?page_id=806"},"modified":"2025-05-16T18:35:04","modified_gmt":"2025-05-16T16:35:04","slug":"faq-page","status":"publish","type":"page","link":"https:\/\/normandybeachrace.com\/fr\/faq-page\/","title":{"rendered":"FAQ Page"},"content":{"rendered":"<div class=\"wpb-content-wrapper\"><p>[vc_row][vc_column][vc_column_text]<\/p>\n<h3>Avec quel type de v\u00e9hicule puis-je venir \u00e0 la NBR ?<\/h3>\n<p>[\/vc_column_text][vc_column_text css=&#8221;&#8221;]Si vous disposer d\u2019un v\u00e9hicule pr\u00e9-1965, vous pouvez faire une demande d\u2019inscription au Riva-Bella Car Show en utilisant l\u2019onglet <a href=\"https:\/\/normandybeachrace.com\/car-show\/\">Car Show<\/a>\u00a0dans Participer, si vous \u00eates s\u00e9lectionn\u00e9s nous vous attribuerons une place de parking sur le front de mer valable le samedi et le dimanche.[\/vc_column_text][vc_empty_space height=&#8221;38px&#8221;][\/vc_column][\/vc_row][vc_row][vc_column][vc_column_text]<\/p>\n<h3>Quelles sont les crit\u00e8res pour participer aux Runs sur la plage ?<\/h3>\n<p>[\/vc_column_text][vc_column_text]Ces crit\u00e8res sont d\u00e9taill\u00e9s dans l\u2019onglet Participer &gt; <a style=\"color: #06569e; text-decoration: underline;\" href=\"https:\/\/normandybeachrace.com\/the-race\/\">The Race<\/a>, en r\u00e9sum\u00e9 pourront \u00eatre accept\u00e9 les v\u00e9hicules typ\u00e9s Racing, Pr\u00e9-47 pour les motos et pr\u00e9-49 pour les autos et r\u00e9pondant aux autres crit\u00e8res des r\u00e8gles d\u2019inscription.[\/vc_column_text][vc_empty_space height=&#8221;38px&#8221;][\/vc_column][\/vc_row][vc_row][vc_column][vc_column_text]<\/p>\n<h3>Quelle est la date limite d\u2019inscription ?<\/h3>\n<p>[\/vc_column_text][vc_column_text css=&#8221;&#8221;]Runs sur la plage: 24 Juin.<\/p>\n<p>Car Show: 30 Juin[\/vc_column_text][vc_empty_space height=&#8221;38px&#8221;][\/vc_column][\/vc_row][vc_row][vc_column][vc_column_text]<\/p>\n<h3>Y a-t-il des obligations vestimentaires ?<\/h3>\n<p>[\/vc_column_text][vc_column_text]Pour les Racers, accompagnateurs Paddock, Photographes, tenue d\u2019\u00e9poque obligatoire.<br \/>\nPour les visiteurs, nous vous invitons \u00e0 jouer le jeu au mieux, n\u2019oubliez pas que vous faites partie du d\u00e9cor.[\/vc_column_text][vc_empty_space height=&#8221;38px&#8221;][\/vc_column][\/vc_row][vc_row][vc_column width=&#8221;1\/4&#8243;]<div class=\"mkdf-single-image-holder   \">\n    <div class=\"mkdf-si-inner\" >\n                                    <img fetchpriority=\"high\" decoding=\"async\" width=\"800\" height=\"1200\" src=\"https:\/\/normandybeachrace.com\/wp-content\/uploads\/2021\/04\/brulez-NORMANDY-BEACH-RACE-2019-1160659-Modifier-Bonamy-1.jpg\" class=\"attachment-full size-full\" alt=\"\" srcset=\"https:\/\/normandybeachrace.com\/wp-content\/uploads\/2021\/04\/brulez-NORMANDY-BEACH-RACE-2019-1160659-Modifier-Bonamy-1.jpg 800w, https:\/\/normandybeachrace.com\/wp-content\/uploads\/2021\/04\/brulez-NORMANDY-BEACH-RACE-2019-1160659-Modifier-Bonamy-1-600x900.jpg 600w, https:\/\/normandybeachrace.com\/wp-content\/uploads\/2021\/04\/brulez-NORMANDY-BEACH-RACE-2019-1160659-Modifier-Bonamy-1-200x300.jpg 200w, https:\/\/normandybeachrace.com\/wp-content\/uploads\/2021\/04\/brulez-NORMANDY-BEACH-RACE-2019-1160659-Modifier-Bonamy-1-683x1024.jpg 683w, https:\/\/normandybeachrace.com\/wp-content\/uploads\/2021\/04\/brulez-NORMANDY-BEACH-RACE-2019-1160659-Modifier-Bonamy-1-768x1152.jpg 768w\" sizes=\"(max-width: 800px) 100vw, 800px\" \/>                        <\/div>\n<\/div>[\/vc_column][vc_column width=&#8221;1\/4&#8243;]<div class=\"mkdf-single-image-holder   \">\n    <div class=\"mkdf-si-inner\" >\n                                    <img decoding=\"async\" width=\"800\" height=\"1200\" src=\"https:\/\/normandybeachrace.com\/wp-content\/uploads\/2021\/04\/brulez-NORMANDY-BEACH-RACE-2019-1160696-portrait-1.jpg\" class=\"attachment-full size-full\" alt=\"\" srcset=\"https:\/\/normandybeachrace.com\/wp-content\/uploads\/2021\/04\/brulez-NORMANDY-BEACH-RACE-2019-1160696-portrait-1.jpg 800w, https:\/\/normandybeachrace.com\/wp-content\/uploads\/2021\/04\/brulez-NORMANDY-BEACH-RACE-2019-1160696-portrait-1-600x900.jpg 600w, https:\/\/normandybeachrace.com\/wp-content\/uploads\/2021\/04\/brulez-NORMANDY-BEACH-RACE-2019-1160696-portrait-1-200x300.jpg 200w, https:\/\/normandybeachrace.com\/wp-content\/uploads\/2021\/04\/brulez-NORMANDY-BEACH-RACE-2019-1160696-portrait-1-683x1024.jpg 683w, https:\/\/normandybeachrace.com\/wp-content\/uploads\/2021\/04\/brulez-NORMANDY-BEACH-RACE-2019-1160696-portrait-1-768x1152.jpg 768w\" sizes=\"(max-width: 800px) 100vw, 800px\" \/>                        <\/div>\n<\/div>[\/vc_column][vc_column width=&#8221;1\/4&#8243;]<div class=\"mkdf-single-image-holder   \">\n    <div class=\"mkdf-si-inner\" >\n                                    <img decoding=\"async\" width=\"800\" height=\"1200\" src=\"https:\/\/normandybeachrace.com\/wp-content\/uploads\/2021\/04\/scavone-2019-good-look-176-1.jpg\" class=\"attachment-full size-full\" alt=\"\" srcset=\"https:\/\/normandybeachrace.com\/wp-content\/uploads\/2021\/04\/scavone-2019-good-look-176-1.jpg 800w, https:\/\/normandybeachrace.com\/wp-content\/uploads\/2021\/04\/scavone-2019-good-look-176-1-600x900.jpg 600w, https:\/\/normandybeachrace.com\/wp-content\/uploads\/2021\/04\/scavone-2019-good-look-176-1-200x300.jpg 200w, https:\/\/normandybeachrace.com\/wp-content\/uploads\/2021\/04\/scavone-2019-good-look-176-1-683x1024.jpg 683w, https:\/\/normandybeachrace.com\/wp-content\/uploads\/2021\/04\/scavone-2019-good-look-176-1-768x1152.jpg 768w\" sizes=\"(max-width: 800px) 100vw, 800px\" \/>                        <\/div>\n<\/div>[\/vc_column][vc_column width=&#8221;1\/4&#8243;]<div class=\"mkdf-single-image-holder   \">\n    <div class=\"mkdf-si-inner\" >\n                                    <img loading=\"lazy\" decoding=\"async\" width=\"800\" height=\"1200\" src=\"https:\/\/normandybeachrace.com\/wp-content\/uploads\/2021\/04\/brulez-NORMANDY-BEACH-RACE-2019-1160553-portrait-1.jpg\" class=\"attachment-full size-full\" alt=\"\" srcset=\"https:\/\/normandybeachrace.com\/wp-content\/uploads\/2021\/04\/brulez-NORMANDY-BEACH-RACE-2019-1160553-portrait-1.jpg 800w, https:\/\/normandybeachrace.com\/wp-content\/uploads\/2021\/04\/brulez-NORMANDY-BEACH-RACE-2019-1160553-portrait-1-600x900.jpg 600w, https:\/\/normandybeachrace.com\/wp-content\/uploads\/2021\/04\/brulez-NORMANDY-BEACH-RACE-2019-1160553-portrait-1-200x300.jpg 200w, https:\/\/normandybeachrace.com\/wp-content\/uploads\/2021\/04\/brulez-NORMANDY-BEACH-RACE-2019-1160553-portrait-1-683x1024.jpg 683w, https:\/\/normandybeachrace.com\/wp-content\/uploads\/2021\/04\/brulez-NORMANDY-BEACH-RACE-2019-1160553-portrait-1-768x1152.jpg 768w\" sizes=\"(max-width: 800px) 100vw, 800px\" \/>                        <\/div>\n<\/div>[\/vc_column][\/vc_row][vc_row][vc_column][vc_column_text]<\/p>\n<h3>Pourrais-je acheter de la nourriture et des boissons sur l\u2019\u00e9v\u00e9nement ?<\/h3>\n<p>[\/vc_column_text][vc_column_text]Oui, vous pourrez trouver des food-trucks et stands boissons sur la plage du samedi midi au dimanche midi, ainsi que des exposants s\u00e9lectionn\u00e9s.<br \/>\nIl y a \u00e9galement une multitude de commerces \u00e0 proximit\u00e9 offrant un large choix de restauration.[\/vc_column_text][vc_empty_space height=&#8221;38px&#8221;][\/vc_column][\/vc_row][vc_row][vc_column][vc_column_text]<\/p>\n<h3>Quand aura lieu le contr\u00f4le des v\u00e9hicules pour les Runs ?<\/h3>\n<p>[\/vc_column_text][vc_column_text]Tout est pr\u00e9cis\u00e9 dans les r\u00e8gles d\u2019inscription (<a style=\"color: #06569e; text-decoration: underline;\" href=\"https:\/\/normandybeachrace.com\/the-race\/\">The Race<\/a>)[\/vc_column_text][vc_empty_space height=&#8221;38px&#8221;][\/vc_column][\/vc_row][vc_row][vc_column][vc_column_text]<\/p>\n<h3>Que se passe-t-il le vendredi ?<\/h3>\n<p>[\/vc_column_text][vc_column_text]Rendez-vous devant la Mairie de Ouistreham de 10h00 \u00e0 17h00 pour le contr\u00f4le technique des v\u00e9hicules participants aux Runs sur la plage.<br \/>\nC\u2019est l\u2019occasion pour vous d\u2019approcher au plus pr\u00e8s les autos et motos d\u2019exception s\u00e9lectionn\u00e9es.<br \/>\nLa boutique officielle Normandy Beach Race sera \u00e9galement sur place.[\/vc_column_text][vc_empty_space height=&#8221;38px&#8221;][\/vc_column][\/vc_row][vc_row][vc_column][vc_column_text]<\/p>\n<h3>Puis-je venir faire des photos et approcher les v\u00e9hicules ?<\/h3>\n<p>[\/vc_column_text][vc_column_text]L\u2019acc\u00e8s \u00e0 la piste est r\u00e9serv\u00e9 aux photographes accr\u00e9dit\u00e9s (<a style=\"color: #06569e; text-decoration: underline;\" href=\"https:\/\/normandybeachrace.com\/presse\/\">page presse pour demandes d&#8217;accr\u00e9ditations<\/a>) et les places sont tr\u00e8s limit\u00e9es pour des questions de s\u00e9curit\u00e9. Vous pouvez cependant acc\u00e9der librement dans toute la zone du car show.[\/vc_column_text][vc_empty_space height=&#8221;38px&#8221;][\/vc_column][\/vc_row][vc_row][vc_column][vc_column_text]<\/p>\n<h3>Est-ce qu\u2019il y aura de la musique, des concerts ?<\/h3>\n<p>[\/vc_column_text][vc_column_text]Oui, il y aura des concerts et animations le Samedi soir et le Dimanche sur la plage.[\/vc_column_text][vc_empty_space height=&#8221;38px&#8221;]<div class=\"mkdf-section-title-holder  mkdf-st-top-tagline-position mkdf-st-center-position mkdf-st-bottom-image-position \" style=\"text-align: center\">\n\t<div class=\"mkdf-st-inner\">\n\t\t\t\t\t\t\t\t\t\t\t\t\t\t\t\t\t<\/div>\n<\/div>[\/vc_column][\/vc_row][vc_row][vc_column][vc_column_text]<\/p>\n<h3>Combien coute l&#8217;entr\u00e9e de l&#8217;\u00e9v\u00e8nement?<\/h3>\n<p>[\/vc_column_text][vc_column_text css=&#8221;&#8221;]La forte affluence des pr\u00e9c\u00e9dentes \u00e9ditions et le besoin de r\u00e9pondre \u00e0 de plus en plus d\u2019obligations n\u00e9cessitant des ressources nous invitent \u00e0 mettre en place une billetterie. Le tarif des billets est de 7\u20ac pour le samedi et 5\u20ac pour le Dimanche. Plus d&#8217;infos dans l&#8217;onglet billetterie[\/vc_column_text][vc_empty_space height=&#8221;38px&#8221;]<div class=\"mkdf-section-title-holder  mkdf-st-top-tagline-position mkdf-st-center-position mkdf-st-bottom-image-position \" style=\"text-align: center\">\n\t<div class=\"mkdf-st-inner\">\n\t\t\t\t\t\t\t\t\t\t\t\t\t\t\t\t\t<span class=\"mkdf-st-image\" >\n\t\t\t\t<img loading=\"lazy\" decoding=\"async\" width=\"1000\" height=\"1500\" src=\"https:\/\/normandybeachrace.com\/wp-content\/uploads\/2019\/08\/NBR-19-Sature\u0301es-45-fun-1.jpg\" class=\"attachment-full size-full\" alt=\"\" srcset=\"https:\/\/normandybeachrace.com\/wp-content\/uploads\/2019\/08\/NBR-19-Sature\u0301es-45-fun-1.jpg 1000w, https:\/\/normandybeachrace.com\/wp-content\/uploads\/2019\/08\/NBR-19-Sature\u0301es-45-fun-1-600x900.jpg 600w, https:\/\/normandybeachrace.com\/wp-content\/uploads\/2019\/08\/NBR-19-Sature\u0301es-45-fun-1-200x300.jpg 200w, https:\/\/normandybeachrace.com\/wp-content\/uploads\/2019\/08\/NBR-19-Sature\u0301es-45-fun-1-683x1024.jpg 683w, https:\/\/normandybeachrace.com\/wp-content\/uploads\/2019\/08\/NBR-19-Sature\u0301es-45-fun-1-768x1152.jpg 768w\" sizes=\"(max-width: 1000px) 100vw, 1000px\" \/>\t\t\t<\/span>\n\t\t\t\t\t<\/div>\n<\/div>[\/vc_column][\/vc_row]<\/p>\n<\/div>","protected":false},"excerpt":{"rendered":"<p>[vc_row][vc_column][vc_column_text] Avec quel type de v\u00e9hicule puis-je venir \u00e0 la NBR ? [\/vc_column_text][vc_column_text css=&#8221;&#8221;]Si vous disposer d\u2019un v\u00e9hicule pr\u00e9-1965, vous pouvez faire une demande d\u2019inscription au Riva-Bella Car Show en utilisant l\u2019onglet Car Show\u00a0dans Participer, si vous \u00eates s\u00e9lectionn\u00e9s nous [&hellip;]<\/p>\n","protected":false},"author":1,"featured_media":0,"parent":0,"menu_order":0,"comment_status":"closed","ping_status":"closed","template":"","meta":{"footnotes":""},"class_list":["post-806","page","type-page","status-publish","hentry"],"_links":{"self":[{"href":"https:\/\/normandybeachrace.com\/fr\/wp-json\/wp\/v2\/pages\/806","targetHints":{"allow":["GET"]}}],"collection":[{"href":"https:\/\/normandybeachrace.com\/fr\/wp-json\/wp\/v2\/pages"}],"about":[{"href":"https:\/\/normandybeachrace.com\/fr\/wp-json\/wp\/v2\/types\/page"}],"author":[{"embeddable":true,"href":"https:\/\/normandybeachrace.com\/fr\/wp-json\/wp\/v2\/users\/1"}],"replies":[{"embeddable":true,"href":"https:\/\/normandybeachrace.com\/fr\/wp-json\/wp\/v2\/comments?post=806"}],"version-history":[{"count":3,"href":"https:\/\/normandybeachrace.com\/fr\/wp-json\/wp\/v2\/pages\/806\/revisions"}],"predecessor-version":[{"id":8569,"href":"https:\/\/normandybeachrace.com\/fr\/wp-json\/wp\/v2\/pages\/806\/revisions\/8569"}],"wp:attachment":[{"href":"https:\/\/normandybeachrace.com\/fr\/wp-json\/wp\/v2\/media?parent=806"}],"curies":[{"name":"wp","href":"https:\/\/api.w.org\/{rel}","templated":true}]}}