{"id":7116,"date":"2023-03-30T15:00:58","date_gmt":"2023-03-30T13:00:58","guid":{"rendered":"https:\/\/normandybeachrace.com\/?page_id=7116"},"modified":"2025-08-29T18:17:14","modified_gmt":"2025-08-29T16:17:14","slug":"billetterie","status":"publish","type":"page","link":"https:\/\/normandybeachrace.com\/fr\/billetterie\/","title":{"rendered":"Billetterie"},"content":{"rendered":"<div class=\"wpb-content-wrapper\"><p>[vc_row equal_height=&#8221;yes&#8221; css_animation=&#8221;none&#8221; simple_background_image_repeat=&#8221;no-repeat&#8221; disable_background_image=&#8221;&#8221; simple_background_image=&#8221;1321&#8243; background_image_position=&#8221;bottom left&#8221; css=&#8221;.vc_custom_1756224610687{padding-top: 40px !important;padding-bottom: 60px !important;}&#8221;][vc_column css_animation=&#8221;none&#8221;]<div class=\"mkdf-section-title-holder  mkdf-st-top-tagline-position mkdf-st-center-position mkdf-st-bottom-image-position \" style=\"text-align: center\">\n\t<div class=\"mkdf-st-inner\">\n\t\t\t\t\t\t\t\t\t<h6 class=\"mkdf-st-title\" style=\"color: #9A2920\">\n\t\t\t\tBILLETERIE #5 EDITION\t\t\t<\/h6>\n\t\t\t\t\t\t\t\t\t\t\t\t\t<\/div>\n<\/div>[vc_empty_space][vc_column_text css=&#8221;&#8221;]<\/p>\n<div class=\"mkdf-section-title-holder mkdf-st-top-tagline-position mkdf-st-center-position mkdf-st-bottom-image-position \">\n<div class=\"mkdf-st-inner\">\n<h3 class=\"mkdf-st-subtitle\" style=\"color: #1a466a; text-align: center;\">La mise en vente des billets se fera en 3 etapes:<\/h3>\n<p class=\"mkdf-st-text\" style=\"text-align: center;\"><strong>Premi\u00e8re mise en vente<\/strong> des billets Samedi &amp; Dimanche: FIN AVRIL 2025<\/p>\n<\/div>\n<\/div>\n<div class=\"mkdf-section-title-holder mkdf-st-top-tagline-position mkdf-st-center-position mkdf-st-bottom-image-position \" style=\"text-align: center;\">\n<div class=\"mkdf-st-inner\">\n<p class=\"mkdf-st-text\"><strong>Deuxi\u00e8me mise en vente<\/strong> des billets Samedi &amp; Dimanche: le 17 juin \u00e0 10h00<\/p>\n<\/div>\n<\/div>\n<div class=\"mkdf-section-title-holder mkdf-st-top-tagline-position mkdf-st-center-position mkdf-st-bottom-image-position \">\n<div class=\"mkdf-st-inner\">\n<p class=\"mkdf-st-text\" style=\"text-align: center;\"><strong>Troisi\u00e8me mise en vente<\/strong> des billets Samedi &amp; Dimanche: le 28 juillet \u00e0 10h00<\/p>\n<\/div>\n<\/div>\n<p>[\/vc_column_text][vc_empty_space][vc_column_text css=&#8221;&#8221;]<\/p>\n<h3 class=\"mkdf-st-subtitle\" style=\"color: #1a466a; text-align: center;\">Vente de Billets sur Place:<\/h3>\n<p style=\"font-weight: 400; text-align: center;\"><strong>La vente de Billets sur place<\/strong> sera situ\u00e9e \u00e0 proximit\u00e9 du poste de secours de la plage de Riva-Bella.<\/p>\n<p style=\"font-weight: 400; text-align: center;\">Ce guichet sera ouvert le <strong>Samedi 20 Septembre<\/strong> de 09h00 \u00e0 17h00 et le <strong>Dimanche 21 Septembre<\/strong> de 09h00 \u00e0 12h00.<\/p>\n<p style=\"font-weight: 400; text-align: center;\">Seront disponibles\u00a0: 3000 Billets soit 1500 billets \u00ab\u00a0Samedi\u00a0\u00bb et 1500 Billets\u00a0\u00ab\u00a0Dimanche\u00a0\u00bb<\/p>\n<p style=\"font-weight: 400; text-align: center;\">Nous rappelons que nous sommes limit\u00e9s dans la quantit\u00e9 totale de billets a vendre en rapport avec la jauge maximale de l\u2019\u00e9v\u00e9nement.<\/p>\n<p>[\/vc_column_text][vc_empty_space height=&#8221;45px&#8221;]<div class=\"mkdf-section-title-holder  mkdf-st-top-tagline-position mkdf-st-center-position mkdf-st-bottom-image-position \" style=\"text-align: center\">\n\t<div class=\"mkdf-st-inner\">\n\t\t\t\t\t\t\t<h1 class=\"mkdf-st-tagline\" style=\"color: #9A2920\">\n\t\t\t\tBienvenue a la 5eme edition de la Normandy Beach Race!\t\t\t<\/h1>\n\t\t\t\t\t\t\t\t\t\t\t\t\t\t\t<\/div>\n<\/div>[\/vc_column][\/vc_row][vc_row gap=&#8221;35&#8243; equal_height=&#8221;yes&#8221; content_placement=&#8221;middle&#8221; simple_background_image_repeat=&#8221;no-repeat&#8221; disable_background_image=&#8221;&#8221; simple_background_image=&#8221;1321&#8243; background_image_position=&#8221;bottom left&#8221; css=&#8221;.vc_custom_1683211271472{padding-top: 30px !important;padding-bottom: 15px !important;}&#8221;][vc_column css_animation=&#8221;fadeInLeft&#8221; width=&#8221;1\/2&#8243;]<div class=\"mkdf-single-image-holder   \">\n    <div class=\"mkdf-si-inner\" >\n                                    <img fetchpriority=\"high\" decoding=\"async\" width=\"800\" height=\"800\" src=\"https:\/\/normandybeachrace.com\/wp-content\/uploads\/2023\/05\/normandy_beach_race_2022_moto_race_flag_girl.jpg\" class=\"attachment-full size-full\" alt=\"\" srcset=\"https:\/\/normandybeachrace.com\/wp-content\/uploads\/2023\/05\/normandy_beach_race_2022_moto_race_flag_girl.jpg 800w, https:\/\/normandybeachrace.com\/wp-content\/uploads\/2023\/05\/normandy_beach_race_2022_moto_race_flag_girl-300x300.jpg 300w, https:\/\/normandybeachrace.com\/wp-content\/uploads\/2023\/05\/normandy_beach_race_2022_moto_race_flag_girl-100x100.jpg 100w, https:\/\/normandybeachrace.com\/wp-content\/uploads\/2023\/05\/normandy_beach_race_2022_moto_race_flag_girl-600x600.jpg 600w, https:\/\/normandybeachrace.com\/wp-content\/uploads\/2023\/05\/normandy_beach_race_2022_moto_race_flag_girl-150x150.jpg 150w, https:\/\/normandybeachrace.com\/wp-content\/uploads\/2023\/05\/normandy_beach_race_2022_moto_race_flag_girl-768x768.jpg 768w, https:\/\/normandybeachrace.com\/wp-content\/uploads\/2023\/05\/normandy_beach_race_2022_moto_race_flag_girl-650x650.jpg 650w\" sizes=\"(max-width: 800px) 100vw, 800px\" \/>                        <\/div>\n<\/div>[\/vc_column][vc_column width=&#8221;1\/2&#8243; css=&#8221;.vc_custom_1588441373337{padding-bottom: 30px !important;}&#8221;]<div class=\"mkdf-elements-holder   mkdf-one-column  mkdf-responsive-mode-768 \" ><div class=\"mkdf-eh-item   mkdf-horizontal-alignment-center  \" data-item-class=\"mkdf-eh-custom-1284\">\n\t<div class=\"mkdf-eh-background-holder\"  ><\/div>\n\t<div class=\"mkdf-eh-item-inner\">\n\t\t<div class=\"mkdf-eh-item-content mkdf-eh-custom-1284\" >\n\t\t\t<div class=\"mkdf-section-title-holder  mkdf-st-top-tagline-position mkdf-st-center-position mkdf-st-bottom-image-position \" style=\"text-align: center\">\n\t<div class=\"mkdf-st-inner\">\n\t\t\t\t\t\t\t<span class=\"mkdf-st-tagline\" style=\"color: #9a2920\">\n\t\t\t\tLes Billets\t\t\t<\/span>\n\t\t\t\t\t\t\t\t\t\t\t\t\t\t\t<\/div>\n<\/div>[vc_empty_space]<div class=\"mkdf-section-title-holder  mkdf-st-top-tagline-position mkdf-st-center-position mkdf-st-bottom-image-position \" style=\"text-align: center\">\n\t<div class=\"mkdf-st-inner\">\n\t\t\t\t\t\t\t\t\t\t\t\t\t<p class=\"mkdf-st-text\" >\n\t\t\t\tVos billets vous donneront acc\u00e8s \u00e0 la zone \u201cRuns\u201d sur la plage les Samedi 20\/09 et Dimanche 21\/09 (selon le plan ci-dessous) celle-ci inclus le village d\u2019exposants, les bars et food-trucks, les concerts et animations ainsi que les runs selon les horaires du programme \u00e0 venir.\t\t\t<\/p>\n\t\t\t\t\t\t\t\t\t<\/div>\n<\/div><div class=\"mkdf-section-title-holder  mkdf-st-top-tagline-position mkdf-st-center-position mkdf-st-bottom-image-position \" style=\"text-align: center\">\n\t<div class=\"mkdf-st-inner\">\n\t\t\t\t\t\t\t\t\t\t\t\t\t<p class=\"mkdf-st-text\" >\n\t\t\t\tLe tarif des billets est de 7\u20ac pour le samedi et 5\u20ac pour le dimanche.\t\t\t<\/p>\n\t\t\t\t\t\t\t\t\t<\/div>\n<\/div><div class=\"mkdf-section-title-holder  mkdf-st-top-tagline-position mkdf-st-center-position mkdf-st-bottom-image-position \" style=\"text-align: center\">\n\t<div class=\"mkdf-st-inner\">\n\t\t\t\t\t\t\t\t\t\t\t\t\t<p class=\"mkdf-st-text\" >\n\t\t\t\tC\u2019est gratuit pour les moins de 14 ans accompagn\u00e9s, originale de carte d\u2019identit\u00e9 \u00e0 pr\u00e9senter aux portes d\u2019acc\u00e8s.\t\t\t<\/p>\n\t\t\t\t\t\t\t\t\t<\/div>\n<\/div><div class=\"mkdf-section-title-holder  mkdf-st-top-tagline-position mkdf-st-center-position mkdf-st-bottom-image-position \" style=\"text-align: center\">\n\t<div class=\"mkdf-st-inner\">\n\t\t\t\t\t\t\t\t\t\t\t\t\t<p class=\"mkdf-st-text\" >\n\t\t\t\tNos amis les chiens ne sont pas accept\u00e9s sur la plage.\t\t\t<\/p>\n\t\t\t\t\t\t\t\t\t<\/div>\n<\/div><div class=\"mkdf-section-title-holder  mkdf-st-top-tagline-position mkdf-st-center-position mkdf-st-bottom-image-position \" style=\"text-align: center\">\n\t<div class=\"mkdf-st-inner\">\n\t\t\t\t\t\t\t\t\t\t\t\t\t<p class=\"mkdf-st-text\" >\n\t\t\t\tLe billet vous permettra d\u2019entrer et sortir du village autant de fois que vous le souhaitez.\t\t\t<\/p>\n\t\t\t\t\t\t\t\t\t<\/div>\n<\/div>\t\t<\/div>\n\t\t\t<\/div>\n<\/div><\/div>[\/vc_column][\/vc_row][vc_row content_placement=&#8221;middle&#8221;][vc_column css_animation=&#8221;fadeInUp&#8221;][vc_raw_html css=&#8221;&#8221;]JTNDYSUyMHRpdGxlJTNEJTIyVmVudGUlMjBkZSUyMGJpbGxldHMlMjBlbiUyMGxpZ25lJTIyJTIwaHJlZiUzRCUyMmh0dHBzJTNBJTJGJTJGd3d3LmJpbGxldHdlYi5mciUyRnNob3AucGhwJTNGZXZlbnQlM0Rub3JtYW5keS1iZWFjaC1yYWNlLTIwMjUxJTIyJTIwJTIwY2xhc3MlM0QlMjJzaG9wX2ZyYW1lJTIyJTIwJTIwdGFyZ2V0JTNEJTIyX2JsYW5rJTIyJTIwJTIwZGF0YS1zcmMlM0QlMjJodHRwcyUzQSUyRiUyRnd3dy5iaWxsZXR3ZWIuZnIlMkZzaG9wLnBocCUzRmV2ZW50JTNEbm9ybWFuZHktYmVhY2gtcmFjZS0yMDI1MSUyMiUyMCUyMGRhdGEtbWF4LXdpZHRoJTNEJTIyMTAwJTI1JTIyJTIwJTIwZGF0YS1pbml0aWFsLWhlaWdodCUzRCUyMjYwMCUyMiUyMGRhdGEtc2Nyb2xsaW5nJTNEJTIybm8lMjIlMjAlMjBkYXRhLWlkJTNEJTIybm9ybWFuZHktYmVhY2gtcmFjZS0yMDI1MSUyMiUyMCUyMGRhdGEtcmVzaXplJTNEJTIyMSUyMiUzRVZlbnRlJTIwZGUlMjBiaWxsZXRzJTIwZW4lMjBsaWduZSUzQyUyRmElM0UlM0NzY3JpcHQlMjB0eXBlJTNEJTIydGV4dCUyRmphdmFzY3JpcHQlMjIlMjBzcmMlM0QlMjJodHRwcyUzQSUyRiUyRnd3dy5iaWxsZXR3ZWIuZnIlMkZqcyUyRmV4cG9ydC5qcyUyMiUzRSUzQyUyRnNjcmlwdCUzRQ==[\/vc_raw_html][\/vc_column][\/vc_row][vc_row gap=&#8221;35&#8243; equal_height=&#8221;yes&#8221; content_placement=&#8221;middle&#8221; simple_background_image_repeat=&#8221;no-repeat&#8221; disable_background_image=&#8221;&#8221; simple_background_image=&#8221;1321&#8243; background_image_position=&#8221;bottom left&#8221; css=&#8221;.vc_custom_1683211278706{padding-top: 15px !important;padding-bottom: 30px !important;}&#8221;][vc_column css_animation=&#8221;none&#8221; width=&#8221;1\/2&#8243;]<div class=\"mkdf-elements-holder   mkdf-one-column  mkdf-responsive-mode-768 \" ><div class=\"mkdf-eh-item   mkdf-horizontal-alignment-center  \" data-item-class=\"mkdf-eh-custom-4180\">\n\t<div class=\"mkdf-eh-background-holder\"  ><\/div>\n\t<div class=\"mkdf-eh-item-inner\">\n\t\t<div class=\"mkdf-eh-item-content mkdf-eh-custom-4180\" >\n\t\t\t<div class=\"mkdf-section-title-holder  mkdf-st-top-tagline-position mkdf-st-center-position mkdf-st-bottom-image-position \" style=\"text-align: center\">\n\t<div class=\"mkdf-st-inner\">\n\t\t\t\t\t\t\t<span class=\"mkdf-st-tagline\" style=\"color: #9a2920\">\n\t\t\t\tDress Code:\t\t\t<\/span>\n\t\t\t\t\t\t\t\t\t\t\t\t\t\t\t<\/div>\n<\/div>[vc_empty_space]<div class=\"mkdf-section-title-holder  mkdf-st-top-tagline-position mkdf-st-center-position mkdf-st-bottom-image-position \" style=\"text-align: center\">\n\t<div class=\"mkdf-st-inner\">\n\t\t\t\t\t\t\t\t\t\t\t\t\t<p class=\"mkdf-st-text\" >\n\t\t\t\tNous attachons beaucoup d\u2019importance \u00e0 votre style, vous trouverez quelques indications dans le FAQ.<br \/>\nCelles et ceux qui joueront bien le jeu seront mis \u00e0 l\u2019honneur!\t\t\t<\/p>\n\t\t\t\t\t\t\t\t\t\t\t<div class=\"mkdf-st-button\"><a itemprop=\"url\" href=\"https:\/\/normandybeachrace.com\/faq-page\/\" target=\"_self\" style=\"border-color: #9a2920\" class=\"mkdf-btn mkdf-btn-medium mkdf-btn-outline mkdf-btn-custom-hover-bg mkdf-btn-custom-border-hover mkdf-btn-custom-hover-color\" data-hover-color=\"#f2f0e2\" data-hover-bg-color=\"#9a2920\" data-hover-border-color=\"#9a2920\" >    <span class=\"mkdf-btn-text\">FAQ PAGE<\/span>    <\/a><\/div>\n\t\t\t<\/div>\n<\/div>\t\t<\/div>\n\t\t\t<\/div>\n<\/div><\/div>[\/vc_column][vc_column css_animation=&#8221;fadeInRight&#8221; width=&#8221;1\/2&#8243; css=&#8221;.vc_custom_1683211058533{padding-bottom: 30px !important;}&#8221;]<div class=\"mkdf-single-image-holder   \">\n    <div class=\"mkdf-si-inner\" >\n                                    <img decoding=\"async\" width=\"800\" height=\"800\" src=\"https:\/\/normandybeachrace.com\/wp-content\/uploads\/2023\/05\/look_square_1_normandy_beach_race.jpg\" class=\"attachment-full size-full\" alt=\"\" srcset=\"https:\/\/normandybeachrace.com\/wp-content\/uploads\/2023\/05\/look_square_1_normandy_beach_race.jpg 800w, https:\/\/normandybeachrace.com\/wp-content\/uploads\/2023\/05\/look_square_1_normandy_beach_race-300x300.jpg 300w, https:\/\/normandybeachrace.com\/wp-content\/uploads\/2023\/05\/look_square_1_normandy_beach_race-100x100.jpg 100w, https:\/\/normandybeachrace.com\/wp-content\/uploads\/2023\/05\/look_square_1_normandy_beach_race-600x600.jpg 600w, https:\/\/normandybeachrace.com\/wp-content\/uploads\/2023\/05\/look_square_1_normandy_beach_race-150x150.jpg 150w, https:\/\/normandybeachrace.com\/wp-content\/uploads\/2023\/05\/look_square_1_normandy_beach_race-768x768.jpg 768w, https:\/\/normandybeachrace.com\/wp-content\/uploads\/2023\/05\/look_square_1_normandy_beach_race-650x650.jpg 650w\" sizes=\"(max-width: 800px) 100vw, 800px\" \/>                        <\/div>\n<\/div>[\/vc_column][\/vc_row][vc_row equal_height=&#8221;yes&#8221; simple_background_image_repeat=&#8221;no-repeat&#8221; disable_background_image=&#8221;&#8221; simple_background_image=&#8221;1321&#8243; background_image_position=&#8221;bottom left&#8221; css=&#8221;.vc_custom_1588442303949{padding-top: 60px !important;padding-bottom: 60px !important;}&#8221;][vc_column css_animation=&#8221;none&#8221;]<div class=\"mkdf-section-title-holder  mkdf-st-top-tagline-position mkdf-st-center-position mkdf-st-bottom-image-position \" style=\"text-align: center\">\n\t<div class=\"mkdf-st-inner\">\n\t\t\t\t\t\t\t\t\t\t\t<h5 class=\"mkdf-st-subtitle\" >\n\t\t\t\tOn se retrouve les 19-20-21 septembre 2025 pour vivre une exp\u00e9rience exceptionnelle.\t\t\t<\/h5>\n\t\t\t\t\t\t\t\t\t\t\t<\/div>\n<\/div>[vc_empty_space]<div class=\"mkdf-section-title-holder  mkdf-st-top-tagline-position mkdf-st-center-position mkdf-st-bottom-image-position \" style=\"text-align: center\">\n\t<div class=\"mkdf-st-inner\">\n\t\t\t\t\t\t\t\t\t<h2 class=\"mkdf-st-title\" style=\"color: #06569e\">\n\t\t\t\tGo Race !\t\t\t<\/h2>\n\t\t\t\t\t\t\t\t\t\t\t\t\t<\/div>\n<\/div>[\/vc_column][\/vc_row][vc_row equal_height=&#8221;yes&#8221; simple_background_image_repeat=&#8221;no-repeat&#8221; disable_background_image=&#8221;&#8221; simple_background_image=&#8221;1321&#8243; background_image_position=&#8221;bottom left&#8221; css=&#8221;.vc_custom_1588442303949{padding-top: 60px !important;padding-bottom: 60px !important;}&#8221;][vc_column css_animation=&#8221;fadeIn&#8221; width=&#8221;1\/2&#8243; css=&#8221;.vc_custom_1683211093663{padding-bottom: 30px !important;}&#8221;]<div class=\"mkdf-single-image-holder   \">\n    <div class=\"mkdf-si-inner\" >\n                                    <img decoding=\"async\" width=\"1000\" height=\"666\" src=\"https:\/\/normandybeachrace.com\/wp-content\/uploads\/2023\/05\/normanday_beach_race_2022_final.jpg\" class=\"attachment-full size-full\" alt=\"\" srcset=\"https:\/\/normandybeachrace.com\/wp-content\/uploads\/2023\/05\/normanday_beach_race_2022_final.jpg 1000w, https:\/\/normandybeachrace.com\/wp-content\/uploads\/2023\/05\/normanday_beach_race_2022_final-600x400.jpg 600w, https:\/\/normandybeachrace.com\/wp-content\/uploads\/2023\/05\/normanday_beach_race_2022_final-300x200.jpg 300w, https:\/\/normandybeachrace.com\/wp-content\/uploads\/2023\/05\/normanday_beach_race_2022_final-768x511.jpg 768w\" sizes=\"(max-width: 1000px) 100vw, 1000px\" \/>                        <\/div>\n<\/div>[\/vc_column][vc_column css_animation=&#8221;fadeIn&#8221; width=&#8221;1\/2&#8243; css=&#8221;.vc_custom_1683211101065{padding-bottom: 30px !important;}&#8221;]<div class=\"mkdf-single-image-holder   \">\n    <div class=\"mkdf-si-inner\" >\n                                    <img loading=\"lazy\" decoding=\"async\" width=\"1000\" height=\"667\" src=\"https:\/\/normandybeachrace.com\/wp-content\/uploads\/2023\/05\/normandy_beach_race_2022_flag_girls.jpg\" class=\"attachment-full size-full\" alt=\"\" srcset=\"https:\/\/normandybeachrace.com\/wp-content\/uploads\/2023\/05\/normandy_beach_race_2022_flag_girls.jpg 1000w, https:\/\/normandybeachrace.com\/wp-content\/uploads\/2023\/05\/normandy_beach_race_2022_flag_girls-600x400.jpg 600w, https:\/\/normandybeachrace.com\/wp-content\/uploads\/2023\/05\/normandy_beach_race_2022_flag_girls-300x200.jpg 300w, https:\/\/normandybeachrace.com\/wp-content\/uploads\/2023\/05\/normandy_beach_race_2022_flag_girls-768x512.jpg 768w\" sizes=\"(max-width: 1000px) 100vw, 1000px\" \/>                        <\/div>\n<\/div>[\/vc_column][\/vc_row][vc_row equal_height=&#8221;yes&#8221; simple_background_image_repeat=&#8221;no-repeat&#8221; disable_background_image=&#8221;&#8221; simple_background_image=&#8221;1321&#8243; background_image_position=&#8221;bottom left&#8221; css=&#8221;.vc_custom_1683211174284{padding-top: 30px !important;padding-bottom: 30px !important;}&#8221;][vc_column css_animation=&#8221;fadeIn&#8221;]<div class=\"mkdf-single-image-holder   \">\n    <div class=\"mkdf-si-inner\" >\n                                    <img loading=\"lazy\" decoding=\"async\" width=\"1920\" height=\"1372\" src=\"https:\/\/normandybeachrace.com\/wp-content\/uploads\/2025\/08\/Plan-public_normandy_beach_race-aug-2025.jpg\" class=\"attachment-full size-full\" alt=\"\" srcset=\"https:\/\/normandybeachrace.com\/wp-content\/uploads\/2025\/08\/Plan-public_normandy_beach_race-aug-2025.jpg 1920w, https:\/\/normandybeachrace.com\/wp-content\/uploads\/2025\/08\/Plan-public_normandy_beach_race-aug-2025-300x214.jpg 300w, https:\/\/normandybeachrace.com\/wp-content\/uploads\/2025\/08\/Plan-public_normandy_beach_race-aug-2025-1024x732.jpg 1024w, https:\/\/normandybeachrace.com\/wp-content\/uploads\/2025\/08\/Plan-public_normandy_beach_race-aug-2025-768x549.jpg 768w, https:\/\/normandybeachrace.com\/wp-content\/uploads\/2025\/08\/Plan-public_normandy_beach_race-aug-2025-1536x1098.jpg 1536w, https:\/\/normandybeachrace.com\/wp-content\/uploads\/2025\/08\/Plan-public_normandy_beach_race-aug-2025-600x429.jpg 600w\" sizes=\"(max-width: 1920px) 100vw, 1920px\" \/>                        <\/div>\n<\/div>[\/vc_column][\/vc_row]<\/p>\n<\/div>","protected":false},"excerpt":{"rendered":"<p>[vc_row equal_height=&#8221;yes&#8221; css_animation=&#8221;none&#8221; simple_background_image_repeat=&#8221;no-repeat&#8221; disable_background_image=&#8221;&#8221; simple_background_image=&#8221;1321&#8243; background_image_position=&#8221;bottom left&#8221; css=&#8221;.vc_custom_1756224610687{padding-top: 40px !important;padding-bottom: 60px !important;}&#8221;][vc_column css_animation=&#8221;none&#8221;][vc_empty_space][vc_column_text css=&#8221;&#8221;] La mise en vente des billets se fera en 3 etapes: Premi\u00e8re mise en vente des billets Samedi &amp; Dimanche: FIN AVRIL 2025 Deuxi\u00e8me mise [&hellip;]<\/p>\n","protected":false},"author":1,"featured_media":0,"parent":0,"menu_order":0,"comment_status":"closed","ping_status":"closed","template":"","meta":{"footnotes":""},"class_list":["post-7116","page","type-page","status-publish","hentry"],"_links":{"self":[{"href":"https:\/\/normandybeachrace.com\/fr\/wp-json\/wp\/v2\/pages\/7116","targetHints":{"allow":["GET"]}}],"collection":[{"href":"https:\/\/normandybeachrace.com\/fr\/wp-json\/wp\/v2\/pages"}],"about":[{"href":"https:\/\/normandybeachrace.com\/fr\/wp-json\/wp\/v2\/types\/page"}],"author":[{"embeddable":true,"href":"https:\/\/normandybeachrace.com\/fr\/wp-json\/wp\/v2\/users\/1"}],"replies":[{"embeddable":true,"href":"https:\/\/normandybeachrace.com\/fr\/wp-json\/wp\/v2\/comments?post=7116"}],"version-history":[{"count":3,"href":"https:\/\/normandybeachrace.com\/fr\/wp-json\/wp\/v2\/pages\/7116\/revisions"}],"predecessor-version":[{"id":9089,"href":"https:\/\/normandybeachrace.com\/fr\/wp-json\/wp\/v2\/pages\/7116\/revisions\/9089"}],"wp:attachment":[{"href":"https:\/\/normandybeachrace.com\/fr\/wp-json\/wp\/v2\/media?parent=7116"}],"curies":[{"name":"wp","href":"https:\/\/api.w.org\/{rel}","templated":true}]}}