{"id":5868,"date":"2021-04-04T08:25:44","date_gmt":"2021-04-04T07:25:44","guid":{"rendered":"https:\/\/normandybeachrace.com\/?page_id=5868"},"modified":"2025-05-16T17:02:42","modified_gmt":"2025-05-16T15:02:42","slug":"partenariats","status":"publish","type":"page","link":"https:\/\/normandybeachrace.com\/fr\/partenariats\/","title":{"rendered":"Partenariats"},"content":{"rendered":"<div class=\"wpb-content-wrapper\"><p>[vc_row][vc_column]<div class=\"mkdf-elements-holder   mkdf-one-column  mkdf-responsive-mode-768 \" ><div class=\"mkdf-eh-item     \" data-item-class=\"mkdf-eh-custom-8287\">\n\t<div class=\"mkdf-eh-background-holder\"  ><\/div>\n\t<div class=\"mkdf-eh-item-inner\">\n\t\t<div class=\"mkdf-eh-item-content mkdf-eh-custom-8287\" style=\"padding: 20px 0px 0px 0px\">\n\t\t\t<div class=\"mkdf-section-title-holder  mkdf-st-top-tagline-position mkdf-st-center-position mkdf-st-bottom-image-position \" style=\"text-align: center\">\n\t<div class=\"mkdf-st-inner\">\n\t\t\t\t\t\t\t\t\t<h2 class=\"mkdf-st-title\" style=\"color: #06569e\">\n\t\t\t\tPartenariats\t\t\t<\/h2>\n\t\t\t\t\t\t\t\t\t<p class=\"mkdf-st-text\" >\n\t\t\t\tLa Normandy Beach Race s\u2019impose au fil de ses \u00e9ditions comme un rendez-vous international \u00e0 ne pas manquer sur la c\u00f4te normande.\t\t\t<\/p>\n\t\t\t\t\t\t\t\t\t<\/div>\n<\/div><div class=\"mkdf-section-title-holder  mkdf-st-top-tagline-position mkdf-st-center-position mkdf-st-bottom-image-position \" style=\"text-align: center\">\n\t<div class=\"mkdf-st-inner\">\n\t\t\t\t\t\t\t\t\t\t\t\t\t<p class=\"mkdf-st-text\" >\n\t\t\t\tA\u0300 travers son format ine\u0301dit en France et profitant d\u2019un cadre exceptionnel, cet \u00e9v\u00e9nement offre un grande potentiel et a de\u0301ja\u0300 rencontre\u0301 son public (+ de 100 000 visiteurs lors des pr\u00e9c\u00e9dentes \u00e9ditions)\t\t\t<\/p>\n\t\t\t\t\t\t\t\t\t<\/div>\n<\/div><div class=\"mkdf-section-title-holder  mkdf-st-top-tagline-position mkdf-st-center-position mkdf-st-bottom-image-position \" style=\"text-align: center\">\n\t<div class=\"mkdf-st-inner\">\n\t\t\t\t\t\t\t\t\t\t\t\t\t<p class=\"mkdf-st-text\" >\n\t\t\t\tVous souhaitez devenir partenaire, vous associer \u00e0 un \u00e9v\u00e9nement unique en son genre en France, contactez-nous via le formulaire ci-dessous:\t\t\t<\/p>\n\t\t\t\t\t\t\t\t\t<\/div>\n<\/div>[vc_empty_space height=&#8221;25px&#8221;]<div class=\"wpforms-container wpforms-container-full\" id=\"wpforms-8327\"><form id=\"wpforms-form-8327\" class=\"wpforms-validate wpforms-form wpforms-ajax-form\" data-formid=\"8327\" method=\"post\" enctype=\"multipart\/form-data\" action=\"\/fr\/wp-json\/wp\/v2\/pages\/5868\" data-token=\"5aa9d6899c9e6d97e7183f8dd1fe49d3\" data-token-time=\"1775550378\"><noscript class=\"wpforms-error-noscript\">Veuillez activer JavaScript dans votre navigateur pour remplir ce formulaire.<\/noscript><div class=\"wpforms-field-container\"><div id=\"wpforms-8327-field_8-container\" class=\"wpforms-field wpforms-field-layout\" data-field-id=\"8\"><div class=\"wpforms-field-layout-rows wpforms-field-large\"><div class=\"wpforms-layout-row\"><div class=\"wpforms-layout-column wpforms-layout-column-50\"><div id=\"wpforms-8327-field_1-container\" class=\"wpforms-field wpforms-field-name\" data-field-id=\"1\"><label class=\"wpforms-field-label\">Name <span class=\"wpforms-required-label\">*<\/span><\/label><div class=\"wpforms-field-row wpforms-field-medium\"><div class=\"wpforms-field-row-block wpforms-first wpforms-one-half\"><input type=\"text\" id=\"wpforms-8327-field_1\" class=\"wpforms-field-name-first wpforms-field-required\" name=\"wpforms[fields][1][first]\" required><label for=\"wpforms-8327-field_1\" class=\"wpforms-field-sublabel after\">Pr\u00e9nom<\/label><\/div><div class=\"wpforms-field-row-block wpforms-one-half\"><input type=\"text\" id=\"wpforms-8327-field_1-last\" class=\"wpforms-field-name-last wpforms-field-required\" name=\"wpforms[fields][1][last]\" required><label for=\"wpforms-8327-field_1-last\" class=\"wpforms-field-sublabel after\">Nom<\/label><\/div><\/div><\/div><\/div><div class=\"wpforms-layout-column wpforms-layout-column-50\"><div id=\"wpforms-8327-field_2-container\" class=\"wpforms-field wpforms-field-email\" data-field-id=\"2\"><label class=\"wpforms-field-label\" for=\"wpforms-8327-field_2\">E-mail <span class=\"wpforms-required-label\">*<\/span><\/label><input type=\"email\" id=\"wpforms-8327-field_2\" class=\"wpforms-field-medium wpforms-field-required\" name=\"wpforms[fields][2]\" spellcheck=\"false\" required><\/div><\/div><\/div><div class=\"wpforms-layout-row\"><div class=\"wpforms-layout-column wpforms-layout-column-50\"><div id=\"wpforms-8327-field_6-container\" class=\"wpforms-field wpforms-field-phone\" data-field-id=\"6\"><label class=\"wpforms-field-label\" for=\"wpforms-8327-field_6\">T\u00e9l\u00e9phone <span class=\"wpforms-required-label\">*<\/span><\/label><input type=\"tel\" id=\"wpforms-8327-field_6\" class=\"wpforms-field-medium wpforms-field-required\" data-rule-int-phone-field=\"true\" name=\"wpforms[fields][6]\" aria-label=\"T\u00e9l\u00e9phone\" required><\/div><\/div><div class=\"wpforms-layout-column wpforms-layout-column-50\"><div id=\"wpforms-8327-field_17-container\" class=\"wpforms-field wpforms-field-text\" data-field-id=\"17\"><label class=\"wpforms-field-label\" for=\"wpforms-8327-field_17\">Site web ou facebook <span class=\"wpforms-required-label\">*<\/span><\/label><input type=\"text\" id=\"wpforms-8327-field_17\" class=\"wpforms-field-medium wpforms-field-required\" name=\"wpforms[fields][17]\" required><\/div><\/div><\/div><\/div><\/div><div id=\"wpforms-8327-field_3-container\" class=\"wpforms-field wpforms-field-textarea\" data-field-id=\"3\"><label class=\"wpforms-field-label\" for=\"wpforms-8327-field_3\">Message <span class=\"wpforms-required-label\">*<\/span><\/label><textarea id=\"wpforms-8327-field_3\" class=\"wpforms-field-medium wpforms-field-required\" name=\"wpforms[fields][3]\" required><\/textarea><\/div><\/div><!-- .wpforms-field-container --><div class=\"wpforms-recaptcha-container wpforms-is-recaptcha wpforms-is-recaptcha-type-v3\" ><input type=\"hidden\" name=\"wpforms[recaptcha]\" value=\"\"><\/div><div class=\"wpforms-submit-container\" ><input type=\"hidden\" name=\"wpforms[id]\" value=\"8327\"><input type=\"hidden\" name=\"page_title\" value=\"\"><input type=\"hidden\" name=\"page_url\" value=\"https:\/\/normandybeachrace.com\/fr\/wp-json\/wp\/v2\/pages\/5868\"><input type=\"hidden\" name=\"url_referer\" value=\"\"><button type=\"submit\" name=\"wpforms[submit]\" id=\"wpforms-submit-8327\" class=\"wpforms-submit\" data-alt-text=\"Envoi...\" data-submit-text=\"Envoyer\" aria-live=\"assertive\" value=\"wpforms-submit\">Envoyer<\/button><img decoding=\"async\" src=\"https:\/\/normandybeachrace.com\/wp-content\/plugins\/wpforms\/assets\/images\/submit-spin.svg\" class=\"wpforms-submit-spinner\" style=\"display: none;\" width=\"26\" height=\"26\" alt=\"Chargement en cours\"><\/div><\/form><\/div>  <!-- .wpforms-container -->\t\t<\/div>\n\t\t\t<\/div>\n<\/div><\/div>[\/vc_column][\/vc_row][vc_row equal_height=&#8221;yes&#8221; simple_background_image_repeat=&#8221;no-repeat&#8221; disable_background_image=&#8221;&#8221; simple_background_image=&#8221;1321&#8243; background_image_position=&#8221;bottom left&#8221; css=&#8221;.vc_custom_1588442303949{padding-top: 60px !important;padding-bottom: 60px !important;}&#8221;][vc_column css_animation=&#8221;fadeInLeft&#8221; width=&#8221;1\/2&#8243;]<div class=\"mkdf-single-image-holder   \">\n    <div class=\"mkdf-si-inner\" >\n                                    <img fetchpriority=\"high\" decoding=\"async\" width=\"720\" height=\"960\" src=\"https:\/\/normandybeachrace.com\/wp-content\/uploads\/2021\/04\/harley-caen.jpeg\" class=\"attachment-full size-full\" alt=\"\" srcset=\"https:\/\/normandybeachrace.com\/wp-content\/uploads\/2021\/04\/harley-caen.jpeg 720w, https:\/\/normandybeachrace.com\/wp-content\/uploads\/2021\/04\/harley-caen-600x800.jpeg 600w, https:\/\/normandybeachrace.com\/wp-content\/uploads\/2021\/04\/harley-caen-225x300.jpeg 225w\" sizes=\"(max-width: 720px) 100vw, 720px\" \/>                        <\/div>\n<\/div>[vc_empty_space height=&#8221;25px&#8221;][\/vc_column][vc_column css_animation=&#8221;fadeInRight&#8221; width=&#8221;1\/2&#8243; css=&#8221;.vc_custom_1617521111941{padding-bottom: 30px !important;}&#8221;]<div class=\"mkdf-single-image-holder   \">\n    <div class=\"mkdf-si-inner\" >\n                                    <img decoding=\"async\" width=\"1860\" height=\"1240\" src=\"https:\/\/normandybeachrace.com\/wp-content\/uploads\/2021\/04\/renault-03.jpg\" class=\"attachment-full size-full\" alt=\"\" srcset=\"https:\/\/normandybeachrace.com\/wp-content\/uploads\/2021\/04\/renault-03.jpg 1860w, https:\/\/normandybeachrace.com\/wp-content\/uploads\/2021\/04\/renault-03-600x400.jpg 600w, https:\/\/normandybeachrace.com\/wp-content\/uploads\/2021\/04\/renault-03-300x200.jpg 300w, https:\/\/normandybeachrace.com\/wp-content\/uploads\/2021\/04\/renault-03-1024x683.jpg 1024w, https:\/\/normandybeachrace.com\/wp-content\/uploads\/2021\/04\/renault-03-768x512.jpg 768w, https:\/\/normandybeachrace.com\/wp-content\/uploads\/2021\/04\/renault-03-1536x1024.jpg 1536w\" sizes=\"(max-width: 1860px) 100vw, 1860px\" \/>                        <\/div>\n<\/div>[vc_empty_space height=&#8221;25px&#8221;]<div class=\"mkdf-single-image-holder   \">\n    <div class=\"mkdf-si-inner\" >\n                                    <img loading=\"lazy\" decoding=\"async\" width=\"1860\" height=\"1240\" src=\"https:\/\/normandybeachrace.com\/wp-content\/uploads\/2021\/04\/renault-01.jpg\" class=\"attachment-full size-full\" alt=\"\" srcset=\"https:\/\/normandybeachrace.com\/wp-content\/uploads\/2021\/04\/renault-01.jpg 1860w, https:\/\/normandybeachrace.com\/wp-content\/uploads\/2021\/04\/renault-01-600x400.jpg 600w, https:\/\/normandybeachrace.com\/wp-content\/uploads\/2021\/04\/renault-01-300x200.jpg 300w, https:\/\/normandybeachrace.com\/wp-content\/uploads\/2021\/04\/renault-01-1024x683.jpg 1024w, https:\/\/normandybeachrace.com\/wp-content\/uploads\/2021\/04\/renault-01-768x512.jpg 768w, https:\/\/normandybeachrace.com\/wp-content\/uploads\/2021\/04\/renault-01-1536x1024.jpg 1536w\" sizes=\"(max-width: 1860px) 100vw, 1860px\" \/>                        <\/div>\n<\/div>[\/vc_column][\/vc_row][vc_row equal_height=&#8221;yes&#8221; simple_background_image_repeat=&#8221;no-repeat&#8221; disable_background_image=&#8221;&#8221; simple_background_image=&#8221;1321&#8243; background_image_position=&#8221;bottom left&#8221; css=&#8221;.vc_custom_1588442303949{padding-top: 60px !important;padding-bottom: 60px !important;}&#8221;][vc_column css_animation=&#8221;fadeInLeft&#8221; width=&#8221;1\/2&#8243;]<div class=\"mkdf-single-image-holder   \">\n    <div class=\"mkdf-si-inner\" >\n                                    <img loading=\"lazy\" decoding=\"async\" width=\"988\" height=\"657\" src=\"https:\/\/normandybeachrace.com\/wp-content\/uploads\/2021\/04\/zspace-don-papa.jpg\" class=\"attachment-full size-full\" alt=\"\" srcset=\"https:\/\/normandybeachrace.com\/wp-content\/uploads\/2021\/04\/zspace-don-papa.jpg 988w, https:\/\/normandybeachrace.com\/wp-content\/uploads\/2021\/04\/zspace-don-papa-600x399.jpg 600w, https:\/\/normandybeachrace.com\/wp-content\/uploads\/2021\/04\/zspace-don-papa-300x199.jpg 300w, https:\/\/normandybeachrace.com\/wp-content\/uploads\/2021\/04\/zspace-don-papa-768x511.jpg 768w\" sizes=\"(max-width: 988px) 100vw, 988px\" \/>                        <\/div>\n<\/div>[vc_empty_space height=&#8221;25px&#8221;][\/vc_column][vc_column css_animation=&#8221;fadeInRight&#8221; width=&#8221;1\/2&#8243; css=&#8221;.vc_custom_1617520853642{padding-bottom: 30px !important;}&#8221;]<div class=\"mkdf-single-image-holder   \">\n    <div class=\"mkdf-si-inner\" >\n                                    <img loading=\"lazy\" decoding=\"async\" width=\"1600\" height=\"1064\" src=\"https:\/\/normandybeachrace.com\/wp-content\/uploads\/2021\/04\/Espace-don-papa.jpeg\" class=\"attachment-full size-full\" alt=\"\" srcset=\"https:\/\/normandybeachrace.com\/wp-content\/uploads\/2021\/04\/Espace-don-papa.jpeg 1600w, https:\/\/normandybeachrace.com\/wp-content\/uploads\/2021\/04\/Espace-don-papa-600x399.jpeg 600w, https:\/\/normandybeachrace.com\/wp-content\/uploads\/2021\/04\/Espace-don-papa-300x200.jpeg 300w, https:\/\/normandybeachrace.com\/wp-content\/uploads\/2021\/04\/Espace-don-papa-1024x681.jpeg 1024w, https:\/\/normandybeachrace.com\/wp-content\/uploads\/2021\/04\/Espace-don-papa-768x511.jpeg 768w, https:\/\/normandybeachrace.com\/wp-content\/uploads\/2021\/04\/Espace-don-papa-1536x1021.jpeg 1536w\" sizes=\"(max-width: 1600px) 100vw, 1600px\" \/>                        <\/div>\n<\/div>[\/vc_column][\/vc_row]<\/p>\n<\/div>","protected":false},"excerpt":{"rendered":"<p>[vc_row][vc_column][\/vc_column][\/vc_row][vc_row equal_height=&#8221;yes&#8221; simple_background_image_repeat=&#8221;no-repeat&#8221; disable_background_image=&#8221;&#8221; simple_background_image=&#8221;1321&#8243; background_image_position=&#8221;bottom left&#8221; css=&#8221;.vc_custom_1588442303949{padding-top: 60px !important;padding-bottom: 60px !important;}&#8221;][vc_column css_animation=&#8221;fadeInLeft&#8221; width=&#8221;1\/2&#8243;][vc_empty_space height=&#8221;25px&#8221;][\/vc_column][vc_column css_animation=&#8221;fadeInRight&#8221; width=&#8221;1\/2&#8243; css=&#8221;.vc_custom_1617521111941{padding-bottom: 30px !important;}&#8221;][vc_empty_space height=&#8221;25px&#8221;][\/vc_column][\/vc_row][vc_row equal_height=&#8221;yes&#8221; simple_background_image_repeat=&#8221;no-repeat&#8221; disable_background_image=&#8221;&#8221; simple_background_image=&#8221;1321&#8243; background_image_position=&#8221;bottom left&#8221; css=&#8221;.vc_custom_1588442303949{padding-top: 60px !important;padding-bottom: 60px !important;}&#8221;][vc_column css_animation=&#8221;fadeInLeft&#8221; width=&#8221;1\/2&#8243;][vc_empty_space height=&#8221;25px&#8221;][\/vc_column][vc_column css_animation=&#8221;fadeInRight&#8221; width=&#8221;1\/2&#8243; css=&#8221;.vc_custom_1617520853642{padding-bottom: 30px !important;}&#8221;][\/vc_column][\/vc_row]<\/p>\n","protected":false},"author":1,"featured_media":0,"parent":0,"menu_order":0,"comment_status":"closed","ping_status":"closed","template":"","meta":{"footnotes":""},"class_list":["post-5868","page","type-page","status-publish","hentry"],"_links":{"self":[{"href":"https:\/\/normandybeachrace.com\/fr\/wp-json\/wp\/v2\/pages\/5868","targetHints":{"allow":["GET"]}}],"collection":[{"href":"https:\/\/normandybeachrace.com\/fr\/wp-json\/wp\/v2\/pages"}],"about":[{"href":"https:\/\/normandybeachrace.com\/fr\/wp-json\/wp\/v2\/types\/page"}],"author":[{"embeddable":true,"href":"https:\/\/normandybeachrace.com\/fr\/wp-json\/wp\/v2\/users\/1"}],"replies":[{"embeddable":true,"href":"https:\/\/normandybeachrace.com\/fr\/wp-json\/wp\/v2\/comments?post=5868"}],"version-history":[{"count":3,"href":"https:\/\/normandybeachrace.com\/fr\/wp-json\/wp\/v2\/pages\/5868\/revisions"}],"predecessor-version":[{"id":8510,"href":"https:\/\/normandybeachrace.com\/fr\/wp-json\/wp\/v2\/pages\/5868\/revisions\/8510"}],"wp:attachment":[{"href":"https:\/\/normandybeachrace.com\/fr\/wp-json\/wp\/v2\/media?parent=5868"}],"curies":[{"name":"wp","href":"https:\/\/api.w.org\/{rel}","templated":true}]}}