{"id":3632,"date":"2020-04-27T17:31:52","date_gmt":"2020-04-27T16:31:52","guid":{"rendered":"https:\/\/normandybeachrace.com\/?page_id=3632"},"modified":"2025-03-12T13:35:10","modified_gmt":"2025-03-12T12:35:10","slug":"presse","status":"publish","type":"page","link":"https:\/\/normandybeachrace.com\/fr\/presse\/","title":{"rendered":"Presse"},"content":{"rendered":"<div class=\"wpb-content-wrapper\"><p>[vc_row][vc_column css_animation=&#8221;fadeInDown&#8221;]<div class=\"mkdf-single-image-holder   \">\n    <div class=\"mkdf-si-inner\" >\n                                    <img fetchpriority=\"high\" decoding=\"async\" width=\"2000\" height=\"574\" src=\"https:\/\/normandybeachrace.com\/wp-content\/uploads\/2020\/04\/normandy_beach_race_press_banner.jpg\" class=\"attachment-full size-full\" alt=\"normandy_beach_race_press_banner\" srcset=\"https:\/\/normandybeachrace.com\/wp-content\/uploads\/2020\/04\/normandy_beach_race_press_banner.jpg 2000w, https:\/\/normandybeachrace.com\/wp-content\/uploads\/2020\/04\/normandy_beach_race_press_banner-600x172.jpg 600w, https:\/\/normandybeachrace.com\/wp-content\/uploads\/2020\/04\/normandy_beach_race_press_banner-300x86.jpg 300w, https:\/\/normandybeachrace.com\/wp-content\/uploads\/2020\/04\/normandy_beach_race_press_banner-1024x294.jpg 1024w, https:\/\/normandybeachrace.com\/wp-content\/uploads\/2020\/04\/normandy_beach_race_press_banner-768x220.jpg 768w, https:\/\/normandybeachrace.com\/wp-content\/uploads\/2020\/04\/normandy_beach_race_press_banner-1536x441.jpg 1536w\" sizes=\"(max-width: 2000px) 100vw, 2000px\" \/>                        <\/div>\n<\/div>[\/vc_column][\/vc_row][vc_row][vc_column]<div class=\"mkdf-elements-holder   mkdf-one-column  mkdf-responsive-mode-768 \" ><div class=\"mkdf-eh-item     \" data-item-class=\"mkdf-eh-custom-4396\">\n\t<div class=\"mkdf-eh-background-holder\"  ><\/div>\n\t<div class=\"mkdf-eh-item-inner\">\n\t\t<div class=\"mkdf-eh-item-content mkdf-eh-custom-4396\" style=\"padding: 20px 0px 0px 0px\">\n\t\t\t<div class=\"mkdf-section-title-holder  mkdf-st-top-tagline-position mkdf-st-center-position mkdf-st-bottom-image-position \" style=\"text-align: center\">\n\t<div class=\"mkdf-st-inner\">\n\t\t\t\t\t\t\t\t\t<h2 class=\"mkdf-st-title\" style=\"color: #06569e\">\n\t\t\t\tPresse\t\t\t<\/h2>\n\t\t\t\t\t\t\t\t\t\t\t\t\t<\/div>\n<\/div>[vc_empty_space height=&#8221;25px&#8221;]\t\t<\/div>\n\t\t\t<\/div>\n<\/div><\/div>[\/vc_column][\/vc_row][vc_row equal_height=&#8221;yes&#8221; simple_background_image_repeat=&#8221;no-repeat&#8221; disable_background_image=&#8221;&#8221; simple_background_image=&#8221;1321&#8243; background_image_position=&#8221;bottom left&#8221; css=&#8221;.vc_custom_1588442303949{padding-top: 60px !important;padding-bottom: 60px !important;}&#8221;][vc_column css_animation=&#8221;fadeInLeft&#8221; width=&#8221;1\/4&#8243;]<div class=\"mkdf-single-image-holder   \">\n    <div class=\"mkdf-si-inner\" >\n                                    <img decoding=\"async\" width=\"1739\" height=\"2560\" src=\"https:\/\/normandybeachrace.com\/wp-content\/uploads\/2019\/08\/EBR_9817-moto-FN-scaled.jpg\" class=\"attachment-full size-full\" alt=\"\" srcset=\"https:\/\/normandybeachrace.com\/wp-content\/uploads\/2019\/08\/EBR_9817-moto-FN-scaled.jpg 1739w, https:\/\/normandybeachrace.com\/wp-content\/uploads\/2019\/08\/EBR_9817-moto-FN-600x883.jpg 600w, https:\/\/normandybeachrace.com\/wp-content\/uploads\/2019\/08\/EBR_9817-moto-FN-204x300.jpg 204w, https:\/\/normandybeachrace.com\/wp-content\/uploads\/2019\/08\/EBR_9817-moto-FN-696x1024.jpg 696w, https:\/\/normandybeachrace.com\/wp-content\/uploads\/2019\/08\/EBR_9817-moto-FN-768x1131.jpg 768w, https:\/\/normandybeachrace.com\/wp-content\/uploads\/2019\/08\/EBR_9817-moto-FN-1043x1536.jpg 1043w, https:\/\/normandybeachrace.com\/wp-content\/uploads\/2019\/08\/EBR_9817-moto-FN-1391x2048.jpg 1391w\" sizes=\"(max-width: 1739px) 100vw, 1739px\" \/>                        <\/div>\n<\/div>[\/vc_column][vc_column width=&#8221;1\/2&#8243; css=&#8221;.vc_custom_1588441373337{padding-bottom: 30px !important;}&#8221;]<div class=\"mkdf-elements-holder   mkdf-one-column  mkdf-responsive-mode-768 \" ><div class=\"mkdf-eh-item   mkdf-horizontal-alignment-center  \" data-item-class=\"mkdf-eh-custom-7320\" data-1025-1399=\"0px 0px 0px 0px\" data-769-1024=\"0px 0px 0px 0px\" data-681-768=\"0px 0px 0px 0px\" data-680=\"0px 0px 0px 0px\">\n\t<div class=\"mkdf-eh-background-holder\"  ><\/div>\n\t<div class=\"mkdf-eh-item-inner\">\n\t\t<div class=\"mkdf-eh-item-content mkdf-eh-custom-7320\" style=\"padding: 0px 70px 0px 70px\">\n\t\t\t<div class=\"mkdf-section-title-holder  mkdf-st-top-tagline-position mkdf-st-center-position mkdf-st-bottom-image-position \" style=\"text-align: center\">\n\t<div class=\"mkdf-st-inner\">\n\t\t\t\t\t\t\t\t\t\t\t\t\t<p class=\"mkdf-st-text\" >\n\t\t\t\tNous sommes heureux d\u2019accueillir des photographes et m\u00e9dias du monde entier dans le cadre exceptionnel de la plage de Riva-Bella \u00e0 Ouistreham.\t\t\t<\/p>\n\t\t\t\t\t\t\t\t\t<\/div>\n<\/div><div class=\"mkdf-section-title-holder  mkdf-st-top-tagline-position mkdf-st-center-position mkdf-st-bottom-image-position \" style=\"text-align: center\">\n\t<div class=\"mkdf-st-inner\">\n\t\t\t\t\t\t\t\t\t\t\t\t\t<p class=\"mkdf-st-text\" >\n\t\t\t\tPour les demandes d\u2019accr\u00e9ditations, merci de remplir le formulaire ci-dessous en pr\u00e9cisant que vous disposez bien d\u2019une assurance couvrant les risques corporels et dommages mat\u00e9riels.\t\t\t<\/p>\n\t\t\t\t\t\t\t\t\t<\/div>\n<\/div><div class=\"mkdf-section-title-holder  mkdf-st-top-tagline-position mkdf-st-center-position mkdf-st-bottom-image-position \" style=\"text-align: center\">\n\t<div class=\"mkdf-st-inner\">\n\t\t\t\t\t\t\t\t\t\t\t\t\t<p class=\"mkdf-st-text\" >\n\t\t\t\tL\u2019acc\u00e8s \u00e0 la piste et au paddock est r\u00e9serv\u00e9 aux pilotes et aux personnes accr\u00e9dit\u00e9es ; le nombre de place est tr\u00e8s limit\u00e9e pour des questions de s\u00e9curit\u00e9.\t\t\t<\/p>\n\t\t\t\t\t\t\t\t\t<\/div>\n<\/div><div class=\"mkdf-section-title-holder  mkdf-st-top-tagline-position mkdf-st-center-position mkdf-st-bottom-image-position \" style=\"text-align: center\">\n\t<div class=\"mkdf-st-inner\">\n\t\t\t\t\t\t\t\t\t\t\t\t\t<p class=\"mkdf-st-text\" >\n\t\t\t\tToutes les personnes accr\u00e9dit\u00e9es devront rev\u00eatir une tenue \u00ab p\u00e9riode correcte 40\/50 \u00bb pour acc\u00e9der \u00e0 la piste et devront se conformer aux r\u00e8gles et exigences des commissaires de piste garants de l\u2019organisation sur le sable.\t\t\t<\/p>\n\t\t\t\t\t\t\t\t\t<\/div>\n<\/div>\t\t<\/div>\n\t\t\t<\/div>\n<\/div><\/div>[\/vc_column][vc_column css_animation=&#8221;fadeInRight&#8221; width=&#8221;1\/4&#8243;]<div class=\"mkdf-single-image-holder   \">\n    <div class=\"mkdf-si-inner\" >\n                                    <img decoding=\"async\" width=\"1707\" height=\"2560\" src=\"https:\/\/normandybeachrace.com\/wp-content\/uploads\/2019\/08\/NBR2019_BenRadatz30-casque-nice-scaled.jpg\" class=\"attachment-full size-full\" alt=\"\" srcset=\"https:\/\/normandybeachrace.com\/wp-content\/uploads\/2019\/08\/NBR2019_BenRadatz30-casque-nice-scaled.jpg 1707w, https:\/\/normandybeachrace.com\/wp-content\/uploads\/2019\/08\/NBR2019_BenRadatz30-casque-nice-600x900.jpg 600w, https:\/\/normandybeachrace.com\/wp-content\/uploads\/2019\/08\/NBR2019_BenRadatz30-casque-nice-200x300.jpg 200w, https:\/\/normandybeachrace.com\/wp-content\/uploads\/2019\/08\/NBR2019_BenRadatz30-casque-nice-683x1024.jpg 683w, https:\/\/normandybeachrace.com\/wp-content\/uploads\/2019\/08\/NBR2019_BenRadatz30-casque-nice-768x1152.jpg 768w, https:\/\/normandybeachrace.com\/wp-content\/uploads\/2019\/08\/NBR2019_BenRadatz30-casque-nice-1024x1536.jpg 1024w, https:\/\/normandybeachrace.com\/wp-content\/uploads\/2019\/08\/NBR2019_BenRadatz30-casque-nice-1365x2048.jpg 1365w\" sizes=\"(max-width: 1707px) 100vw, 1707px\" \/>                        <\/div>\n<\/div>[\/vc_column][\/vc_row][vc_row equal_height=&#8221;yes&#8221; simple_background_image_repeat=&#8221;no-repeat&#8221; disable_background_image=&#8221;&#8221; simple_background_image=&#8221;1321&#8243; background_image_position=&#8221;bottom left&#8221; css=&#8221;.vc_custom_1588442303949{padding-top: 60px !important;padding-bottom: 60px !important;}&#8221;][vc_column css_animation=&#8221;fadeInLeft&#8221;]<div class=\"mkdf-section-title-holder  mkdf-st-top-tagline-position mkdf-st-center-position mkdf-st-bottom-image-position \" style=\"text-align: center\">\n\t<div class=\"mkdf-st-inner\">\n\t\t\t\t\t\t\t\t\t<h2 class=\"mkdf-st-title\" >\n\t\t\t\tExemples de tenues ann\u00e9es 40\/50\t\t\t<\/h2>\n\t\t\t\t\t\t\t\t\t\t\t\t\t<\/div>\n<\/div>[\/vc_column][\/vc_row][vc_row equal_height=&#8221;yes&#8221; simple_background_image_repeat=&#8221;no-repeat&#8221; disable_background_image=&#8221;&#8221; simple_background_image=&#8221;1321&#8243; background_image_position=&#8221;bottom left&#8221; css=&#8221;.vc_custom_1588442303949{padding-top: 60px !important;padding-bottom: 60px !important;}&#8221;][vc_column css_animation=&#8221;none&#8221; width=&#8221;1\/4&#8243; css=&#8221;.vc_custom_1618146661461{padding-bottom: 30px !important;}&#8221;]<div class=\"mkdf-single-image-holder   \">\n    <div class=\"mkdf-si-inner\" >\n                                    <img loading=\"lazy\" decoding=\"async\" width=\"800\" height=\"1200\" src=\"https:\/\/normandybeachrace.com\/wp-content\/uploads\/2021\/04\/brulez-NORMANDY-BEACH-RACE-2019-1160659-Modifier-Bonamy-1.jpg\" class=\"attachment-full size-full\" alt=\"\" srcset=\"https:\/\/normandybeachrace.com\/wp-content\/uploads\/2021\/04\/brulez-NORMANDY-BEACH-RACE-2019-1160659-Modifier-Bonamy-1.jpg 800w, https:\/\/normandybeachrace.com\/wp-content\/uploads\/2021\/04\/brulez-NORMANDY-BEACH-RACE-2019-1160659-Modifier-Bonamy-1-600x900.jpg 600w, https:\/\/normandybeachrace.com\/wp-content\/uploads\/2021\/04\/brulez-NORMANDY-BEACH-RACE-2019-1160659-Modifier-Bonamy-1-200x300.jpg 200w, https:\/\/normandybeachrace.com\/wp-content\/uploads\/2021\/04\/brulez-NORMANDY-BEACH-RACE-2019-1160659-Modifier-Bonamy-1-683x1024.jpg 683w, https:\/\/normandybeachrace.com\/wp-content\/uploads\/2021\/04\/brulez-NORMANDY-BEACH-RACE-2019-1160659-Modifier-Bonamy-1-768x1152.jpg 768w\" sizes=\"(max-width: 800px) 100vw, 800px\" \/>                        <\/div>\n<\/div>[\/vc_column][vc_column css_animation=&#8221;none&#8221; width=&#8221;1\/4&#8243; css=&#8221;.vc_custom_1618146493886{padding-bottom: 30px !important;}&#8221;]<div class=\"mkdf-single-image-holder   \">\n    <div class=\"mkdf-si-inner\" >\n                                    <img loading=\"lazy\" decoding=\"async\" width=\"800\" height=\"1200\" src=\"https:\/\/normandybeachrace.com\/wp-content\/uploads\/2021\/04\/brulez-NORMANDY-BEACH-RACE-2019-1160696-portrait-1.jpg\" class=\"attachment-full size-full\" alt=\"\" srcset=\"https:\/\/normandybeachrace.com\/wp-content\/uploads\/2021\/04\/brulez-NORMANDY-BEACH-RACE-2019-1160696-portrait-1.jpg 800w, https:\/\/normandybeachrace.com\/wp-content\/uploads\/2021\/04\/brulez-NORMANDY-BEACH-RACE-2019-1160696-portrait-1-600x900.jpg 600w, https:\/\/normandybeachrace.com\/wp-content\/uploads\/2021\/04\/brulez-NORMANDY-BEACH-RACE-2019-1160696-portrait-1-200x300.jpg 200w, https:\/\/normandybeachrace.com\/wp-content\/uploads\/2021\/04\/brulez-NORMANDY-BEACH-RACE-2019-1160696-portrait-1-683x1024.jpg 683w, https:\/\/normandybeachrace.com\/wp-content\/uploads\/2021\/04\/brulez-NORMANDY-BEACH-RACE-2019-1160696-portrait-1-768x1152.jpg 768w\" sizes=\"(max-width: 800px) 100vw, 800px\" \/>                        <\/div>\n<\/div>[\/vc_column][vc_column css_animation=&#8221;none&#8221; width=&#8221;1\/4&#8243; css=&#8221;.vc_custom_1618146669956{padding-bottom: 30px !important;}&#8221;]<div class=\"mkdf-single-image-holder   \">\n    <div class=\"mkdf-si-inner\" >\n                                    <img loading=\"lazy\" decoding=\"async\" width=\"800\" height=\"1200\" src=\"https:\/\/normandybeachrace.com\/wp-content\/uploads\/2021\/04\/scavone-2019-good-look-176-1.jpg\" class=\"attachment-full size-full\" alt=\"\" srcset=\"https:\/\/normandybeachrace.com\/wp-content\/uploads\/2021\/04\/scavone-2019-good-look-176-1.jpg 800w, https:\/\/normandybeachrace.com\/wp-content\/uploads\/2021\/04\/scavone-2019-good-look-176-1-600x900.jpg 600w, https:\/\/normandybeachrace.com\/wp-content\/uploads\/2021\/04\/scavone-2019-good-look-176-1-200x300.jpg 200w, https:\/\/normandybeachrace.com\/wp-content\/uploads\/2021\/04\/scavone-2019-good-look-176-1-683x1024.jpg 683w, https:\/\/normandybeachrace.com\/wp-content\/uploads\/2021\/04\/scavone-2019-good-look-176-1-768x1152.jpg 768w\" sizes=\"(max-width: 800px) 100vw, 800px\" \/>                        <\/div>\n<\/div>[\/vc_column][vc_column width=&#8221;1\/4&#8243; css=&#8221;.vc_custom_1618146678130{padding-bottom: 30px !important;}&#8221;]<div class=\"mkdf-single-image-holder   \">\n    <div class=\"mkdf-si-inner\" >\n                                    <img loading=\"lazy\" decoding=\"async\" width=\"800\" height=\"1200\" src=\"https:\/\/normandybeachrace.com\/wp-content\/uploads\/2021\/04\/brulez-NORMANDY-BEACH-RACE-2019-1160553-portrait-1.jpg\" class=\"attachment-full size-full\" alt=\"\" srcset=\"https:\/\/normandybeachrace.com\/wp-content\/uploads\/2021\/04\/brulez-NORMANDY-BEACH-RACE-2019-1160553-portrait-1.jpg 800w, https:\/\/normandybeachrace.com\/wp-content\/uploads\/2021\/04\/brulez-NORMANDY-BEACH-RACE-2019-1160553-portrait-1-600x900.jpg 600w, https:\/\/normandybeachrace.com\/wp-content\/uploads\/2021\/04\/brulez-NORMANDY-BEACH-RACE-2019-1160553-portrait-1-200x300.jpg 200w, https:\/\/normandybeachrace.com\/wp-content\/uploads\/2021\/04\/brulez-NORMANDY-BEACH-RACE-2019-1160553-portrait-1-683x1024.jpg 683w, https:\/\/normandybeachrace.com\/wp-content\/uploads\/2021\/04\/brulez-NORMANDY-BEACH-RACE-2019-1160553-portrait-1-768x1152.jpg 768w\" sizes=\"(max-width: 800px) 100vw, 800px\" \/>                        <\/div>\n<\/div>[\/vc_column][\/vc_row][vc_row equal_height=&#8221;yes&#8221; simple_background_image_repeat=&#8221;no-repeat&#8221; disable_background_image=&#8221;&#8221; simple_background_image=&#8221;1321&#8243; background_image_position=&#8221;bottom left&#8221; css=&#8221;.vc_custom_1588442303949{padding-top: 60px !important;padding-bottom: 60px !important;}&#8221;][vc_column css_animation=&#8221;fadeInLeft&#8221;]<div class=\"mkdf-single-image-holder   \">\n    <div class=\"mkdf-si-inner\" >\n                                    <img loading=\"lazy\" decoding=\"async\" width=\"1200\" height=\"800\" src=\"https:\/\/normandybeachrace.com\/wp-content\/uploads\/2021\/04\/JP-DEFAY-2019-pin-up-X3-1.jpg\" class=\"attachment-full size-full\" alt=\"\" srcset=\"https:\/\/normandybeachrace.com\/wp-content\/uploads\/2021\/04\/JP-DEFAY-2019-pin-up-X3-1.jpg 1200w, https:\/\/normandybeachrace.com\/wp-content\/uploads\/2021\/04\/JP-DEFAY-2019-pin-up-X3-1-600x400.jpg 600w, https:\/\/normandybeachrace.com\/wp-content\/uploads\/2021\/04\/JP-DEFAY-2019-pin-up-X3-1-300x200.jpg 300w, https:\/\/normandybeachrace.com\/wp-content\/uploads\/2021\/04\/JP-DEFAY-2019-pin-up-X3-1-1024x683.jpg 1024w, https:\/\/normandybeachrace.com\/wp-content\/uploads\/2021\/04\/JP-DEFAY-2019-pin-up-X3-1-768x512.jpg 768w\" sizes=\"(max-width: 1200px) 100vw, 1200px\" \/>                        <\/div>\n<\/div>[\/vc_column][\/vc_row][vc_row][vc_column]<div class=\"mkdf-elements-holder   mkdf-one-column  mkdf-responsive-mode-768 \" ><div class=\"mkdf-eh-item     \" data-item-class=\"mkdf-eh-custom-2923\">\n\t<div class=\"mkdf-eh-background-holder\"  ><\/div>\n\t<div class=\"mkdf-eh-item-inner\">\n\t\t<div class=\"mkdf-eh-item-content mkdf-eh-custom-2923\" >\n\t\t\t<div class=\"mkdf-section-title-holder  mkdf-st-top-tagline-position mkdf-st-center-position mkdf-st-bottom-image-position \" style=\"text-align: center\">\n\t<div class=\"mkdf-st-inner\">\n\t\t\t\t\t\t\t\t\t<h3 class=\"mkdf-st-title\" style=\"color: #9a2920\">\n\t\t\t\tDemandes d'accr\u00e9ditations\t\t\t<\/h3>\n\t\t\t\t\t\t\t\t\t<p class=\"mkdf-st-text\" >\n\t\t\t\tPour toute demande d'accr\u00e9ditation, veuillez envoyer un mail via le formulaire ci-dessous\t\t\t<\/p>\n\t\t\t\t\t\t\t\t\t<\/div>\n<\/div>[vc_empty_space height=&#8221;40px&#8221;]<div class=\"wpforms-container wpforms-container-full\" id=\"wpforms-8327\"><form id=\"wpforms-form-8327\" class=\"wpforms-validate wpforms-form wpforms-ajax-form\" data-formid=\"8327\" method=\"post\" enctype=\"multipart\/form-data\" action=\"\/fr\/wp-json\/wp\/v2\/pages\/3632\" data-token=\"b2e4a14ac6409baaf05c510637d1f71f\" data-token-time=\"1775395682\"><noscript class=\"wpforms-error-noscript\">Veuillez activer JavaScript dans votre navigateur pour remplir ce formulaire.<\/noscript><div class=\"wpforms-field-container\"><div id=\"wpforms-8327-field_8-container\" class=\"wpforms-field wpforms-field-layout\" data-field-id=\"8\"><div class=\"wpforms-field-layout-rows wpforms-field-large\"><div class=\"wpforms-layout-row\"><div class=\"wpforms-layout-column wpforms-layout-column-50\"><div id=\"wpforms-8327-field_1-container\" class=\"wpforms-field wpforms-field-name\" data-field-id=\"1\"><label class=\"wpforms-field-label\">Name <span class=\"wpforms-required-label\">*<\/span><\/label><div class=\"wpforms-field-row wpforms-field-medium\"><div class=\"wpforms-field-row-block wpforms-first wpforms-one-half\"><input type=\"text\" id=\"wpforms-8327-field_1\" class=\"wpforms-field-name-first wpforms-field-required\" name=\"wpforms[fields][1][first]\" required><label for=\"wpforms-8327-field_1\" class=\"wpforms-field-sublabel after\">Pr\u00e9nom<\/label><\/div><div class=\"wpforms-field-row-block wpforms-one-half\"><input type=\"text\" id=\"wpforms-8327-field_1-last\" class=\"wpforms-field-name-last wpforms-field-required\" name=\"wpforms[fields][1][last]\" required><label for=\"wpforms-8327-field_1-last\" class=\"wpforms-field-sublabel after\">Nom<\/label><\/div><\/div><\/div><\/div><div class=\"wpforms-layout-column wpforms-layout-column-50\"><div id=\"wpforms-8327-field_2-container\" class=\"wpforms-field wpforms-field-email\" data-field-id=\"2\"><label class=\"wpforms-field-label\" for=\"wpforms-8327-field_2\">E-mail <span class=\"wpforms-required-label\">*<\/span><\/label><input type=\"email\" id=\"wpforms-8327-field_2\" class=\"wpforms-field-medium wpforms-field-required\" name=\"wpforms[fields][2]\" spellcheck=\"false\" required><\/div><\/div><\/div><div class=\"wpforms-layout-row\"><div class=\"wpforms-layout-column wpforms-layout-column-50\"><div id=\"wpforms-8327-field_6-container\" class=\"wpforms-field wpforms-field-phone\" data-field-id=\"6\"><label class=\"wpforms-field-label\" for=\"wpforms-8327-field_6\">T\u00e9l\u00e9phone <span class=\"wpforms-required-label\">*<\/span><\/label><input type=\"tel\" id=\"wpforms-8327-field_6\" class=\"wpforms-field-medium wpforms-field-required\" data-rule-int-phone-field=\"true\" name=\"wpforms[fields][6]\" aria-label=\"T\u00e9l\u00e9phone\" required><\/div><\/div><div class=\"wpforms-layout-column wpforms-layout-column-50\"><div id=\"wpforms-8327-field_17-container\" class=\"wpforms-field wpforms-field-text\" data-field-id=\"17\"><label class=\"wpforms-field-label\" for=\"wpforms-8327-field_17\">Site web ou facebook <span class=\"wpforms-required-label\">*<\/span><\/label><input type=\"text\" id=\"wpforms-8327-field_17\" class=\"wpforms-field-medium wpforms-field-required\" name=\"wpforms[fields][17]\" required><\/div><\/div><\/div><\/div><\/div><div id=\"wpforms-8327-field_3-container\" class=\"wpforms-field wpforms-field-textarea\" data-field-id=\"3\"><label class=\"wpforms-field-label\" for=\"wpforms-8327-field_3\">Message <span class=\"wpforms-required-label\">*<\/span><\/label><textarea id=\"wpforms-8327-field_3\" class=\"wpforms-field-medium wpforms-field-required\" name=\"wpforms[fields][3]\" required><\/textarea><\/div><\/div><!-- .wpforms-field-container --><div class=\"wpforms-recaptcha-container wpforms-is-recaptcha wpforms-is-recaptcha-type-v3\" ><input type=\"hidden\" name=\"wpforms[recaptcha]\" value=\"\"><\/div><div class=\"wpforms-submit-container\" ><input type=\"hidden\" name=\"wpforms[id]\" value=\"8327\"><input type=\"hidden\" name=\"page_title\" value=\"\"><input type=\"hidden\" name=\"page_url\" value=\"https:\/\/normandybeachrace.com\/fr\/wp-json\/wp\/v2\/pages\/3632\"><input type=\"hidden\" name=\"url_referer\" value=\"\"><button type=\"submit\" name=\"wpforms[submit]\" id=\"wpforms-submit-8327\" class=\"wpforms-submit\" data-alt-text=\"Envoi...\" data-submit-text=\"Envoyer\" aria-live=\"assertive\" value=\"wpforms-submit\">Envoyer<\/button><img loading=\"lazy\" decoding=\"async\" src=\"https:\/\/normandybeachrace.com\/wp-content\/plugins\/wpforms\/assets\/images\/submit-spin.svg\" class=\"wpforms-submit-spinner\" style=\"display: none;\" width=\"26\" height=\"26\" alt=\"Chargement en cours\"><\/div><\/form><\/div>  <!-- .wpforms-container -->\t\t<\/div>\n\t\t\t<\/div>\n<\/div><\/div>[\/vc_column][\/vc_row]<\/p>\n<\/div>","protected":false},"excerpt":{"rendered":"<p>[vc_row][vc_column css_animation=&#8221;fadeInDown&#8221;][\/vc_column][\/vc_row][vc_row][vc_column][\/vc_column][\/vc_row][vc_row equal_height=&#8221;yes&#8221; simple_background_image_repeat=&#8221;no-repeat&#8221; disable_background_image=&#8221;&#8221; simple_background_image=&#8221;1321&#8243; background_image_position=&#8221;bottom left&#8221; css=&#8221;.vc_custom_1588442303949{padding-top: 60px !important;padding-bottom: 60px !important;}&#8221;][vc_column css_animation=&#8221;fadeInLeft&#8221; width=&#8221;1\/4&#8243;][\/vc_column][vc_column width=&#8221;1\/2&#8243; css=&#8221;.vc_custom_1588441373337{padding-bottom: 30px !important;}&#8221;][\/vc_column][vc_column css_animation=&#8221;fadeInRight&#8221; width=&#8221;1\/4&#8243;][\/vc_column][\/vc_row][vc_row equal_height=&#8221;yes&#8221; simple_background_image_repeat=&#8221;no-repeat&#8221; disable_background_image=&#8221;&#8221; simple_background_image=&#8221;1321&#8243; background_image_position=&#8221;bottom left&#8221; css=&#8221;.vc_custom_1588442303949{padding-top: 60px !important;padding-bottom: 60px !important;}&#8221;][vc_column css_animation=&#8221;fadeInLeft&#8221;][\/vc_column][\/vc_row][vc_row equal_height=&#8221;yes&#8221; simple_background_image_repeat=&#8221;no-repeat&#8221; disable_background_image=&#8221;&#8221; simple_background_image=&#8221;1321&#8243; background_image_position=&#8221;bottom left&#8221; css=&#8221;.vc_custom_1588442303949{padding-top: [&hellip;]<\/p>\n","protected":false},"author":1,"featured_media":0,"parent":0,"menu_order":0,"comment_status":"closed","ping_status":"closed","template":"","meta":{"footnotes":""},"class_list":["post-3632","page","type-page","status-publish","hentry"],"_links":{"self":[{"href":"https:\/\/normandybeachrace.com\/fr\/wp-json\/wp\/v2\/pages\/3632","targetHints":{"allow":["GET"]}}],"collection":[{"href":"https:\/\/normandybeachrace.com\/fr\/wp-json\/wp\/v2\/pages"}],"about":[{"href":"https:\/\/normandybeachrace.com\/fr\/wp-json\/wp\/v2\/types\/page"}],"author":[{"embeddable":true,"href":"https:\/\/normandybeachrace.com\/fr\/wp-json\/wp\/v2\/users\/1"}],"replies":[{"embeddable":true,"href":"https:\/\/normandybeachrace.com\/fr\/wp-json\/wp\/v2\/comments?post=3632"}],"version-history":[{"count":22,"href":"https:\/\/normandybeachrace.com\/fr\/wp-json\/wp\/v2\/pages\/3632\/revisions"}],"predecessor-version":[{"id":8335,"href":"https:\/\/normandybeachrace.com\/fr\/wp-json\/wp\/v2\/pages\/3632\/revisions\/8335"}],"wp:attachment":[{"href":"https:\/\/normandybeachrace.com\/fr\/wp-json\/wp\/v2\/media?parent=3632"}],"curies":[{"name":"wp","href":"https:\/\/api.w.org\/{rel}","templated":true}]}}