{"id":3564,"date":"2020-04-16T16:16:13","date_gmt":"2020-04-16T15:16:13","guid":{"rendered":"https:\/\/normandybeachrace.com\/?page_id=3564"},"modified":"2020-05-24T18:03:18","modified_gmt":"2020-05-24T17:03:18","slug":"retours-echanges","status":"publish","type":"page","link":"https:\/\/normandybeachrace.com\/fr\/retours-echanges\/","title":{"rendered":"Retours \/ Echanges"},"content":{"rendered":"<div class=\"wpb-content-wrapper\"><p>[vc_row row_content_width=&#8221;grid&#8221; disable_background_image=&#8221;&#8221; css=&#8221;.vc_custom_1590335901575{padding-top: 32px !important;padding-bottom: 32px !important;background-position: 0 0 !important;background-repeat: no-repeat !important;}&#8221; simple_background_image=&#8221;2924&#8243;][vc_column offset=&#8221;vc_col-lg-5 vc_col-md-12&#8243;]<div class=\"woocommerce\"><\/div>[\/vc_column][vc_column offset=&#8221;vc_col-lg-7 vc_col-md-12&#8243;][\/vc_column][\/vc_row][vc_row][vc_column][vc_column_text]<\/p>\n<h3><strong>LIVRAISON<\/strong><\/h3>\n<p>La livraison n&#8217;est faite qu&#8217;apr\u00e8s confirmation du paiement par l&#8217;organisme bancaire du vendeur.<br \/>\nLes produits sont livr\u00e9s \u00e0 l&#8217;adresse indiqu\u00e9e par le client sur le formulaire en ligne valant bon de commande, le client devant veiller \u00e0 son exactitude.<br \/>\nTout colis renvoy\u00e9 au vendeur \u00e0 cause d&#8217;une adresse de livraison erron\u00e9e ou incompl\u00e8te sera r\u00e9exp\u00e9di\u00e9 aux frais du client.<br \/>\nSauf en cas de force majeure, la livraison intervient, selon le mode choisi par le client, dans les d\u00e9lais suivants<br \/>\nlivraison standard 5 jours ouvrables.[\/vc_column_text][\/vc_column][\/vc_row][vc_row][vc_column][vc_column_text]<\/p>\n<h3><strong>RETOUR<\/strong><\/h3>\n<p>Le produit \u00e0 \u00e9changer ou \u00e0 rembourser devra \u00eatre retourn\u00e9 au vendeur dans son ensemble et dans son emballage d&#8217;origine, selon les modalit\u00e9s suivantes: produit retourn\u00e9 dans un delais de 30 jours intacts et dans leur \u00e9tat d&#8217;origine, en particulier avec un emballage complet, intact et en \u00e9tat de vente. Toute r\u00e9clamation ou retour non effectu\u00e9 dans les r\u00e8gles d\u00e9finies ci-dessus et dans les d\u00e9lais impartis ne pourra \u00eatre pris en compte et d\u00e9gagera le vendeur de toute responsabilit\u00e9 vis-\u00e0-vis du client. Tout produit \u00e0 \u00e9changer ou \u00e0 rembourser devra \u00eatre retourn\u00e9 au vendeur dans son ensemble et dans son emballage d&#8217;origine. Les frais de retour sont \u00e0 la charge du client.[\/vc_column_text][\/vc_column][\/vc_row][vc_row][vc_column][vc_column_text]<\/p>\n<h3><strong>INDISPONIBILIT\u00c9 DES PRODUITS ET REMBOURSEMENT<\/strong><\/h3>\n<p>En cas d&#8217;indisponibilit\u00e9 d&#8217;un produit command\u00e9, le client en sera inform\u00e9 par courrier \u00e9lectronique. Le client aura la possibilit\u00e9 d&#8217;annuler sa commande et aura ainsi le choix entre le remboursement des sommes par lui vers\u00e9es dans les 30 jours au plus tard de leur versement, ou \u00e0 l&#8217;\u00e9change du produit.[\/vc_column_text][\/vc_column][\/vc_row][vc_row][vc_column]<div class=\"mkdf-section-title-holder  mkdf-st-top-tagline-position mkdf-st-center-position mkdf-st-bottom-image-position \" style=\"text-align: center\">\n\t<div class=\"mkdf-st-inner\">\n\t\t\t\t\t\t\t\t\t\t\t\t\t\t\t\t\t<span class=\"mkdf-st-image\" >\n\t\t\t\t<img fetchpriority=\"high\" decoding=\"async\" width=\"2560\" height=\"1441\" src=\"https:\/\/normandybeachrace.com\/wp-content\/uploads\/2019\/08\/SLR_3751-parade-scaled.jpg\" class=\"attachment-full size-full\" alt=\"\" srcset=\"https:\/\/normandybeachrace.com\/wp-content\/uploads\/2019\/08\/SLR_3751-parade-scaled.jpg 2560w, https:\/\/normandybeachrace.com\/wp-content\/uploads\/2019\/08\/SLR_3751-parade-600x338.jpg 600w, https:\/\/normandybeachrace.com\/wp-content\/uploads\/2019\/08\/SLR_3751-parade-300x169.jpg 300w, https:\/\/normandybeachrace.com\/wp-content\/uploads\/2019\/08\/SLR_3751-parade-1024x576.jpg 1024w, https:\/\/normandybeachrace.com\/wp-content\/uploads\/2019\/08\/SLR_3751-parade-768x432.jpg 768w, https:\/\/normandybeachrace.com\/wp-content\/uploads\/2019\/08\/SLR_3751-parade-1536x864.jpg 1536w\" sizes=\"(max-width: 2560px) 100vw, 2560px\" \/>\t\t\t<\/span>\n\t\t\t\t\t<\/div>\n<\/div>[\/vc_column][\/vc_row]<\/p>\n<\/div>","protected":false},"excerpt":{"rendered":"<p>[vc_row row_content_width=&#8221;grid&#8221; disable_background_image=&#8221;&#8221; css=&#8221;.vc_custom_1590335901575{padding-top: 32px !important;padding-bottom: 32px !important;background-position: 0 0 !important;background-repeat: no-repeat !important;}&#8221; simple_background_image=&#8221;2924&#8243;][vc_column offset=&#8221;vc_col-lg-5 vc_col-md-12&#8243;][\/vc_column][vc_column offset=&#8221;vc_col-lg-7 vc_col-md-12&#8243;][\/vc_column][\/vc_row][vc_row][vc_column][vc_column_text] LIVRAISON La livraison n&#8217;est faite qu&#8217;apr\u00e8s confirmation du paiement par l&#8217;organisme bancaire du vendeur. Les produits sont livr\u00e9s \u00e0 l&#8217;adresse indiqu\u00e9e par [&hellip;]<\/p>\n","protected":false},"author":1,"featured_media":0,"parent":0,"menu_order":0,"comment_status":"closed","ping_status":"closed","template":"","meta":{"footnotes":""},"class_list":["post-3564","page","type-page","status-publish","hentry"],"_links":{"self":[{"href":"https:\/\/normandybeachrace.com\/fr\/wp-json\/wp\/v2\/pages\/3564","targetHints":{"allow":["GET"]}}],"collection":[{"href":"https:\/\/normandybeachrace.com\/fr\/wp-json\/wp\/v2\/pages"}],"about":[{"href":"https:\/\/normandybeachrace.com\/fr\/wp-json\/wp\/v2\/types\/page"}],"author":[{"embeddable":true,"href":"https:\/\/normandybeachrace.com\/fr\/wp-json\/wp\/v2\/users\/1"}],"replies":[{"embeddable":true,"href":"https:\/\/normandybeachrace.com\/fr\/wp-json\/wp\/v2\/comments?post=3564"}],"version-history":[{"count":7,"href":"https:\/\/normandybeachrace.com\/fr\/wp-json\/wp\/v2\/pages\/3564\/revisions"}],"predecessor-version":[{"id":4584,"href":"https:\/\/normandybeachrace.com\/fr\/wp-json\/wp\/v2\/pages\/3564\/revisions\/4584"}],"wp:attachment":[{"href":"https:\/\/normandybeachrace.com\/fr\/wp-json\/wp\/v2\/media?parent=3564"}],"curies":[{"name":"wp","href":"https:\/\/api.w.org\/{rel}","templated":true}]}}