{"id":3319,"date":"2020-04-13T09:56:51","date_gmt":"2020-04-13T08:56:51","guid":{"rendered":"https:\/\/normandybeachrace.com\/?page_id=3319"},"modified":"2025-05-16T18:21:15","modified_gmt":"2025-05-16T16:21:15","slug":"story","status":"publish","type":"page","link":"https:\/\/normandybeachrace.com\/fr\/story\/","title":{"rendered":"A propos"},"content":{"rendered":"<div class=\"wpb-content-wrapper\"><p>[vc_row][vc_column css_animation=&#8221;fadeIn&#8221;]<div class=\"mkdf-elements-holder   mkdf-one-column  mkdf-responsive-mode-768 \" ><div class=\"mkdf-eh-item     \" data-item-class=\"mkdf-eh-custom-7584\" data-1400-1600=\"0px 20px 40px 20px\" data-1025-1399=\"0px 20px 40px 20px\" data-769-1024=\"0px 10px 40px 10px\" data-681-768=\"0px 10px 40px 10px\" data-680=\"0px 10px 40px 10px\">\n\t<div class=\"mkdf-eh-background-holder\"  ><\/div>\n\t<div class=\"mkdf-eh-item-inner\">\n\t\t<div class=\"mkdf-eh-item-content mkdf-eh-custom-7584\" style=\"padding: 0px 20px 40px 20px\">\n\t\t\t<div class=\"mkdf-section-title-holder  mkdf-st-top-tagline-position mkdf-st-center-position mkdf-st-bottom-image-position \" style=\"text-align: center\">\n\t<div class=\"mkdf-st-inner\">\n\t\t\t\t\t\t\t\t\t<h2 class=\"mkdf-st-title\" style=\"color: #1e73be\">\n\t\t\t\tLa Normandy Beach Race...\t\t\t<\/h2>\n\t\t\t\t\t\t\t<h5 class=\"mkdf-st-subtitle\" >\n\t\t\t\tD\u00e9couvrez l'histoire et les organisateurs\t\t\t<\/h5>\n\t\t\t\t\t\t\t\t\t\t\t<\/div>\n<\/div>\t\t<\/div>\n\t\t\t<\/div>\n<\/div><\/div>[\/vc_column][\/vc_row][vc_row][vc_column]<div class=\"mkdf-elements-holder   mkdf-one-column  mkdf-responsive-mode-768 \" ><div class=\"mkdf-eh-item     \" data-item-class=\"mkdf-eh-custom-7732\" data-1400-1600=\"40px 20px 40px 20px\" data-1025-1399=\"40px 20px 40px 20px\" data-769-1024=\"20px 0px 20px 0px\" data-681-768=\"20px 0px 20px 0px\" data-680=\"20px 0px 20px 0px\">\n\t<div class=\"mkdf-eh-background-holder\"  ><\/div>\n\t<div class=\"mkdf-eh-item-inner\">\n\t\t<div class=\"mkdf-eh-item-content mkdf-eh-custom-7732\" style=\"padding: 40px 20px 40px 20px\">\n\t\t\t<div class=\"mkdf-section-title-holder  mkdf-st-top-tagline-position mkdf-st-center-position mkdf-st-bottom-image-position \" style=\"text-align: center\">\n\t<div class=\"mkdf-st-inner\">\n\t\t\t\t\t\t\t\t\t<h2 class=\"mkdf-st-title\" style=\"color: #9a2920\">\n\t\t\t\t\u2018\u2018UNE PLAGE D\u2019HISTOIRE \u2019\u2019\t\t\t<\/h2>\n\t\t\t\t\t\t\t\t\t<p class=\"mkdf-st-text\" >\n\t\t\t\tLes courses organis\u00e9es sur les plages sont une tr\u00e8s ancienne discipline des sports m\u00e9caniques. N\u00e9es aux Etats-Unis, les plus c\u00e9l\u00e8bres eurent lieu au d\u00e9but du 20\u00e8me si\u00e8cle, d\u00e8s que quelques constructeurs et comp\u00e9titeurs eurent l'id\u00e9e de s\u2019affronter sur ces \u00e9tendues plates pour des runs deux par deux.\t\t\t<\/p>\n\t\t\t\t\t\t\t\t\t<\/div>\n<\/div><div class=\"mkdf-section-title-holder  mkdf-st-top-tagline-position mkdf-st-center-position mkdf-st-bottom-image-position \" style=\"text-align: center\">\n\t<div class=\"mkdf-st-inner\">\n\t\t\t\t\t\t\t\t\t\t\t\t\t<p class=\"mkdf-st-text\" >\n\t\t\t\tDaytona, en Floride, est sans doute la plus c\u00e9l\u00e8bre mais il y eu aussi en France des \u00e9preuves, \u00e0 La Baule notamment en 1919. Au Danemark, sur l\u2019\u00eele de Romo, cela existe depuis cent ans, \u00e0 Pendine en Angleterre cela fait partie de la culture locale. Avec The Race of Gentlemen (le TROG), des amateurs de vintage ont relanc\u00e9 cette pratique, sur la c\u00f4te-est, \u00e0 Wildwood, ou encore en Californie, \u00e0 Pismo en 2016.\t\t\t<\/p>\n\t\t\t\t\t\t\t\t\t<\/div>\n<\/div><div class=\"mkdf-section-title-holder  mkdf-st-top-tagline-position mkdf-st-center-position mkdf-st-bottom-image-position \" style=\"text-align: center\">\n\t<div class=\"mkdf-st-inner\">\n\t\t\t\t\t\t\t\t\t\t\t\t\t<p class=\"mkdf-st-text\" >\n\t\t\t\tTrois amis de la r\u00e9gion parisienne, Thomas Herv\u00e9, Jean-Marc Lazzari et Marc F\u00e9lix, participants assidus \u00e0 ces runs de plage \u00e0 l'autre bout de l\u2019atlantique ou au bord du Pacifique, en Angleterre et au Danemark, ont mis en commun leur passion et leur \u00e9nergie pour organiser en France une \u00e9preuve de ce type en Normandie.\t\t\t<\/p>\n\t\t\t\t\t\t\t\t\t<\/div>\n<\/div><div class=\"mkdf-section-title-holder  mkdf-st-top-tagline-position mkdf-st-center-position mkdf-st-bottom-image-position \" style=\"text-align: center\">\n\t<div class=\"mkdf-st-inner\">\n\t\t\t\t\t\t\t\t\t\t\t\t\t<p class=\"mkdf-st-text\" >\n\t\t\t\tIls vous donnent rendez-vous les 19, 20 et 21 septembre 2025 sur la plage de Riva-Bella \u00e0 Ouistreham pour d\u00e9couvrir ces d\u00e9monstrations fortes et in\u00e9dites sur 1\/8 de miles (200m) d\u2019autos et motos pr\u00e9-1947.\t\t\t<\/p>\n\t\t\t\t\t\t\t\t\t<\/div>\n<\/div>\t\t<\/div>\n\t\t\t<\/div>\n<\/div><\/div>[\/vc_column][\/vc_row]<div class=\"mkdf-elements-holder   mkdf-one-column  mkdf-responsive-mode-768 \" ><div class=\"mkdf-eh-item   mkdf-horizontal-alignment-center mkdf-element-from-left \" data-item-class=\"mkdf-eh-custom-5993\" data-animation=\"mkdf-element-from-left\">\n\t<div class=\"mkdf-eh-background-holder\"  ><\/div>\n\t<div class=\"mkdf-eh-item-inner\">\n\t\t<div class=\"mkdf-eh-item-content mkdf-eh-custom-5993\" >\n\t\t\t<div class=\"mkdf-single-image-holder   \">\n    <div class=\"mkdf-si-inner\" >\n                                    <img fetchpriority=\"high\" decoding=\"async\" width=\"1920\" height=\"2560\" src=\"https:\/\/normandybeachrace.com\/wp-content\/uploads\/2020\/05\/les_oragnisateurs_de_la_normandy_beach_race-scaled.jpeg\" class=\"attachment-full size-full\" alt=\"les_organisateurs_de_la_normandy_beach_race\" srcset=\"https:\/\/normandybeachrace.com\/wp-content\/uploads\/2020\/05\/les_oragnisateurs_de_la_normandy_beach_race-scaled.jpeg 1920w, https:\/\/normandybeachrace.com\/wp-content\/uploads\/2020\/05\/les_oragnisateurs_de_la_normandy_beach_race-600x800.jpeg 600w, https:\/\/normandybeachrace.com\/wp-content\/uploads\/2020\/05\/les_oragnisateurs_de_la_normandy_beach_race-225x300.jpeg 225w, https:\/\/normandybeachrace.com\/wp-content\/uploads\/2020\/05\/les_oragnisateurs_de_la_normandy_beach_race-768x1024.jpeg 768w, https:\/\/normandybeachrace.com\/wp-content\/uploads\/2020\/05\/les_oragnisateurs_de_la_normandy_beach_race-1152x1536.jpeg 1152w, https:\/\/normandybeachrace.com\/wp-content\/uploads\/2020\/05\/les_oragnisateurs_de_la_normandy_beach_race-1536x2048.jpeg 1536w\" sizes=\"(max-width: 1920px) 100vw, 1920px\" \/>                        <\/div>\n<\/div>\t\t<\/div>\n\t\t\t<\/div>\n<\/div><\/div>[vc_row][vc_column]<div class=\"mkdf-elements-holder   mkdf-one-column  mkdf-responsive-mode-768 \" ><div class=\"mkdf-eh-item   mkdf-horizontal-alignment-center mkdf-element-from-right \" data-item-class=\"mkdf-eh-custom-5789\" data-animation=\"mkdf-element-from-right\">\n\t<div class=\"mkdf-eh-background-holder\"  ><\/div>\n\t<div class=\"mkdf-eh-item-inner\">\n\t\t<div class=\"mkdf-eh-item-content mkdf-eh-custom-5789\" >\n\t\t\t[vc_empty_space]<div class=\"mkdf-single-image-holder   \">\n    <div class=\"mkdf-si-inner\" >\n                                    <img decoding=\"async\" width=\"1670\" height=\"1112\" src=\"https:\/\/normandybeachrace.com\/wp-content\/uploads\/2020\/05\/team.jpg\" class=\"attachment-full size-full\" alt=\"team normandy beach race\" srcset=\"https:\/\/normandybeachrace.com\/wp-content\/uploads\/2020\/05\/team.jpg 1670w, https:\/\/normandybeachrace.com\/wp-content\/uploads\/2020\/05\/team-600x400.jpg 600w, https:\/\/normandybeachrace.com\/wp-content\/uploads\/2020\/05\/team-300x200.jpg 300w, https:\/\/normandybeachrace.com\/wp-content\/uploads\/2020\/05\/team-1024x682.jpg 1024w, https:\/\/normandybeachrace.com\/wp-content\/uploads\/2020\/05\/team-768x511.jpg 768w, https:\/\/normandybeachrace.com\/wp-content\/uploads\/2020\/05\/team-1536x1023.jpg 1536w\" sizes=\"(max-width: 1670px) 100vw, 1670px\" \/>                        <\/div>\n<\/div>\t\t<\/div>\n\t\t\t<\/div>\n<\/div><\/div>[\/vc_column][\/vc_row]<\/p>\n<\/div>","protected":false},"excerpt":{"rendered":"<p>[vc_row][vc_column css_animation=&#8221;fadeIn&#8221;][\/vc_column][\/vc_row][vc_row][vc_column][\/vc_column][\/vc_row][vc_row][vc_column][\/vc_column][\/vc_row]<\/p>\n","protected":false},"author":1,"featured_media":0,"parent":0,"menu_order":0,"comment_status":"closed","ping_status":"closed","template":"","meta":{"footnotes":""},"class_list":["post-3319","page","type-page","status-publish","hentry"],"_links":{"self":[{"href":"https:\/\/normandybeachrace.com\/fr\/wp-json\/wp\/v2\/pages\/3319","targetHints":{"allow":["GET"]}}],"collection":[{"href":"https:\/\/normandybeachrace.com\/fr\/wp-json\/wp\/v2\/pages"}],"about":[{"href":"https:\/\/normandybeachrace.com\/fr\/wp-json\/wp\/v2\/types\/page"}],"author":[{"embeddable":true,"href":"https:\/\/normandybeachrace.com\/fr\/wp-json\/wp\/v2\/users\/1"}],"replies":[{"embeddable":true,"href":"https:\/\/normandybeachrace.com\/fr\/wp-json\/wp\/v2\/comments?post=3319"}],"version-history":[{"count":4,"href":"https:\/\/normandybeachrace.com\/fr\/wp-json\/wp\/v2\/pages\/3319\/revisions"}],"predecessor-version":[{"id":8554,"href":"https:\/\/normandybeachrace.com\/fr\/wp-json\/wp\/v2\/pages\/3319\/revisions\/8554"}],"wp:attachment":[{"href":"https:\/\/normandybeachrace.com\/fr\/wp-json\/wp\/v2\/media?parent=3319"}],"curies":[{"name":"wp","href":"https:\/\/api.w.org\/{rel}","templated":true}]}}