{"id":3209,"date":"2020-04-10T15:47:13","date_gmt":"2020-04-10T14:47:13","guid":{"rendered":"https:\/\/normandybeachrace.com\/?page_id=3209"},"modified":"2025-09-18T19:23:32","modified_gmt":"2025-09-18T17:23:32","slug":"venir-se-loger","status":"publish","type":"page","link":"https:\/\/normandybeachrace.com\/fr\/venir-se-loger\/","title":{"rendered":"VENIR \/ SE LOGER"},"content":{"rendered":"<div class=\"wpb-content-wrapper\"><p>[vc_row][vc_column]<div class=\"mkdf-elements-holder   mkdf-one-column  mkdf-responsive-mode-768 \" ><div class=\"mkdf-eh-item     \" data-item-class=\"mkdf-eh-custom-7651\">\n\t<div class=\"mkdf-eh-background-holder\"  ><\/div>\n\t<div class=\"mkdf-eh-item-inner\">\n\t\t<div class=\"mkdf-eh-item-content mkdf-eh-custom-7651\" >\n\t\t\t<div class=\"mkdf-section-title-holder  mkdf-st-top-tagline-position mkdf-st-center-position mkdf-st-bottom-image-position \" style=\"text-align: center\">\n\t<div class=\"mkdf-st-inner\">\n\t\t\t\t\t\t\t\t\t<h6 class=\"mkdf-st-title\" style=\"color: #06569e\">\n\t\t\t\tLieu de l\u2019\u00e9v\u00e8nement\t\t\t<\/h6>\n\t\t\t\t\t\t\t\t\t\t\t\t\t<\/div>\n<\/div>[vc_empty_space]<div class=\"mkdf-section-title-holder  mkdf-st-top-tagline-position mkdf-st-center-position mkdf-st-bottom-image-position \" style=\"text-align: center\">\n\t<div class=\"mkdf-st-inner\">\n\t\t\t\t\t\t\t\t\t<h3 class=\"mkdf-st-title\" style=\"color: #9A2920\">\n\t\t\t\tInfos ACC\u00c8S \u2022 PARKINGS \u2022 BILLETTERIE\t\t\t<\/h3>\n\t\t\t\t\t\t\t\t\t<p class=\"mkdf-st-text\" >\n\t\t\t\tEncore quelques jours avant de se retrouver sur la plage de Riva-Bella pour la 5\u1d49 \u00e9dition de la Normandy Beach Race.\nVoici quelques pr\u00e9cisions sur l\u2019acc\u00e8s au site de l\u2019\u00e9v\u00e9nement les 19, 20 et 21 septembre 2025:\t\t\t<\/p>\n\t\t\t\t\t\t\t\t\t<\/div>\n<\/div>[vc_empty_space]<div class=\"mkdf-section-title-holder  mkdf-st-top-tagline-position mkdf-st-center-position mkdf-st-bottom-image-position \" style=\"text-align: center\">\n\t<div class=\"mkdf-st-inner\">\n\t\t\t\t\t\t\t\t\t<h3 class=\"mkdf-st-title\" style=\"color: #9A2920\">\n\t\t\t\tCirculation &amp; Parking\t\t\t<\/h3>\n\t\t\t\t\t\t\t\t\t<p class=\"mkdf-st-text\" >\n\t\t\t\tUne partie du centre-ville deviendra pi\u00e9tonne - zones en jaune et en violet, donc inaccessibles en voiture. Vous pourrez vous garer \u00e0 proximit\u00e9 sur les places de stationnement existantes.<br \/>\nUn parking gratuit (P1, en vert sur le plan) sera mis en place \u00e0 l\u2019entr\u00e9e de la ville, entre l\u2019avenue du Grand Large et le chemin Canal. Il se situe \u00e0 2,5 km de la plage de Riva-Bella. Un itin\u00e9raire pi\u00e9ton (trac\u00e9 rose sur le plan) sera indiqu\u00e9. Pas de navettes pour cette \u00e9dition.\t\t\t<\/p>\n\t\t\t\t\t\t\t\t\t<\/div>\n<\/div>[vc_empty_space]<div class=\"mkdf-section-title-holder  mkdf-st-top-tagline-position mkdf-st-center-position mkdf-st-bottom-image-position \" style=\"text-align: center\">\n\t<div class=\"mkdf-st-inner\">\n\t\t\t\t\t\t\t\t\t<h3 class=\"mkdf-st-title\" style=\"color: #9A2920\">\n\t\t\t\tCamping-cars\t\t\t<\/h3>\n\t\t\t\t\t\t\t\t\t<p class=\"mkdf-st-text\" >\n\t\t\t\tUn parking d\u00e9di\u00e9 sera disponible sur le terrain des Prairies de la Mer (zone violette sur le plan).\t\t\t<\/p>\n\t\t\t\t\t\t\t\t\t<\/div>\n<\/div>[vc_empty_space]<div class=\"mkdf-section-title-holder  mkdf-st-top-tagline-position mkdf-st-center-position mkdf-st-bottom-image-position \" style=\"text-align: center\">\n\t<div class=\"mkdf-st-inner\">\n\t\t\t\t\t\t\t\t\t<h3 class=\"mkdf-st-title\" style=\"color: #9A2920\">\n\t\t\t\tPMR\t\t\t<\/h3>\n\t\t\t\t\t\t\t\t\t<p class=\"mkdf-st-text\" >\n\t\t\t\tDeux parkings r\u00e9serv\u00e9s aux personnes \u00e0 mobilit\u00e9 r\u00e9duite seront \u00e0 disposition : boulevard Victor Hugo et avenue du 6 Juin.\t\t\t<\/p>\n\t\t\t\t\t\t\t\t\t<\/div>\n<\/div>[vc_empty_space]<div class=\"mkdf-section-title-holder  mkdf-st-top-tagline-position mkdf-st-center-position mkdf-st-bottom-image-position \" style=\"text-align: center\">\n\t<div class=\"mkdf-st-inner\">\n\t\t\t\t\t\t\t\t\t<h3 class=\"mkdf-st-title\" style=\"color: #9A2920\">\n\t\t\t\tMotos\t\t\t<\/h3>\n\t\t\t\t\t\t\t\t\t<p class=\"mkdf-st-text\" >\n\t\t\t\tLes motos anciennes pourront se garer librement dans la zone pi\u00e9tonne (Car Show, boulevard Maritime, place Alfred Thomas), \u00e0 condition de ne pas occuper les places destin\u00e9es aux voitures.<br \/>\nLes motos modernes auront un espace d\u00e9di\u00e9 boulevard Aristide Briand.\t\t\t<\/p>\n\t\t\t\t\t\t\t\t\t<\/div>\n<\/div>[vc_empty_space]<div class=\"mkdf-section-title-holder  mkdf-st-top-tagline-position mkdf-st-center-position mkdf-st-bottom-image-position \" style=\"text-align: center\">\n\t<div class=\"mkdf-st-inner\">\n\t\t\t\t\t\t\t\t\t<h3 class=\"mkdf-st-title\" style=\"color: #9A2920\">\n\t\t\t\tV\u00e9hicules de collection\t\t\t<\/h3>\n\t\t\t\t\t\t\t\t\t<p class=\"mkdf-st-text\" >\n\t\t\t\tA proximit\u00e9 du Car Show, un parking V\u00e9hicules de collection (+ de 40 ans) se situera sur le boulevard maritime, son acc\u00e8s est libre mais contr\u00f4l\u00e9, pas de r\u00e9servation possible ; unique route d\u2019acc\u00e8s par la rue des Dunes.<br \/>\nLe nombre de places \u00e9tant limit\u00e9, premier arriv\u00e9 premier servi.<br \/>\nN\u2019h\u00e9sitez a prolonger votre balade dans le Bdv maritime ou vous ferez de belles d\u00e9couvertes.\t\t\t<\/p>\n\t\t\t\t\t\t\t\t\t<\/div>\n<\/div>[vc_empty_space]<div class=\"mkdf-section-title-holder  mkdf-st-top-tagline-position mkdf-st-center-position mkdf-st-bottom-image-position \" style=\"text-align: center\">\n\t<div class=\"mkdf-st-inner\">\n\t\t\t\t\t\t\t\t\t<h3 class=\"mkdf-st-title\" style=\"color: #9A2920\">\n\t\t\t\tAcc\u00e8s au village\t\t\t<\/h3>\n\t\t\t\t\t\t\t\t\t<p class=\"mkdf-st-text\" >\n\t\t\t\tPour acc\u00e9der au village install\u00e9 sur le sable de Riva-Bella, vous devrez pr\u00e9senter votre billet (num\u00e9rique ou papier) \u00e0 l\u2019une des 4 portes publiques ( 1, 2, 4 et 5), la porte 3 \u00e9tant r\u00e9serv\u00e9e \u00e0 l\u2019organisation.\nLes portes ouvriront \u00e0 10h00 le samedi et le dimanche.<br \/>\nL\u2019acc\u00e8s est gratuit pour les moins de 14 ans.<br \/>\nLes animaux sont interdits dans l\u2019enceinte du village.\t\t\t<\/p>\n\t\t\t\t\t\t\t\t\t<\/div>\n<\/div>[vc_empty_space]<div class=\"mkdf-section-title-holder  mkdf-st-top-tagline-position mkdf-st-center-position mkdf-st-bottom-image-position \" style=\"text-align: center\">\n\t<div class=\"mkdf-st-inner\">\n\t\t\t\t\t\t\t\t\t<h3 class=\"mkdf-st-title\" style=\"color: #9A2920\">\n\t\t\t\tBilletterie sur place\t\t\t<\/h3>\n\t\t\t\t\t\t\t\t\t<p class=\"mkdf-st-text\" >\n\t\t\t\tOuverture le samedi matin \u00e0 09h00 \u00e0 proximit\u00e9 du poste de secours principal.<br \/>\nComme indiqu\u00e9 :\n1 500 billets seront mis en vente le samedi.<br \/>\n1 500 billets seront mis en vente le dimanche.<br \/>\nLes ch\u00e8ques ne seront pas accept\u00e9s.\t\t\t<\/p>\n\t\t\t\t\t\t\t\t\t<\/div>\n<\/div>[vc_empty_space]<div class=\"mkdf-section-title-holder  mkdf-st-top-tagline-position mkdf-st-center-position mkdf-st-bottom-image-position \" style=\"text-align: center\">\n\t<div class=\"mkdf-st-inner\">\n\t\t\t\t\t\t\t\t\t\t\t\t\t<p class=\"mkdf-st-text\" >\n\t\t\t\tOn compte sur votre patience et votre bonne humeur!\nOn se retrouve tr\u00e8s vite \u00e0 Ouistreham, les 19, 20 et 21 septembre 2025. Let\u2019s Race!\t\t\t<\/p>\n\t\t\t\t\t\t\t\t\t<\/div>\n<\/div>[vc_empty_space]<div class=\"mkdf-section-title-holder  mkdf-st-top-tagline-position mkdf-st-center-position mkdf-st-bottom-image-position \" style=\"text-align: center\">\n\t<div class=\"mkdf-st-inner\">\n\t\t\t\t\t\t\t\t\t\t\t\t\t\t\t\t\t\t\t<div class=\"mkdf-st-button\"><a itemprop=\"url\" href=\"https:\/\/normandybeachrace.com\/wp-content\/uploads\/2025\/08\/Plan-public_normandy_beach_race-aug-2025.pdf\" target=\"_blank\" style=\"color: #06569e;border-color: #06569e\" class=\"mkdf-btn mkdf-btn-medium mkdf-btn-outline mkdf-btn-custom-hover-bg\" data-hover-bg-color=\"#06569e\" >    <span class=\"mkdf-btn-text\">Telecharger le plan<\/span>    <\/a><\/div>\n\t\t\t<\/div>\n<\/div><div class=\"mkdf-section-title-holder  mkdf-st-top-tagline-position mkdf-st-center-position mkdf-st-bottom-image-position \" style=\"text-align: center\">\n\t<div class=\"mkdf-st-inner\">\n\t\t\t\t\t\t\t\t\t\t\t\t\t\t\t\t\t<span class=\"mkdf-st-image\" >\n\t\t\t\t<img fetchpriority=\"high\" decoding=\"async\" width=\"1920\" height=\"1372\" src=\"https:\/\/normandybeachrace.com\/wp-content\/uploads\/2025\/08\/Plan-public_normandy_beach_race-aug-2025.jpg\" class=\"attachment-full size-full\" alt=\"\" srcset=\"https:\/\/normandybeachrace.com\/wp-content\/uploads\/2025\/08\/Plan-public_normandy_beach_race-aug-2025.jpg 1920w, https:\/\/normandybeachrace.com\/wp-content\/uploads\/2025\/08\/Plan-public_normandy_beach_race-aug-2025-300x214.jpg 300w, https:\/\/normandybeachrace.com\/wp-content\/uploads\/2025\/08\/Plan-public_normandy_beach_race-aug-2025-1024x732.jpg 1024w, https:\/\/normandybeachrace.com\/wp-content\/uploads\/2025\/08\/Plan-public_normandy_beach_race-aug-2025-768x549.jpg 768w, https:\/\/normandybeachrace.com\/wp-content\/uploads\/2025\/08\/Plan-public_normandy_beach_race-aug-2025-1536x1098.jpg 1536w, https:\/\/normandybeachrace.com\/wp-content\/uploads\/2025\/08\/Plan-public_normandy_beach_race-aug-2025-600x429.jpg 600w\" sizes=\"(max-width: 1920px) 100vw, 1920px\" \/>\t\t\t<\/span>\n\t\t\t\t\t<\/div>\n<\/div>[vc_empty_space]\t\t<\/div>\n\t\t\t<\/div>\n<\/div><\/div>[\/vc_column][\/vc_row][vc_row][vc_column css=&#8221;.vc_custom_1590860869593{padding-top: 12px !important;padding-bottom: 23px !important;}&#8221;]<div class=\"mkdf-elements-holder   mkdf-one-column  mkdf-responsive-mode-768 \" ><div class=\"mkdf-eh-item   mkdf-horizontal-alignment-center  \" data-item-class=\"mkdf-eh-custom-7541\">\n\t<div class=\"mkdf-eh-background-holder\"  ><\/div>\n\t<div class=\"mkdf-eh-item-inner\">\n\t\t<div class=\"mkdf-eh-item-content mkdf-eh-custom-7541\" >\n\t\t\t<a itemprop=\"url\" href=\"https:\/\/www.google.com\/maps\/place\/Plage+de+Riva+Bella\/@49.2907915,-0.2536403,15z\/data=!4m5!3m4!1s0x0:0x2965906790c3252b!8m2!3d49.2907915!4d-0.2536403\" target=\"_blank\" style=\"background-color: #06569e;border-color: #06569e\" class=\"mkdf-btn mkdf-btn-medium mkdf-btn-solid mkdf-btn-custom-border-hover mkdf-btn-custom-hover-color\" data-hover-color=\"#06569e\" data-hover-border-color=\"#06569e\" >\n    <span class=\"mkdf-btn-text\">GOOGLE MAP<\/span>\n    <\/a>[vc_empty_space]<div class=\"mkdf-section-title-holder  mkdf-st-top-tagline-position mkdf-st-center-position mkdf-st-bottom-image-position \" style=\"text-align: center\">\n\t<div class=\"mkdf-st-inner\">\n\t\t\t\t\t\t\t\t\t\t\t\t\t\t\t\t\t<span class=\"mkdf-st-image\" >\n\t\t\t\t<img decoding=\"async\" width=\"1920\" height=\"1396\" src=\"https:\/\/normandybeachrace.com\/wp-content\/uploads\/2025\/09\/Plan-parking-V2-2025.jpg\" class=\"attachment-full size-full\" alt=\"\" srcset=\"https:\/\/normandybeachrace.com\/wp-content\/uploads\/2025\/09\/Plan-parking-V2-2025.jpg 1920w, https:\/\/normandybeachrace.com\/wp-content\/uploads\/2025\/09\/Plan-parking-V2-2025-300x218.jpg 300w, https:\/\/normandybeachrace.com\/wp-content\/uploads\/2025\/09\/Plan-parking-V2-2025-1024x745.jpg 1024w, https:\/\/normandybeachrace.com\/wp-content\/uploads\/2025\/09\/Plan-parking-V2-2025-768x558.jpg 768w, https:\/\/normandybeachrace.com\/wp-content\/uploads\/2025\/09\/Plan-parking-V2-2025-1536x1117.jpg 1536w, https:\/\/normandybeachrace.com\/wp-content\/uploads\/2025\/09\/Plan-parking-V2-2025-600x436.jpg 600w\" sizes=\"(max-width: 1920px) 100vw, 1920px\" \/>\t\t\t<\/span>\n\t\t\t\t\t<\/div>\n<\/div>\t\t<\/div>\n\t\t\t<\/div>\n<\/div><\/div>[\/vc_column][\/vc_row][vc_row css=&#8221;.vc_custom_1588428209062{padding-bottom: 40px !important;}&#8221;][vc_column css_animation=&#8221;fadeInLeft&#8221;][vc_empty_space]<div class=\"mkdf-section-title-holder  mkdf-st-top-tagline-position mkdf-st-center-position mkdf-st-bottom-image-position \" style=\"text-align: center\">\n\t<div class=\"mkdf-st-inner\">\n\t\t\t\t\t\t\t\t\t<h6 class=\"mkdf-st-title\" style=\"color: #06569e\">\n\t\t\t\tVENIR\t\t\t<\/h6>\n\t\t\t\t\t\t\t\t\t\t\t\t\t<\/div>\n<\/div>[\/vc_column][\/vc_row][vc_row equal_height=&#8221;yes&#8221;][vc_column]<div class=\"mkdf-elements-holder   mkdf-two-columns  mkdf-responsive-mode-768 \" ><div class=\"mkdf-eh-item     \" data-item-class=\"mkdf-eh-custom-6643\" data-1400-1600=\"0 0 0 0\" data-1025-1399=\"0 0 0 0\" data-769-1024=\"0 0 0 0\" data-681-768=\"0 0 10px 0\" data-680=\"0 0 10px 0\">\n\t<div class=\"mkdf-eh-background-holder\" style=\"background-image: url()\" ><\/div>\n\t<div class=\"mkdf-eh-item-inner\">\n\t\t<div class=\"mkdf-eh-item-content mkdf-eh-custom-6643\" style=\"padding: 0 10px 0 10px\">\n\t\t\t[vc_column_text]<strong>Par la route<\/strong>[\/vc_column_text][vc_column_text]<\/p>\n<ul>\n<li><strong>A13<\/strong> : Paris\/Caen : 240 km<\/li>\n<li><strong>A84<\/strong> (autoroute gratuite) : Rennes\/Caen : 185 km<\/li>\n<li><strong>A28-A88<\/strong> : Le Mans\/Caen : 170 km<\/li>\n<li><strong>N13<\/strong> : Cherbourg\/Caen : 120 km<\/li>\n<\/ul>\n<p>[\/vc_column_text][vc_column_text]<strong>En train<\/strong>[\/vc_column_text][vc_column_text css=&#8221;&#8221;]<\/p>\n<ul>\n<li>Gares SNCF avec guichet \u00e0 Caen, Bayeux, Vire, Lisieux, M\u00e9zidon-Canon, Trouville-Deauville, Pont-L\u2019\u00c9v\u00eaque, Dives-Cabourg<\/li>\n<li><strong>Ligne Paris-Caen<\/strong> : 20 trains par jour, \u00e0 partir d\u20191h50 de trajet<\/li>\n<li><strong>Ligne Le Mans-Caen<\/strong> : 10 trains par jour, \u00e0 partir d\u20191h50 de trajet<\/li>\n<li><strong>Depuis la Gare SNCF de Caen<\/strong>, la\u00a0<strong>ligne 12<\/strong>\u00a0assure 31 allers-retours le samedi et 19 le dimanche vers Ouistreham.<\/li>\n<li><strong>Depuis l\u2019a\u00e9roport de Carpiquet<\/strong>, il est possible d\u2019emprunter la\u00a0<strong>ligne 3\u00a0<\/strong>puis de faire une correspondance avec la<strong>\u00a0ligne 12<\/strong>\u00a0\u00e0 l\u2019arr\u00eat Saint-Jean.<\/li>\n<\/ul>\n<p>[\/vc_column_text]\t\t<\/div>\n\t\t\t<\/div>\n<\/div><div class=\"mkdf-eh-item    mkdf-element-from-right \" data-item-class=\"mkdf-eh-custom-9353\" data-animation=\"mkdf-element-from-right\">\n\t<div class=\"mkdf-eh-background-holder\"  ><\/div>\n\t<div class=\"mkdf-eh-item-inner\">\n\t\t<div class=\"mkdf-eh-item-content mkdf-eh-custom-9353\" style=\"padding: 0 0 0 0\">\n\t\t\t<div class=\"mkdf-single-image-holder   \">\n    <div class=\"mkdf-si-inner\" >\n                                    <img decoding=\"async\" width=\"1728\" height=\"1080\" src=\"https:\/\/normandybeachrace.com\/wp-content\/uploads\/2019\/08\/Kaou-2019-09-21-nbr-depann-team.jpg\" class=\"attachment-full size-full\" alt=\"\" srcset=\"https:\/\/normandybeachrace.com\/wp-content\/uploads\/2019\/08\/Kaou-2019-09-21-nbr-depann-team.jpg 1728w, https:\/\/normandybeachrace.com\/wp-content\/uploads\/2019\/08\/Kaou-2019-09-21-nbr-depann-team-600x375.jpg 600w, https:\/\/normandybeachrace.com\/wp-content\/uploads\/2019\/08\/Kaou-2019-09-21-nbr-depann-team-300x188.jpg 300w, https:\/\/normandybeachrace.com\/wp-content\/uploads\/2019\/08\/Kaou-2019-09-21-nbr-depann-team-1024x640.jpg 1024w, https:\/\/normandybeachrace.com\/wp-content\/uploads\/2019\/08\/Kaou-2019-09-21-nbr-depann-team-768x480.jpg 768w, https:\/\/normandybeachrace.com\/wp-content\/uploads\/2019\/08\/Kaou-2019-09-21-nbr-depann-team-1536x960.jpg 1536w\" sizes=\"(max-width: 1728px) 100vw, 1728px\" \/>                        <\/div>\n<\/div>\t\t<\/div>\n\t\t\t<\/div>\n<\/div><\/div>[\/vc_column][\/vc_row][vc_row equal_height=&#8221;yes&#8221; el_class=&#8221;mkdf-reverse-order&#8221;][vc_column][vc_empty_space height=&#8221;60px&#8221;]<div class=\"mkdf-elements-holder   mkdf-two-columns  mkdf-responsive-mode-768 \" ><div class=\"mkdf-eh-item    mkdf-element-from-left \" data-item-class=\"mkdf-eh-custom-4564\" data-animation=\"mkdf-element-from-left\">\n\t<div class=\"mkdf-eh-background-holder\"  ><\/div>\n\t<div class=\"mkdf-eh-item-inner\">\n\t\t<div class=\"mkdf-eh-item-content mkdf-eh-custom-4564\" style=\"padding: 0 0 0 0\">\n\t\t\t<div class=\"mkdf-single-image-holder   \">\n    <div class=\"mkdf-si-inner\" >\n                                    <img loading=\"lazy\" decoding=\"async\" width=\"1728\" height=\"1080\" src=\"https:\/\/normandybeachrace.com\/wp-content\/uploads\/2019\/08\/KAOU-2019-09-21-nbr-maclean.jpg\" class=\"attachment-full size-full\" alt=\"\" srcset=\"https:\/\/normandybeachrace.com\/wp-content\/uploads\/2019\/08\/KAOU-2019-09-21-nbr-maclean.jpg 1728w, https:\/\/normandybeachrace.com\/wp-content\/uploads\/2019\/08\/KAOU-2019-09-21-nbr-maclean-600x375.jpg 600w, https:\/\/normandybeachrace.com\/wp-content\/uploads\/2019\/08\/KAOU-2019-09-21-nbr-maclean-300x188.jpg 300w, https:\/\/normandybeachrace.com\/wp-content\/uploads\/2019\/08\/KAOU-2019-09-21-nbr-maclean-1024x640.jpg 1024w, https:\/\/normandybeachrace.com\/wp-content\/uploads\/2019\/08\/KAOU-2019-09-21-nbr-maclean-768x480.jpg 768w, https:\/\/normandybeachrace.com\/wp-content\/uploads\/2019\/08\/KAOU-2019-09-21-nbr-maclean-1536x960.jpg 1536w\" sizes=\"(max-width: 1728px) 100vw, 1728px\" \/>                        <\/div>\n<\/div>\t\t<\/div>\n\t\t\t<\/div>\n<\/div><div class=\"mkdf-eh-item     \" data-item-class=\"mkdf-eh-custom-1405\" data-1400-1600=\"0 0 0 10px\" data-1025-1399=\"0 0 0 10px\" data-769-1024=\"0 0 0 10px\" data-681-768=\"0 0 10px 0\" data-680=\"0 0 10px 0\">\n\t<div class=\"mkdf-eh-background-holder\" style=\"background-image: url()\" ><\/div>\n\t<div class=\"mkdf-eh-item-inner\">\n\t\t<div class=\"mkdf-eh-item-content mkdf-eh-custom-1405\" style=\"padding: 0 10px 0 10px\">\n\t\t\t[vc_column_text]<strong>En avion<\/strong>[\/vc_column_text][vc_column_text]<\/p>\n<ul>\n<li>A\u00e9roport de Caen-Carpiquet<br \/>\nvols directs depuis Lyon, Nice, Toulouse, Marseille, et de la Corse.<br \/>\n<a href=\"https:\/\/www.calvados-tourisme.com\/offre\/aeroport-de-caen-carpiquet\/\" target=\"_blank\" rel=\"noopener noreferrer\">(https:\/\/www.calvados-tourisme.com\/offre\/aeroport-de-caen-carpiquet\/)<\/a><\/li>\n<\/ul>\n<ul>\n<li>A\u00e9roport d\u2019Orly &amp; A\u00e9roport Paris Charles de Gaulle <a href=\"https:\/\/www.parisaeroport.fr\" target=\"_blank\" rel=\"noopener noreferrer\">(https:\/\/www.parisaeroport.fr)<\/a><\/li>\n<\/ul>\n<p>[\/vc_column_text][vc_column_text]<strong>En bateau<\/strong>[\/vc_column_text][vc_column_text]<\/p>\n<ul>\n<li>Port de Caen-Ouistreham : liaison r\u00e9guli\u00e8re Caen-Portsmouth (Angleterre)<br \/>\n<a href=\"https:\/\/www.brittany-ferries.fr\" target=\"_blank\" rel=\"noopener noreferrer\">(https:\/\/www.brittany-ferries.fr)<\/a><\/li>\n<\/ul>\n<p>[\/vc_column_text]\t\t<\/div>\n\t\t\t<\/div>\n<\/div><\/div>[\/vc_column][\/vc_row][vc_row css=&#8221;.vc_custom_1588428209062{padding-bottom: 40px !important;}&#8221;][vc_column css_animation=&#8221;fadeInRight&#8221;][vc_empty_space]<div class=\"mkdf-section-title-holder  mkdf-st-top-tagline-position mkdf-st-center-position mkdf-st-bottom-image-position \" style=\"text-align: center\">\n\t<div class=\"mkdf-st-inner\">\n\t\t\t\t\t\t\t\t\t<h6 class=\"mkdf-st-title\" style=\"color: #06569e\">\n\t\t\t\tSE LOGER\t\t\t<\/h6>\n\t\t\t\t\t\t\t\t\t\t\t\t\t<\/div>\n<\/div>[\/vc_column][\/vc_row][vc_row css=&#8221;.vc_custom_1588428209062{padding-bottom: 40px !important;}&#8221;][vc_column css_animation=&#8221;fadeInLeft&#8221;]<div class=\"mkdf-section-title-holder  mkdf-st-top-tagline-position mkdf-st-center-position mkdf-st-bottom-image-position \" style=\"text-align: center\">\n\t<div class=\"mkdf-st-inner\">\n\t\t\t\t\t\t\t\t\t<h2 class=\"mkdf-st-title\" style=\"color: #9a2920\">\n\t\t\t\tCAMPINGS :\t\t\t<\/h2>\n\t\t\t\t\t\t\t\t\t<p class=\"mkdf-st-text\" >\n\t\t\t\tCamping Riva Bella :\t\t\t<\/p>\n\t\t\t\t\t\t\t\t\t<\/div>\n<\/div><div class=\"mkdf-section-title-holder  mkdf-st-top-tagline-position mkdf-st-center-position mkdf-st-bottom-image-position \" style=\"text-align: center\">\n\t<div class=\"mkdf-st-inner\">\n\t\t\t\t\t\t\t\t\t\t\t\t\t\t\t\t\t\t\t<div class=\"mkdf-st-button\"><a itemprop=\"url\" href=\"https:\/\/vacances-seasonova.com\/fr\/camping\/riva-bella\/\" target=\"_blank\"  class=\"mkdf-btn mkdf-btn-medium mkdf-btn-outline mkdf-btn-custom-hover-bg mkdf-btn-custom-border-hover\" data-hover-bg-color=\"#9a2920\" data-hover-border-color=\"#9a2920\" >    <span class=\"mkdf-btn-text\">https:\/\/vacances-seasonova.com\/fr\/camping\/riva-bella\/<\/span>    <\/a><\/div>\n\t\t\t<\/div>\n<\/div><div class=\"mkdf-section-title-holder  mkdf-st-top-tagline-position mkdf-st-center-position mkdf-st-bottom-image-position \" style=\"text-align: center\">\n\t<div class=\"mkdf-st-inner\">\n\t\t\t\t\t\t\t\t\t\t\t\t\t<p class=\"mkdf-st-text\" >\n\t\t\t\tCamping Les Prairies de la Mer :\t\t\t<\/p>\n\t\t\t\t\t\t\t\t\t\t\t<div class=\"mkdf-st-button\"><a itemprop=\"url\" href=\"http:\/\/www.domaine-prairiesdelamer.com\" target=\"_blank\"  class=\"mkdf-btn mkdf-btn-medium mkdf-btn-outline mkdf-btn-custom-hover-bg mkdf-btn-custom-border-hover\" data-hover-bg-color=\"#9a2920\" data-hover-border-color=\"#9a2920\" >    <span class=\"mkdf-btn-text\">http:\/\/www.domaine-prairiesdelamer.com<\/span>    <\/a><\/div>\n\t\t\t<\/div>\n<\/div><div class=\"mkdf-section-title-holder  mkdf-st-top-tagline-position mkdf-st-center-position mkdf-st-bottom-image-position \" style=\"text-align: center\">\n\t<div class=\"mkdf-st-inner\">\n\t\t\t\t\t\t\t\t\t\t\t\t\t<p class=\"mkdf-st-text\" >\n\t\t\t\tCamping Cap FUN Hautes Coutures :\t\t\t<\/p>\n\t\t\t\t\t\t\t\t\t\t\t<div class=\"mkdf-st-button\"><a itemprop=\"url\" href=\"https:\/\/www.capfun.com\/camping-france-basse_normandie-hautes_coutures-FR.html\" target=\"_blank\"  class=\"mkdf-btn mkdf-btn-medium mkdf-btn-outline mkdf-btn-custom-hover-bg mkdf-btn-custom-border-hover\" data-hover-bg-color=\"#9a2920\" data-hover-border-color=\"#9a2920\" >    <span class=\"mkdf-btn-text\">https:\/\/www.capfun.com\/camping-france-basse_normandie-hautes_coutures-FR.html<\/span>    <\/a><\/div>\n\t\t\t<\/div>\n<\/div>[vc_empty_space]<div class=\"mkdf-section-title-holder  mkdf-st-top-tagline-position mkdf-st-center-position mkdf-st-bottom-image-position \" style=\"text-align: center\">\n\t<div class=\"mkdf-st-inner\">\n\t\t\t\t\t\t\t\t\t<h2 class=\"mkdf-st-title\" style=\"color: #9a2920\">\n\t\t\t\tAutres types de logement et pour plus d\u2019informations :\t\t\t<\/h2>\n\t\t\t\t\t\t\t\t\t<p class=\"mkdf-st-text\" >\n\t\t\t\tOffice du tourisme de Ouistreham\t\t\t<\/p>\n\t\t\t\t\t\t\t\t\t\t\t<div class=\"mkdf-st-button\"><a itemprop=\"url\" href=\"https:\/\/www.caenlamer-tourisme.fr\" target=\"_blank\"  class=\"mkdf-btn mkdf-btn-medium mkdf-btn-outline mkdf-btn-custom-hover-bg mkdf-btn-custom-border-hover\" data-hover-bg-color=\"#9a2920\" data-hover-border-color=\"#9a2920\" >    <span class=\"mkdf-btn-text\">https:\/\/www.caenlamer-tourisme.fr<\/span>    <\/a><\/div>\n\t\t\t<\/div>\n<\/div>[\/vc_column][\/vc_row][vc_row][vc_column][vc_empty_space]<div class=\"mkdf-elements-holder   mkdf-one-column  mkdf-responsive-mode-768 \" ><div class=\"mkdf-eh-item   mkdf-horizontal-alignment-center  \" data-item-class=\"mkdf-eh-custom-4466\">\n\t<div class=\"mkdf-eh-background-holder\"  ><\/div>\n\t<div class=\"mkdf-eh-item-inner\">\n\t\t<div class=\"mkdf-eh-item-content mkdf-eh-custom-4466\" >\n\t\t\t<div class=\"mkdf-section-title-holder  mkdf-st-top-tagline-position mkdf-st-center-position mkdf-st-bottom-image-position \" style=\"text-align: center\">\n\t<div class=\"mkdf-st-inner\">\n\t\t\t\t\t\t\t\t\t\t\t\t\t\t\t\t\t<span class=\"mkdf-st-image\" >\n\t\t\t\t<img loading=\"lazy\" decoding=\"async\" width=\"2000\" height=\"1334\" src=\"https:\/\/normandybeachrace.com\/wp-content\/uploads\/2019\/08\/camping-2019-scavone-14-1.jpg\" class=\"attachment-full size-full\" alt=\"\" srcset=\"https:\/\/normandybeachrace.com\/wp-content\/uploads\/2019\/08\/camping-2019-scavone-14-1.jpg 2000w, https:\/\/normandybeachrace.com\/wp-content\/uploads\/2019\/08\/camping-2019-scavone-14-1-600x400.jpg 600w, https:\/\/normandybeachrace.com\/wp-content\/uploads\/2019\/08\/camping-2019-scavone-14-1-300x200.jpg 300w, https:\/\/normandybeachrace.com\/wp-content\/uploads\/2019\/08\/camping-2019-scavone-14-1-1024x683.jpg 1024w, https:\/\/normandybeachrace.com\/wp-content\/uploads\/2019\/08\/camping-2019-scavone-14-1-768x512.jpg 768w, https:\/\/normandybeachrace.com\/wp-content\/uploads\/2019\/08\/camping-2019-scavone-14-1-1536x1025.jpg 1536w\" sizes=\"(max-width: 2000px) 100vw, 2000px\" \/>\t\t\t<\/span>\n\t\t\t\t\t<\/div>\n<\/div>\t\t<\/div>\n\t\t\t<\/div>\n<\/div><\/div>[\/vc_column][\/vc_row]<\/p>\n<\/div>","protected":false},"excerpt":{"rendered":"<p>[vc_row][vc_column][\/vc_column][\/vc_row][vc_row][vc_column css=&#8221;.vc_custom_1590860869593{padding-top: 12px !important;padding-bottom: 23px !important;}&#8221;][\/vc_column][\/vc_row][vc_row css=&#8221;.vc_custom_1588428209062{padding-bottom: 40px !important;}&#8221;][vc_column css_animation=&#8221;fadeInLeft&#8221;][vc_empty_space][\/vc_column][\/vc_row][vc_row equal_height=&#8221;yes&#8221;][vc_column][\/vc_column][\/vc_row][vc_row equal_height=&#8221;yes&#8221; el_class=&#8221;mkdf-reverse-order&#8221;][vc_column][vc_empty_space height=&#8221;60px&#8221;][\/vc_column][\/vc_row][vc_row css=&#8221;.vc_custom_1588428209062{padding-bottom: 40px !important;}&#8221;][vc_column css_animation=&#8221;fadeInRight&#8221;][vc_empty_space][\/vc_column][\/vc_row][vc_row css=&#8221;.vc_custom_1588428209062{padding-bottom: 40px !important;}&#8221;][vc_column css_animation=&#8221;fadeInLeft&#8221;][vc_empty_space][\/vc_column][\/vc_row][vc_row][vc_column][vc_empty_space][\/vc_column][\/vc_row]<\/p>\n","protected":false},"author":1,"featured_media":0,"parent":0,"menu_order":0,"comment_status":"closed","ping_status":"closed","template":"","meta":{"footnotes":""},"class_list":["post-3209","page","type-page","status-publish","hentry"],"_links":{"self":[{"href":"https:\/\/normandybeachrace.com\/fr\/wp-json\/wp\/v2\/pages\/3209","targetHints":{"allow":["GET"]}}],"collection":[{"href":"https:\/\/normandybeachrace.com\/fr\/wp-json\/wp\/v2\/pages"}],"about":[{"href":"https:\/\/normandybeachrace.com\/fr\/wp-json\/wp\/v2\/types\/page"}],"author":[{"embeddable":true,"href":"https:\/\/normandybeachrace.com\/fr\/wp-json\/wp\/v2\/users\/1"}],"replies":[{"embeddable":true,"href":"https:\/\/normandybeachrace.com\/fr\/wp-json\/wp\/v2\/comments?post=3209"}],"version-history":[{"count":3,"href":"https:\/\/normandybeachrace.com\/fr\/wp-json\/wp\/v2\/pages\/3209\/revisions"}],"predecessor-version":[{"id":9008,"href":"https:\/\/normandybeachrace.com\/fr\/wp-json\/wp\/v2\/pages\/3209\/revisions\/9008"}],"wp:attachment":[{"href":"https:\/\/normandybeachrace.com\/fr\/wp-json\/wp\/v2\/media?parent=3209"}],"curies":[{"name":"wp","href":"https:\/\/api.w.org\/{rel}","templated":true}]}}