{"id":4688,"date":"2020-04-10T15:47:13","date_gmt":"2020-04-10T14:47:13","guid":{"rendered":"https:\/\/normandybeachrace.com\/venir-se-loger\/"},"modified":"2025-09-18T19:21:51","modified_gmt":"2025-09-18T17:21:51","slug":"travelling-accommodation","status":"publish","type":"page","link":"https:\/\/normandybeachrace.com\/en\/travelling-accommodation\/","title":{"rendered":"Travelling \/ accommodation"},"content":{"rendered":"<div class=\"wpb-content-wrapper\"><p>[vc_row][vc_column]<div class=\"mkdf-elements-holder   mkdf-one-column  mkdf-responsive-mode-768 \" ><div class=\"mkdf-eh-item     \" data-item-class=\"mkdf-eh-custom-2292\">\n\t<div class=\"mkdf-eh-background-holder\"  ><\/div>\n\t<div class=\"mkdf-eh-item-inner\">\n\t\t<div class=\"mkdf-eh-item-content mkdf-eh-custom-2292\" >\n\t\t\t<div class=\"mkdf-section-title-holder  mkdf-st-top-tagline-position mkdf-st-center-position mkdf-st-bottom-image-position \" style=\"text-align: center\">\n\t<div class=\"mkdf-st-inner\">\n\t\t\t\t\t\t\t\t\t<h6 class=\"mkdf-st-title\" style=\"color: #06569e\">\n\t\t\t\tLocation of the event\t\t\t<\/h6>\n\t\t\t\t\t\t\t\t\t\t\t\t\t<\/div>\n<\/div>[vc_empty_space]<div class=\"mkdf-section-title-holder  mkdf-st-top-tagline-position mkdf-st-center-position mkdf-st-bottom-image-position \" style=\"text-align: center\">\n\t<div class=\"mkdf-st-inner\">\n\t\t\t\t\t\t\t\t\t<h3 class=\"mkdf-st-title\" style=\"color: #9A2920\">\n\t\t\t\tINFO \u2022 ACCESS \u2022 PARKING \u2022 TICKETS\t\t\t<\/h3>\n\t\t\t\t\t\t\t\t\t<p class=\"mkdf-st-text\" >\n\t\t\t\tJust a few more days before we all meet again on Riva-Bella beach for the 5th edition of the Normandy Beach Race!  Here are some details about access to the event site on September 19, 20 and 21 2025.\t\t\t<\/p>\n\t\t\t\t\t\t\t\t\t<\/div>\n<\/div>[vc_empty_space]<div class=\"mkdf-section-title-holder  mkdf-st-top-tagline-position mkdf-st-center-position mkdf-st-bottom-image-position \" style=\"text-align: center\">\n\t<div class=\"mkdf-st-inner\">\n\t\t\t\t\t\t\t\t\t<h3 class=\"mkdf-st-title\" style=\"color: #9A2920\">\n\t\t\t\tTraffic &amp; parking\t\t\t<\/h3>\n\t\t\t\t\t\t\t\t\t<p class=\"mkdf-st-text\" >\n\t\t\t\tPart of the town center will become pedestrian-only - yellow and purple zones will be closed to cars. You can park nearby in existing parking spaces. A free parking lot (P1, shown in green on the map) will be available at the entrance of the town, between Avenue du Grand Large and Chemin Canal. It is located 2.5 km from Riva-Bella beach. A pedestrian route (pink line on the map) will be signposted.\t\t\t<\/p>\n\t\t\t\t\t\t\t\t\t<\/div>\n<\/div>[vc_empty_space]<div class=\"mkdf-section-title-holder  mkdf-st-top-tagline-position mkdf-st-center-position mkdf-st-bottom-image-position \" style=\"text-align: center\">\n\t<div class=\"mkdf-st-inner\">\n\t\t\t\t\t\t\t\t\t<h3 class=\"mkdf-st-title\" style=\"color: #9A2920\">\n\t\t\t\tMotorhomes\t\t\t<\/h3>\n\t\t\t\t\t\t\t\t\t<p class=\"mkdf-st-text\" >\n\t\t\t\tA dedicated parking area will be available at Prairies de la Mer (purple zone on the map).\t\t\t<\/p>\n\t\t\t\t\t\t\t\t\t<\/div>\n<\/div>[vc_empty_space]<div class=\"mkdf-section-title-holder  mkdf-st-top-tagline-position mkdf-st-center-position mkdf-st-bottom-image-position \" style=\"text-align: center\">\n\t<div class=\"mkdf-st-inner\">\n\t\t\t\t\t\t\t\t\t<h3 class=\"mkdf-st-title\" style=\"color: #9A2920\">\n\t\t\t\tPRM parking\t\t\t<\/h3>\n\t\t\t\t\t\t\t\t\t<p class=\"mkdf-st-text\" >\n\t\t\t\tTwo parking lots for persons with reduced mobility will be available: Boulevard Victor Hugo and Avenue du 6 Juin.\t\t\t<\/p>\n\t\t\t\t\t\t\t\t\t<\/div>\n<\/div>[vc_empty_space]<div class=\"mkdf-section-title-holder  mkdf-st-top-tagline-position mkdf-st-center-position mkdf-st-bottom-image-position \" style=\"text-align: center\">\n\t<div class=\"mkdf-st-inner\">\n\t\t\t\t\t\t\t\t\t<h3 class=\"mkdf-st-title\" style=\"color: #9A2920\">\n\t\t\t\tMotorcycles\t\t\t<\/h3>\n\t\t\t\t\t\t\t\t\t<p class=\"mkdf-st-text\" >\n\t\t\t\tVintage motorcycles will be allowed to park freely in the pedestrian zone (Car Show, Boulevard Maritime, Place Alfred Thomas), provided they do not take car spaces. Modern motorcycles will have a dedicated parking area on Boulevard Aristide Briand\t\t\t<\/p>\n\t\t\t\t\t\t\t\t\t<\/div>\n<\/div>[vc_empty_space]<div class=\"mkdf-section-title-holder  mkdf-st-top-tagline-position mkdf-st-center-position mkdf-st-bottom-image-position \" style=\"text-align: center\">\n\t<div class=\"mkdf-st-inner\">\n\t\t\t\t\t\t\t\t\t<h3 class=\"mkdf-st-title\" style=\"color: #9A2920\">\n\t\t\t\tClassic cars\t\t\t<\/h3>\n\t\t\t\t\t\t\t\t\t<p class=\"mkdf-st-text\" >\n\t\t\t\tNear the Car Show, a Classic Vehicles parking lot (+40 years old) will be located on Boulevard Maritime. Its access is free but controlled, no reservation possible; the only access road is via Rue des Dunes. As the number of spaces is limited, first come, first served. Do not hesitate to extend your walk along Boulevard Maritime where you will make some great discoveries.\t\t\t<\/p>\n\t\t\t\t\t\t\t\t\t<\/div>\n<\/div>[vc_empty_space]<div class=\"mkdf-section-title-holder  mkdf-st-top-tagline-position mkdf-st-center-position mkdf-st-bottom-image-position \" style=\"text-align: center\">\n\t<div class=\"mkdf-st-inner\">\n\t\t\t\t\t\t\t\t\t<h3 class=\"mkdf-st-title\" style=\"color: #9A2920\">\n\t\t\t\tAccess to the Village\t\t\t<\/h3>\n\t\t\t\t\t\t\t\t\t<p class=\"mkdf-st-text\" >\n\t\t\t\tTo access the village on the sand of Riva-Bella, you will need to show your ticket (digital or paper) at one of the 4 public entrances (1, 2, 4, 5). Entrance 3 is reserved for the organization. Gates will open at 10:00 AM on Saturday and Sunday.  Free admission for children under 14. Please note: pets are not allowed inside the village.\t\t\t<\/p>\n\t\t\t\t\t\t\t\t\t<\/div>\n<\/div>[vc_empty_space]<div class=\"mkdf-section-title-holder  mkdf-st-top-tagline-position mkdf-st-center-position mkdf-st-bottom-image-position \" style=\"text-align: center\">\n\t<div class=\"mkdf-st-inner\">\n\t\t\t\t\t\t\t\t\t<h3 class=\"mkdf-st-title\" style=\"color: #9A2920\">\n\t\t\t\tOn-site ticketing\t\t\t<\/h3>\n\t\t\t\t\t\t\t\t\t<p class=\"mkdf-st-text\" >\n\t\t\t\tOpens on Saturday morning at 09:00 AM near the main lifeguard station. As announced:  1,500 tickets will be sold on Saturday 1,500 tickets will be sold on Sunday. Checks will not be accepted.\t\t\t<\/p>\n\t\t\t\t\t\t\t\t\t<\/div>\n<\/div>[vc_empty_space]<div class=\"mkdf-section-title-holder  mkdf-st-top-tagline-position mkdf-st-center-position mkdf-st-bottom-image-position \" style=\"text-align: center\">\n\t<div class=\"mkdf-st-inner\">\n\t\t\t\t\t\t\t\t\t\t\t\t\t<p class=\"mkdf-st-text\" >\n\t\t\t\tWe count on your patience and good vibes!  See you very soon in Ouistreham, September 19, 20 &amp; 21, 2025. Let\u2019s Race!\t\t\t<\/p>\n\t\t\t\t\t\t\t\t\t<\/div>\n<\/div>[vc_empty_space]<div class=\"mkdf-section-title-holder  mkdf-st-top-tagline-position mkdf-st-center-position mkdf-st-bottom-image-position \" style=\"text-align: center\">\n\t<div class=\"mkdf-st-inner\">\n\t\t\t\t\t\t\t\t\t\t\t\t\t\t\t\t\t\t\t<div class=\"mkdf-st-button\"><a itemprop=\"url\" href=\"https:\/\/normandybeachrace.com\/wp-content\/uploads\/2025\/08\/Plan-public_normandy_beach_race-aug-2025.pdf\" target=\"_blank\" style=\"color: #06569e;border-color: #06569e\" class=\"mkdf-btn mkdf-btn-medium mkdf-btn-outline mkdf-btn-custom-hover-bg\" data-hover-bg-color=\"#06569e\" >    <span class=\"mkdf-btn-text\">Download the map<\/span>    <\/a><\/div>\n\t\t\t<\/div>\n<\/div><div class=\"mkdf-section-title-holder  mkdf-st-top-tagline-position mkdf-st-center-position mkdf-st-bottom-image-position \" style=\"text-align: center\">\n\t<div class=\"mkdf-st-inner\">\n\t\t\t\t\t\t\t\t\t\t\t\t\t\t\t\t\t<span class=\"mkdf-st-image\" >\n\t\t\t\t<img fetchpriority=\"high\" decoding=\"async\" width=\"1920\" height=\"1372\" src=\"https:\/\/normandybeachrace.com\/wp-content\/uploads\/2025\/08\/Plan-public_normandy_beach_race-aug-2025.jpg\" class=\"attachment-full size-full\" alt=\"\" srcset=\"https:\/\/normandybeachrace.com\/wp-content\/uploads\/2025\/08\/Plan-public_normandy_beach_race-aug-2025.jpg 1920w, https:\/\/normandybeachrace.com\/wp-content\/uploads\/2025\/08\/Plan-public_normandy_beach_race-aug-2025-300x214.jpg 300w, https:\/\/normandybeachrace.com\/wp-content\/uploads\/2025\/08\/Plan-public_normandy_beach_race-aug-2025-1024x732.jpg 1024w, https:\/\/normandybeachrace.com\/wp-content\/uploads\/2025\/08\/Plan-public_normandy_beach_race-aug-2025-768x549.jpg 768w, https:\/\/normandybeachrace.com\/wp-content\/uploads\/2025\/08\/Plan-public_normandy_beach_race-aug-2025-1536x1098.jpg 1536w, https:\/\/normandybeachrace.com\/wp-content\/uploads\/2025\/08\/Plan-public_normandy_beach_race-aug-2025-600x429.jpg 600w\" sizes=\"(max-width: 1920px) 100vw, 1920px\" \/>\t\t\t<\/span>\n\t\t\t\t\t<\/div>\n<\/div>[vc_empty_space]\t\t<\/div>\n\t\t\t<\/div>\n<\/div><\/div>[\/vc_column][\/vc_row][vc_row][vc_column css=&#8221;.vc_custom_1590860869593{padding-top: 12px !important;padding-bottom: 23px !important;}&#8221;]<div class=\"mkdf-elements-holder   mkdf-one-column  mkdf-responsive-mode-768 \" ><div class=\"mkdf-eh-item   mkdf-horizontal-alignment-center  \" data-item-class=\"mkdf-eh-custom-8528\">\n\t<div class=\"mkdf-eh-background-holder\"  ><\/div>\n\t<div class=\"mkdf-eh-item-inner\">\n\t\t<div class=\"mkdf-eh-item-content mkdf-eh-custom-8528\" >\n\t\t\t<a itemprop=\"url\" href=\"https:\/\/www.google.com\/maps\/place\/Plage+de+Riva+Bella\/@49.2907915,-0.2536403,15z\/data=!4m5!3m4!1s0x0:0x2965906790c3252b!8m2!3d49.2907915!4d-0.2536403\" target=\"_blank\" style=\"background-color: #06569e;border-color: #06569e\" class=\"mkdf-btn mkdf-btn-medium mkdf-btn-solid mkdf-btn-custom-border-hover mkdf-btn-custom-hover-color\" data-hover-color=\"#06569e\" data-hover-border-color=\"#06569e\" >\n    <span class=\"mkdf-btn-text\">GOOGLE MAP<\/span>\n    <\/a>[vc_empty_space]<div class=\"mkdf-section-title-holder  mkdf-st-top-tagline-position mkdf-st-center-position mkdf-st-bottom-image-position \" style=\"text-align: center\">\n\t<div class=\"mkdf-st-inner\">\n\t\t\t\t\t\t\t\t\t\t\t\t\t\t\t\t\t<span class=\"mkdf-st-image\" >\n\t\t\t\t<img decoding=\"async\" width=\"1920\" height=\"1396\" src=\"https:\/\/normandybeachrace.com\/wp-content\/uploads\/2025\/09\/Plan-parking-V2-2025.jpg\" class=\"attachment-full size-full\" alt=\"\" srcset=\"https:\/\/normandybeachrace.com\/wp-content\/uploads\/2025\/09\/Plan-parking-V2-2025.jpg 1920w, https:\/\/normandybeachrace.com\/wp-content\/uploads\/2025\/09\/Plan-parking-V2-2025-300x218.jpg 300w, https:\/\/normandybeachrace.com\/wp-content\/uploads\/2025\/09\/Plan-parking-V2-2025-1024x745.jpg 1024w, https:\/\/normandybeachrace.com\/wp-content\/uploads\/2025\/09\/Plan-parking-V2-2025-768x558.jpg 768w, https:\/\/normandybeachrace.com\/wp-content\/uploads\/2025\/09\/Plan-parking-V2-2025-1536x1117.jpg 1536w, https:\/\/normandybeachrace.com\/wp-content\/uploads\/2025\/09\/Plan-parking-V2-2025-600x436.jpg 600w\" sizes=\"(max-width: 1920px) 100vw, 1920px\" \/>\t\t\t<\/span>\n\t\t\t\t\t<\/div>\n<\/div>\t\t<\/div>\n\t\t\t<\/div>\n<\/div><\/div>[\/vc_column][\/vc_row][vc_row css=&#8221;.vc_custom_1588428209062{padding-bottom: 40px !important;}&#8221;][vc_column css_animation=&#8221;fadeInLeft&#8221;][vc_empty_space]<div class=\"mkdf-section-title-holder  mkdf-st-top-tagline-position mkdf-st-center-position mkdf-st-bottom-image-position \" style=\"text-align: center\">\n\t<div class=\"mkdf-st-inner\">\n\t\t\t\t\t\t\t\t\t<h6 class=\"mkdf-st-title\" style=\"color: #06569e\">\n\t\t\t\tTRAVELLING\t\t\t<\/h6>\n\t\t\t\t\t\t\t\t\t\t\t\t\t<\/div>\n<\/div>[\/vc_column][\/vc_row][vc_row equal_height=&#8221;yes&#8221;][vc_column]<div class=\"mkdf-elements-holder   mkdf-two-columns  mkdf-responsive-mode-768 \" ><div class=\"mkdf-eh-item     \" data-item-class=\"mkdf-eh-custom-9227\" data-1400-1600=\"0 0 0 0\" data-1025-1399=\"0 0 0 0\" data-769-1024=\"0 0 0 0\" data-681-768=\"0 0 10px 0\" data-680=\"0 0 10px 0\">\n\t<div class=\"mkdf-eh-background-holder\" style=\"background-image: url()\" ><\/div>\n\t<div class=\"mkdf-eh-item-inner\">\n\t\t<div class=\"mkdf-eh-item-content mkdf-eh-custom-9227\" style=\"padding: 0 10px 0 10px\">\n\t\t\t[vc_column_text]<strong>By the road<\/strong>[\/vc_column_text][vc_column_text]<\/p>\n<ul>\n<li><strong>A13<\/strong> : Paris\/Caen : 240 km<\/li>\n<li><strong>A84<\/strong> (free highway) : Rennes\/Caen : 185 km<\/li>\n<li><strong>A28-A88<\/strong> : Le Mans\/Caen : 170 km<\/li>\n<li><strong>N13<\/strong> : Cherbourg\/Caen : 120 km<\/li>\n<\/ul>\n<p>&nbsp;[\/vc_column_text][vc_column_text]<strong>By train<\/strong>[\/vc_column_text][vc_column_text css=&#8221;&#8221;]<\/p>\n<ul>\n<li>SNCF (Railroad) stations with ticket boots in Caen, Bayeux, Vire, Lisieux, M\u00e9zidon-Canon, Trouville-Deauville, Pont-L&#8217;\u00c9v\u00eaque, Dives-Cabourg<\/li>\n<li>Paris-Caen line: 20 trains per day, from 1 hour and 50 minutes journey<\/li>\n<li>Le Mans-Caen line: 10 trains a day, from 1 hour and 50 minutes of journey<\/li>\n<li><span>From Caen SNCF train station<\/span>, line 12 provides 31 round trips on Saturdays and 19 on Sundays to Ouistreham.<\/li>\n<li><span>From Carpiquet Airport<\/span>, you can take line 3 and then connect to line 12 at the Saint-Jean stop.<\/li>\n<\/ul>\n<p>[\/vc_column_text]\t\t<\/div>\n\t\t\t<\/div>\n<\/div><div class=\"mkdf-eh-item    mkdf-element-from-right \" data-item-class=\"mkdf-eh-custom-3502\" data-animation=\"mkdf-element-from-right\">\n\t<div class=\"mkdf-eh-background-holder\"  ><\/div>\n\t<div class=\"mkdf-eh-item-inner\">\n\t\t<div class=\"mkdf-eh-item-content mkdf-eh-custom-3502\" style=\"padding: 0 0 0 0\">\n\t\t\t<div class=\"mkdf-single-image-holder   \">\n    <div class=\"mkdf-si-inner\" >\n                                    <img decoding=\"async\" width=\"1728\" height=\"1080\" src=\"https:\/\/normandybeachrace.com\/wp-content\/uploads\/2019\/08\/Kaou-2019-09-21-nbr-depann-team.jpg\" class=\"attachment-full size-full\" alt=\"\" srcset=\"https:\/\/normandybeachrace.com\/wp-content\/uploads\/2019\/08\/Kaou-2019-09-21-nbr-depann-team.jpg 1728w, https:\/\/normandybeachrace.com\/wp-content\/uploads\/2019\/08\/Kaou-2019-09-21-nbr-depann-team-600x375.jpg 600w, https:\/\/normandybeachrace.com\/wp-content\/uploads\/2019\/08\/Kaou-2019-09-21-nbr-depann-team-300x188.jpg 300w, https:\/\/normandybeachrace.com\/wp-content\/uploads\/2019\/08\/Kaou-2019-09-21-nbr-depann-team-1024x640.jpg 1024w, https:\/\/normandybeachrace.com\/wp-content\/uploads\/2019\/08\/Kaou-2019-09-21-nbr-depann-team-768x480.jpg 768w, https:\/\/normandybeachrace.com\/wp-content\/uploads\/2019\/08\/Kaou-2019-09-21-nbr-depann-team-1536x960.jpg 1536w\" sizes=\"(max-width: 1728px) 100vw, 1728px\" \/>                        <\/div>\n<\/div>\t\t<\/div>\n\t\t\t<\/div>\n<\/div><\/div>[\/vc_column][\/vc_row][vc_row equal_height=&#8221;yes&#8221; el_class=&#8221;mkdf-reverse-order&#8221;][vc_column]<div class=\"mkdf-elements-holder   mkdf-two-columns  mkdf-responsive-mode-768 \" ><div class=\"mkdf-eh-item    mkdf-element-from-left \" data-item-class=\"mkdf-eh-custom-6770\" data-animation=\"mkdf-element-from-left\">\n\t<div class=\"mkdf-eh-background-holder\"  ><\/div>\n\t<div class=\"mkdf-eh-item-inner\">\n\t\t<div class=\"mkdf-eh-item-content mkdf-eh-custom-6770\" style=\"padding: 0 0 0 0\">\n\t\t\t<div class=\"mkdf-single-image-holder   \">\n    <div class=\"mkdf-si-inner\" >\n                                    <img loading=\"lazy\" decoding=\"async\" width=\"1728\" height=\"1080\" src=\"https:\/\/normandybeachrace.com\/wp-content\/uploads\/2019\/08\/KAOU-2019-09-21-nbr-maclean.jpg\" class=\"attachment-full size-full\" alt=\"\" srcset=\"https:\/\/normandybeachrace.com\/wp-content\/uploads\/2019\/08\/KAOU-2019-09-21-nbr-maclean.jpg 1728w, https:\/\/normandybeachrace.com\/wp-content\/uploads\/2019\/08\/KAOU-2019-09-21-nbr-maclean-600x375.jpg 600w, https:\/\/normandybeachrace.com\/wp-content\/uploads\/2019\/08\/KAOU-2019-09-21-nbr-maclean-300x188.jpg 300w, https:\/\/normandybeachrace.com\/wp-content\/uploads\/2019\/08\/KAOU-2019-09-21-nbr-maclean-1024x640.jpg 1024w, https:\/\/normandybeachrace.com\/wp-content\/uploads\/2019\/08\/KAOU-2019-09-21-nbr-maclean-768x480.jpg 768w, https:\/\/normandybeachrace.com\/wp-content\/uploads\/2019\/08\/KAOU-2019-09-21-nbr-maclean-1536x960.jpg 1536w\" sizes=\"(max-width: 1728px) 100vw, 1728px\" \/>                        <\/div>\n<\/div>\t\t<\/div>\n\t\t\t<\/div>\n<\/div><div class=\"mkdf-eh-item     \" data-item-class=\"mkdf-eh-custom-9109\" data-1400-1600=\"0 0 0 10px\" data-1025-1399=\"0 0 0 10px\" data-769-1024=\"0 0 0 10px\" data-681-768=\"0 0 10px 0\" data-680=\"0 0 10px 0\">\n\t<div class=\"mkdf-eh-background-holder\" style=\"background-image: url()\" ><\/div>\n\t<div class=\"mkdf-eh-item-inner\">\n\t\t<div class=\"mkdf-eh-item-content mkdf-eh-custom-9109\" style=\"padding: 0 10px 0 10px\">\n\t\t\t[vc_column_text]<strong>By plane<\/strong>[\/vc_column_text][vc_column_text]<\/p>\n<ul>\n<li>Caen-Carpiquet Airport<br \/>\ndirect flights from Lyon, Nice, Toulouse, Marseille, and Corsica.<br \/>\n<a href=\"https:\/\/www.calvados-tourisme.com\/offre\/aeroport-de-caen-carpiquet\/\" target=\"_blank\" rel=\"noopener noreferrer\">(https:\/\/www.calvados-tourisme.com\/offre\/aeroport-de-caen-carpiquet\/)<\/a><\/li>\n<\/ul>\n<p><\/p>\n<ul>\n<li>Orly Airport and Paris Charles de Gaulle Airport <a href=\"https:\/\/www.parisaeroport.fr\" target=\"_blank\" rel=\"noopener noreferrer\">(https:\/\/www.parisaeroport.fr)<\/a><\/li>\n<\/ul>\n<p>&nbsp;[\/vc_column_text][vc_column_text]<strong>By boat<\/strong>[\/vc_column_text][vc_column_text]<\/p>\n<ul>\n<li>Caen-Ouistreham Harbour: Regular ferry\u2019s Caen-Portsmouth (England)<br \/>\n<a href=\"https:\/\/www.brittany-ferries.fr\" target=\"_blank\" rel=\"noopener noreferrer\">(https:\/\/www.brittany-ferries.fr)<\/a><\/li>\n<\/ul>\n<p>&nbsp;[\/vc_column_text]\t\t<\/div>\n\t\t\t<\/div>\n<\/div><\/div>[\/vc_column][\/vc_row][vc_row css=&#8221;.vc_custom_1588428209062{padding-bottom: 40px !important;}&#8221;][vc_column css_animation=&#8221;fadeInRight&#8221;][vc_empty_space]<div class=\"mkdf-section-title-holder  mkdf-st-top-tagline-position mkdf-st-center-position mkdf-st-bottom-image-position \" style=\"text-align: center\">\n\t<div class=\"mkdf-st-inner\">\n\t\t\t\t\t\t\t\t\t<h6 class=\"mkdf-st-title\" style=\"color: #06569e\">\n\t\t\t\tWHERE TO STAY\t\t\t<\/h6>\n\t\t\t\t\t\t\t\t\t\t\t\t\t<\/div>\n<\/div>[\/vc_column][\/vc_row][vc_row css=&#8221;.vc_custom_1588428209062{padding-bottom: 40px !important;}&#8221;][vc_column css_animation=&#8221;fadeInLeft&#8221;]<div class=\"mkdf-section-title-holder  mkdf-st-top-tagline-position mkdf-st-center-position mkdf-st-bottom-image-position \" style=\"text-align: center\">\n\t<div class=\"mkdf-st-inner\">\n\t\t\t\t\t\t\t\t\t<h2 class=\"mkdf-st-title\" style=\"color: #9a2920\">\n\t\t\t\tCAMPSITES :\t\t\t<\/h2>\n\t\t\t\t\t\t\t\t\t<p class=\"mkdf-st-text\" >\n\t\t\t\tCamping Riva Bella :\t\t\t<\/p>\n\t\t\t\t\t\t\t\t\t<\/div>\n<\/div><div class=\"mkdf-section-title-holder  mkdf-st-top-tagline-position mkdf-st-center-position mkdf-st-bottom-image-position \" style=\"text-align: center\">\n\t<div class=\"mkdf-st-inner\">\n\t\t\t\t\t\t\t\t\t\t\t\t\t\t\t\t\t\t\t<div class=\"mkdf-st-button\"><a itemprop=\"url\" href=\"https:\/\/vacances-seasonova.com\/fr\/camping\/riva-bella\/\" target=\"_blank\"  class=\"mkdf-btn mkdf-btn-medium mkdf-btn-outline mkdf-btn-custom-hover-bg mkdf-btn-custom-border-hover\" data-hover-bg-color=\"#9a2920\" data-hover-border-color=\"#9a2920\" >    <span class=\"mkdf-btn-text\">https:\/\/vacances-seasonova.com\/fr\/camping\/riva-bella\/<\/span>    <\/a><\/div>\n\t\t\t<\/div>\n<\/div><div class=\"mkdf-section-title-holder  mkdf-st-top-tagline-position mkdf-st-center-position mkdf-st-bottom-image-position \" style=\"text-align: center\">\n\t<div class=\"mkdf-st-inner\">\n\t\t\t\t\t\t\t\t\t\t\t\t\t<p class=\"mkdf-st-text\" >\n\t\t\t\tCamp site The Prairies of the Sea :\t\t\t<\/p>\n\t\t\t\t\t\t\t\t\t\t\t<div class=\"mkdf-st-button\"><a itemprop=\"url\" href=\"http:\/\/www.domaine-prairiesdelamer.com\" target=\"_blank\"  class=\"mkdf-btn mkdf-btn-medium mkdf-btn-outline mkdf-btn-custom-hover-bg mkdf-btn-custom-border-hover\" data-hover-bg-color=\"#9a2920\" data-hover-border-color=\"#9a2920\" >    <span class=\"mkdf-btn-text\">http:\/\/www.domaine-prairiesdelamer.com<\/span>    <\/a><\/div>\n\t\t\t<\/div>\n<\/div><div class=\"mkdf-section-title-holder  mkdf-st-top-tagline-position mkdf-st-center-position mkdf-st-bottom-image-position \" style=\"text-align: center\">\n\t<div class=\"mkdf-st-inner\">\n\t\t\t\t\t\t\t\t\t\t\t\t\t<p class=\"mkdf-st-text\" >\n\t\t\t\tCamp site FUN Hautes Coutures :\t\t\t<\/p>\n\t\t\t\t\t\t\t\t\t\t\t<div class=\"mkdf-st-button\"><a itemprop=\"url\" href=\"https:\/\/www.capfun.com\/camping-france-basse_normandie-hautes_coutures-FR.html\" target=\"_blank\"  class=\"mkdf-btn mkdf-btn-medium mkdf-btn-outline mkdf-btn-custom-hover-bg mkdf-btn-custom-border-hover\" data-hover-bg-color=\"#9a2920\" data-hover-border-color=\"#9a2920\" >    <span class=\"mkdf-btn-text\">https:\/\/www.capfun.com\/camping-france-basse_normandie-hautes_coutures-FR.html<\/span>    <\/a><\/div>\n\t\t\t<\/div>\n<\/div>[vc_empty_space]<div class=\"mkdf-section-title-holder  mkdf-st-top-tagline-position mkdf-st-center-position mkdf-st-bottom-image-position \" style=\"text-align: center\">\n\t<div class=\"mkdf-st-inner\">\n\t\t\t\t\t\t\t\t\t<h2 class=\"mkdf-st-title\" style=\"color: #9a2920\">\n\t\t\t\tOTHER TYPES OF ACCOMMODATION AND FOR MORE INFORMATION :\t\t\t<\/h2>\n\t\t\t\t\t\t\t\t\t<p class=\"mkdf-st-text\" >\n\t\t\t\tOuistreham Tourist Board\t\t\t<\/p>\n\t\t\t\t\t\t\t\t\t\t\t<div class=\"mkdf-st-button\"><a itemprop=\"url\" href=\"https:\/\/www.caenlamer-tourisme.fr\" target=\"_blank\"  class=\"mkdf-btn mkdf-btn-medium mkdf-btn-outline mkdf-btn-custom-hover-bg mkdf-btn-custom-border-hover\" data-hover-bg-color=\"#9a2920\" data-hover-border-color=\"#9a2920\" >    <span class=\"mkdf-btn-text\">https:\/\/www.caenlamer-tourisme.fr<\/span>    <\/a><\/div>\n\t\t\t<\/div>\n<\/div>[\/vc_column][\/vc_row][vc_row][vc_column][vc_empty_space]<div class=\"mkdf-elements-holder   mkdf-one-column  mkdf-responsive-mode-768 \" ><div class=\"mkdf-eh-item   mkdf-horizontal-alignment-center  \" data-item-class=\"mkdf-eh-custom-6632\">\n\t<div class=\"mkdf-eh-background-holder\"  ><\/div>\n\t<div class=\"mkdf-eh-item-inner\">\n\t\t<div class=\"mkdf-eh-item-content mkdf-eh-custom-6632\" >\n\t\t\t<div class=\"mkdf-section-title-holder  mkdf-st-top-tagline-position mkdf-st-center-position mkdf-st-bottom-image-position \" style=\"text-align: center\">\n\t<div class=\"mkdf-st-inner\">\n\t\t\t\t\t\t\t\t\t\t\t\t\t\t\t\t\t<span class=\"mkdf-st-image\" >\n\t\t\t\t<img loading=\"lazy\" decoding=\"async\" width=\"2000\" height=\"1334\" src=\"https:\/\/normandybeachrace.com\/wp-content\/uploads\/2019\/08\/camping-2019-scavone-14-1.jpg\" class=\"attachment-full size-full\" alt=\"\" srcset=\"https:\/\/normandybeachrace.com\/wp-content\/uploads\/2019\/08\/camping-2019-scavone-14-1.jpg 2000w, https:\/\/normandybeachrace.com\/wp-content\/uploads\/2019\/08\/camping-2019-scavone-14-1-600x400.jpg 600w, https:\/\/normandybeachrace.com\/wp-content\/uploads\/2019\/08\/camping-2019-scavone-14-1-300x200.jpg 300w, https:\/\/normandybeachrace.com\/wp-content\/uploads\/2019\/08\/camping-2019-scavone-14-1-1024x683.jpg 1024w, https:\/\/normandybeachrace.com\/wp-content\/uploads\/2019\/08\/camping-2019-scavone-14-1-768x512.jpg 768w, https:\/\/normandybeachrace.com\/wp-content\/uploads\/2019\/08\/camping-2019-scavone-14-1-1536x1025.jpg 1536w\" sizes=\"(max-width: 2000px) 100vw, 2000px\" \/>\t\t\t<\/span>\n\t\t\t\t\t<\/div>\n<\/div>\t\t<\/div>\n\t\t\t<\/div>\n<\/div><\/div>[\/vc_column][\/vc_row]<\/p>\n<\/div>","protected":false},"excerpt":{"rendered":"<p>[vc_row][vc_column][\/vc_column][\/vc_row][vc_row][vc_column css=&#8221;.vc_custom_1590860869593{padding-top: 12px !important;padding-bottom: 23px !important;}&#8221;][\/vc_column][\/vc_row][vc_row css=&#8221;.vc_custom_1588428209062{padding-bottom: 40px !important;}&#8221;][vc_column css_animation=&#8221;fadeInLeft&#8221;][vc_empty_space][\/vc_column][\/vc_row][vc_row equal_height=&#8221;yes&#8221;][vc_column][\/vc_column][\/vc_row][vc_row equal_height=&#8221;yes&#8221; el_class=&#8221;mkdf-reverse-order&#8221;][vc_column][\/vc_column][\/vc_row][vc_row css=&#8221;.vc_custom_1588428209062{padding-bottom: 40px !important;}&#8221;][vc_column css_animation=&#8221;fadeInRight&#8221;][vc_empty_space][\/vc_column][\/vc_row][vc_row css=&#8221;.vc_custom_1588428209062{padding-bottom: 40px !important;}&#8221;][vc_column css_animation=&#8221;fadeInLeft&#8221;][vc_empty_space][\/vc_column][\/vc_row][vc_row][vc_column][vc_empty_space][\/vc_column][\/vc_row]<\/p>\n","protected":false},"author":1,"featured_media":0,"parent":0,"menu_order":0,"comment_status":"closed","ping_status":"closed","template":"","meta":{"footnotes":""},"class_list":["post-4688","page","type-page","status-publish","hentry"],"_links":{"self":[{"href":"https:\/\/normandybeachrace.com\/en\/wp-json\/wp\/v2\/pages\/4688","targetHints":{"allow":["GET"]}}],"collection":[{"href":"https:\/\/normandybeachrace.com\/en\/wp-json\/wp\/v2\/pages"}],"about":[{"href":"https:\/\/normandybeachrace.com\/en\/wp-json\/wp\/v2\/types\/page"}],"author":[{"embeddable":true,"href":"https:\/\/normandybeachrace.com\/en\/wp-json\/wp\/v2\/users\/1"}],"replies":[{"embeddable":true,"href":"https:\/\/normandybeachrace.com\/en\/wp-json\/wp\/v2\/comments?post=4688"}],"version-history":[{"count":3,"href":"https:\/\/normandybeachrace.com\/en\/wp-json\/wp\/v2\/pages\/4688\/revisions"}],"predecessor-version":[{"id":9172,"href":"https:\/\/normandybeachrace.com\/en\/wp-json\/wp\/v2\/pages\/4688\/revisions\/9172"}],"wp:attachment":[{"href":"https:\/\/normandybeachrace.com\/en\/wp-json\/wp\/v2\/media?parent=4688"}],"curies":[{"name":"wp","href":"https:\/\/api.w.org\/{rel}","templated":true}]}}